{"id":146,"date":"2026-03-03T09:25:29","date_gmt":"2026-03-03T08:25:29","guid":{"rendered":"https:\/\/vds-automate.com\/?page_id=146"},"modified":"2026-03-19T19:34:21","modified_gmt":"2026-03-19T18:34:21","slug":"business-apps-digital-platforms","status":"publish","type":"page","link":"https:\/\/vds-automate.com\/cs\/business-apps-digital-platforms\/","title":{"rendered":"Obchodn\u00ed aplikace a digit\u00e1ln\u00ed platformy"},"content":{"rendered":"<div class=\"wp-block-group has-global-padding is-layout-constrained wp-block-group-is-layout-constrained\">\n<h2 class=\"wp-block-heading has-text-align-center has-secondary-color has-text-color has-link-color wp-elements-dfcfb438010bb02a507bb8e021590e1c\">Vlastn\u00ed obchodn\u00ed aplikace vytvo\u0159en\u00e9 pro va\u0161e operace<\/h2>\n\n\n\n<p class=\"has-text-align-center\">Navrhujeme podnikov\u00e9 aplikace na m\u00edru, kter\u00e9 centralizuj\u00ed operace, strukturuj\u00ed data a automatizuj\u00ed intern\u00ed procesy.<\/p>\n\n\n\n<p class=\"has-text-align-center\">Na\u0161e \u0159e\u0161en\u00ed jsou postavena na platform\u011b Microsoft Power Platform a Dataverse, co\u017e zaji\u0161\u0165uje \u0161k\u00e1lovatelnost, spr\u00e1vu a dlouhodobou flexibilitu.<\/p>\n\n\n\n<hr class=\"wp-block-separator has-alpha-channel-opacity\"\/>\n\n\n\n<p class=\"has-text-align-center\">Mnoho firem se p\u0159i \u0159\u00edzen\u00ed provozu spol\u00e9h\u00e1 na tabulky, e-mailov\u00e9 \u0159et\u011bzce a nepropojen\u00e9 n\u00e1stroje.<\/p>\n\n\n\n<p class=\"has-text-align-center\">Fragmentovan\u00e9 pracovn\u00ed postupy nahrazujeme strukturovan\u00fdmi obchodn\u00edmi aplikacemi navr\u017een\u00fdmi speci\u00e1ln\u011b pro va\u0161e skute\u010dn\u00e9 provozn\u00ed pot\u0159eby.<\/p>\n<\/div>\n\n\n\n<hr class=\"wp-block-separator has-alpha-channel-opacity is-style-wide\"\/>\n\n\n\n<div class=\"wp-block-group wow animate__animated animate__fadeInUp has-global-padding is-layout-constrained wp-block-group-is-layout-constrained\" style=\"margin-top:0;margin-bottom:0;padding-top:var(--wp--preset--spacing--50);padding-bottom:var(--wp--preset--spacing--50)\">\n<div class=\"wp-block-columns are-vertically-aligned-center is-layout-flex wp-container-core-columns-is-layout-7fc3d43a wp-block-columns-is-layout-flex\">\n<div class=\"wp-block-column is-vertically-aligned-center wow animate__animated animate__fadeInUp is-layout-flow wp-block-column-is-layout-flow\" style=\"flex-basis:45%\">\n<div class=\"wp-block-group has-global-padding is-layout-constrained wp-block-group-is-layout-constrained\" style=\"margin-top:0;margin-bottom:0;padding-top:0;padding-bottom:0\">\n<h2 class=\"wp-block-heading has-text-align-left has-secondary-color has-text-color has-link-color has-body-font-family wp-elements-d919236fe48d1f37425a75c9e53ce9ae\" style=\"margin-top:0;font-size:clamp(20px, 1.25rem + ((1vw - 3.2px) * 1.25), 32px);font-style:normal;font-weight:600;line-height:1.2\">Aplikace \u0159\u00edzen\u00e9 pl\u00e1tnem a modelem<\/h2>\n\n\n\n<p>Vyv\u00edj\u00edme zak\u00e1zkov\u00e9 aplikace s vyu\u017eit\u00edm Power Apps pro podporu provozn\u00edch, prodejn\u00edch a administrativn\u00edch proces\u016f.<\/p>\n\n\n\n<h4 class=\"wp-block-heading has-secondary-color has-text-color has-link-color wp-elements-8f64cca378afa0cdc3097ca66411f3d4\"><strong>Obchodn\u00ed hodnota:<\/strong><\/h4>\n\n\n\n<ul class=\"wp-block-list\">\n<li>Digitalizujte manu\u00e1ln\u00ed pracovn\u00ed postupy<\/li>\n\n\n\n<li>Centralizujte provozn\u00ed data<\/li>\n\n\n\n<li>Zlep\u0161it transparentnost a kontrolu<\/li>\n<\/ul>\n\n\n\n<p style=\"margin-top:10px;margin-bottom:0\"><strong>V\u00fdsledek:<\/strong>  Strukturovan\u00e9 aplika\u010dn\u00ed prost\u0159ed\u00ed p\u0159izp\u016fsoben\u00e9 va\u0161emu podnik\u00e1n\u00ed.<\/p>\n<\/div>\n<\/div>\n\n\n\n<div class=\"wp-block-column is-vertically-aligned-center wow animate__animated animate__fadeInUp is-layout-flow wp-block-column-is-layout-flow\">\n<figure class=\"wp-block-image size-large has-custom-border\"><img decoding=\"async\" width=\"1024\" height=\"585\" src=\"https:\/\/vds-automate.com\/wp-content\/uploads\/2026\/03\/coverApp-1024x585.jpg\" alt=\"business apps &amp; digital platform\" class=\"wp-image-189\" style=\"border-radius:8px\" srcset=\"https:\/\/vds-automate.com\/wp-content\/uploads\/2026\/03\/coverApp-1024x585.jpg 1024w, https:\/\/vds-automate.com\/wp-content\/uploads\/2026\/03\/coverApp-300x171.jpg 300w, https:\/\/vds-automate.com\/wp-content\/uploads\/2026\/03\/coverApp-768x439.jpg 768w, https:\/\/vds-automate.com\/wp-content\/uploads\/2026\/03\/coverApp-1536x878.jpg 1536w, https:\/\/vds-automate.com\/wp-content\/uploads\/2026\/03\/coverApp.jpg 1792w\" sizes=\"(max-width: 1024px) 100vw, 1024px\" \/><\/figure>\n<\/div>\n<\/div>\n<\/div>\n\n\n\n<hr class=\"wp-block-separator has-alpha-channel-opacity is-style-wide\"\/>\n\n\n\n<div class=\"wp-block-group wow animate__animated animate__fadeInUp has-global-padding is-layout-constrained wp-block-group-is-layout-constrained\" style=\"margin-top:0;margin-bottom:0;padding-top:var(--wp--preset--spacing--50);padding-bottom:var(--wp--preset--spacing--50)\">\n<div class=\"wp-block-columns are-vertically-aligned-center is-layout-flex wp-container-core-columns-is-layout-7fc3d43a wp-block-columns-is-layout-flex\">\n<div class=\"wp-block-column is-vertically-aligned-center wow animate__animated animate__fadeInUp is-layout-flow wp-block-column-is-layout-flow\">\n<figure class=\"wp-block-image size-large has-custom-border\"><img decoding=\"async\" width=\"1024\" height=\"576\" src=\"https:\/\/vds-automate.com\/wp-content\/uploads\/2026\/03\/dataverse-1024x576.png\" alt=\"dataverse\" class=\"wp-image-190\" style=\"border-radius:8px\" srcset=\"https:\/\/vds-automate.com\/wp-content\/uploads\/2026\/03\/dataverse-1024x576.png 1024w, https:\/\/vds-automate.com\/wp-content\/uploads\/2026\/03\/dataverse-300x169.png 300w, https:\/\/vds-automate.com\/wp-content\/uploads\/2026\/03\/dataverse-768x432.png 768w, https:\/\/vds-automate.com\/wp-content\/uploads\/2026\/03\/dataverse.png 1432w\" sizes=\"(max-width: 1024px) 100vw, 1024px\" \/><\/figure>\n<\/div>\n\n\n\n<div class=\"wp-block-column is-vertically-aligned-center wow animate__animated animate__fadeInUp is-layout-flow wp-block-column-is-layout-flow\" style=\"flex-basis:45%\">\n<div class=\"wp-block-group has-global-padding is-layout-constrained wp-block-group-is-layout-constrained\" style=\"margin-top:0;margin-bottom:0;padding-top:0;padding-bottom:0\">\n<h2 class=\"wp-block-heading has-text-align-left has-secondary-color has-text-color has-link-color has-body-font-family wp-elements-a80defa7ba7fba43cd67f169fbcc2bfd\" style=\"margin-top:0;font-size:clamp(20px, 1.25rem + ((1vw - 3.2px) * 1.25), 32px);font-style:normal;font-weight:600;line-height:1.2\">Modelov\u00e1n\u00ed datov\u00fdch univerz <\/h2>\n\n\n\n<p>Navrhujeme strukturovan\u00e9 datov\u00e9 modely, kter\u00e9 slou\u017e\u00ed jako z\u00e1klad pro \u0161k\u00e1lovateln\u00e9 obchodn\u00ed syst\u00e9my.<\/p>\n\n\n\n<h4 class=\"wp-block-heading has-secondary-color has-text-color has-link-color wp-elements-8f64cca378afa0cdc3097ca66411f3d4\"><strong>Obchodn\u00ed hodnota:<\/strong><\/h4>\n\n\n\n<ul class=\"wp-block-list\">\n<li>Nahra\u010fte roztrou\u0161en\u00e9 tabulky<\/li>\n\n\n\n<li>Vytvo\u0159te architekturu \u0159\u00edzen\u00fdch dat<\/li>\n\n\n\n<li>Povolit automatizaci a reporting<\/li>\n<\/ul>\n\n\n\n<p class=\"has-contrast-color has-text-color has-link-color wp-elements-d1b4f9a33cdddbe9c45c2aee62d63b47\" style=\"margin-top:10px;margin-bottom:0\"><strong>V\u00fdsledek:<\/strong>  \u010cist\u00e1 a organizovan\u00e1 datov\u00e1 p\u00e1te\u0159 p\u0159ipraven\u00e1 na r\u016fst.<\/p>\n<\/div>\n<\/div>\n<\/div>\n<\/div>\n\n\n\n<hr class=\"wp-block-separator has-alpha-channel-opacity is-style-wide\"\/>\n\n\n\n<div class=\"wp-block-group wow animate__animated animate__fadeInUp has-global-padding is-layout-constrained wp-block-group-is-layout-constrained\" style=\"margin-top:0;margin-bottom:0;padding-top:var(--wp--preset--spacing--50);padding-bottom:var(--wp--preset--spacing--50)\">\n<div class=\"wp-block-columns are-vertically-aligned-center is-layout-flex wp-container-core-columns-is-layout-7fc3d43a wp-block-columns-is-layout-flex\">\n<div class=\"wp-block-column is-vertically-aligned-center wow animate__animated animate__fadeInUp is-layout-flow wp-block-column-is-layout-flow\" style=\"flex-basis:45%\">\n<div class=\"wp-block-group has-global-padding is-layout-constrained wp-block-group-is-layout-constrained\" style=\"margin-top:0;margin-bottom:0;padding-top:0;padding-bottom:0\">\n<h2 class=\"wp-block-heading has-text-align-left has-secondary-color has-text-color has-link-color has-body-font-family wp-elements-0ac3a419a106a5f35b40786bc8721916\" style=\"margin-top:0;font-size:clamp(20px, 1.25rem + ((1vw - 3.2px) * 1.25), 32px);font-style:normal;font-weight:600;line-height:1.2\">Intern\u00ed provozn\u00ed aplikace <\/h2>\n\n\n\n<p>Vytv\u00e1\u0159\u00edme aplikace pro spr\u00e1vu \u00fakol\u016f, schvalov\u00e1n\u00ed, koordinaci projekt\u016f a intern\u00ed procesy.<\/p>\n\n\n\n<h4 class=\"wp-block-heading has-secondary-color has-text-color has-link-color wp-elements-8f64cca378afa0cdc3097ca66411f3d4\"><strong>Obchodn\u00ed hodnota:<\/strong><\/h4>\n\n\n\n<ul class=\"wp-block-list\">\n<li>Jasn\u00e9 vlastnictv\u00ed \u00fakolu<\/li>\n\n\n\n<li>Automatizovan\u00e9 schvalovac\u00ed \u0159et\u011bzce<\/li>\n\n\n\n<li>Zlep\u0161en\u00e1 odpov\u011bdnost<\/li>\n<\/ul>\n\n\n\n<p style=\"margin-top:10px;margin-bottom:0\"><strong>V\u00fdsledek:<\/strong>  Zjednodu\u0161en\u00e9 vnit\u0159n\u00ed operace se sn\u00ed\u017een\u00fdm t\u0159en\u00edm.<\/p>\n<\/div>\n<\/div>\n\n\n\n<div class=\"wp-block-column is-vertically-aligned-center wow animate__animated animate__fadeInUp is-layout-flow wp-block-column-is-layout-flow\">\n<figure class=\"wp-block-image size-large has-custom-border\"><img decoding=\"async\" width=\"1024\" height=\"525\" src=\"https:\/\/vds-automate.com\/wp-content\/uploads\/2026\/03\/apps-1024x525.png\" alt=\"internal systems\" class=\"wp-image-191\" style=\"border-radius:8px\" srcset=\"https:\/\/vds-automate.com\/wp-content\/uploads\/2026\/03\/apps-1024x525.png 1024w, https:\/\/vds-automate.com\/wp-content\/uploads\/2026\/03\/apps-300x154.png 300w, https:\/\/vds-automate.com\/wp-content\/uploads\/2026\/03\/apps-768x394.png 768w, https:\/\/vds-automate.com\/wp-content\/uploads\/2026\/03\/apps.png 1358w\" sizes=\"(max-width: 1024px) 100vw, 1024px\" \/><\/figure>\n<\/div>\n<\/div>\n<\/div>\n\n\n\n<hr class=\"wp-block-separator has-alpha-channel-opacity is-style-wide\"\/>\n\n\n\n<div class=\"wp-block-group wow animate__animated animate__fadeInUp has-global-padding is-layout-constrained wp-block-group-is-layout-constrained\" style=\"margin-top:0;margin-bottom:0;padding-top:var(--wp--preset--spacing--50);padding-bottom:var(--wp--preset--spacing--50)\">\n<div class=\"wp-block-columns are-vertically-aligned-center is-layout-flex wp-container-core-columns-is-layout-7fc3d43a wp-block-columns-is-layout-flex\">\n<div class=\"wp-block-column is-vertically-aligned-center wow animate__animated animate__fadeInUp is-layout-flow wp-block-column-is-layout-flow\">\n<figure class=\"wp-block-image size-full has-custom-border\"><img decoding=\"async\" width=\"980\" height=\"549\" src=\"https:\/\/vds-automate.com\/wp-content\/uploads\/2026\/03\/microsoft-ems-1.jpg\" alt=\"data protection\" class=\"wp-image-194\" style=\"border-radius:8px\" srcset=\"https:\/\/vds-automate.com\/wp-content\/uploads\/2026\/03\/microsoft-ems-1.jpg 980w, https:\/\/vds-automate.com\/wp-content\/uploads\/2026\/03\/microsoft-ems-1-300x168.jpg 300w, https:\/\/vds-automate.com\/wp-content\/uploads\/2026\/03\/microsoft-ems-1-768x430.jpg 768w\" sizes=\"(max-width: 980px) 100vw, 980px\" \/><\/figure>\n<\/div>\n\n\n\n<div class=\"wp-block-column is-vertically-aligned-center wow animate__animated animate__fadeInUp is-layout-flow wp-block-column-is-layout-flow\" style=\"flex-basis:45%\">\n<div class=\"wp-block-group has-global-padding is-layout-constrained wp-block-group-is-layout-constrained\" style=\"margin-top:0;margin-bottom:0;padding-top:0;padding-bottom:0\">\n<h2 class=\"wp-block-heading has-text-align-left has-secondary-color has-text-color has-link-color has-body-font-family wp-elements-73b8ee1fdc74588f36128df1465095cf\" style=\"margin-top:0;font-size:clamp(20px, 1.25rem + ((1vw - 3.2px) * 1.25), 32px);font-style:normal;font-weight:600;line-height:1.2\">P\u0159\u00edstup a spr\u00e1va zalo\u017een\u00e1 na rol\u00edch<\/h2>\n\n\n\n<p>Zav\u00e1d\u00edme strukturovan\u00e9 \u0159\u00edzen\u00ed p\u0159\u00edstupu, abychom zajistili bezpe\u010dn\u00e9 a kompatibiln\u00ed pou\u017e\u00edv\u00e1n\u00ed syst\u00e9mu.<\/p>\n\n\n\n<h4 class=\"wp-block-heading has-secondary-color has-text-color has-link-color wp-elements-8f64cca378afa0cdc3097ca66411f3d4\"><strong>Obchodn\u00ed hodnota:<\/strong><\/h4>\n\n\n\n<ul class=\"wp-block-list\">\n<li>Ochrana osobn\u00edch \u00fadaj\u016f<\/li>\n\n\n\n<li>\u0158\u00edzen\u00e1 opr\u00e1vn\u011bn\u00ed<\/li>\n\n\n\n<li>Sn\u00ed\u017een\u00e9 provozn\u00ed riziko<\/li>\n<\/ul>\n\n\n\n<p style=\"margin-top:10px;margin-bottom:0\"><strong>V\u00fdsledek:<\/strong> Bezpe\u010dn\u00e9 digit\u00e1ln\u00ed prost\u0159ed\u00ed v souladu se standardy spr\u00e1vy a \u0159\u00edzen\u00ed.<\/p>\n<\/div>\n<\/div>\n<\/div>\n<\/div>\n\n\n\n<hr class=\"wp-block-separator has-alpha-channel-opacity is-style-wide\"\/>\n\n\n\n<div class=\"wp-block-group wow animate__animated animate__fadeInUp has-global-padding is-layout-constrained wp-block-group-is-layout-constrained\" style=\"margin-top:0;margin-bottom:0;padding-top:var(--wp--preset--spacing--50);padding-bottom:var(--wp--preset--spacing--50)\">\n<div class=\"wp-block-columns are-vertically-aligned-center is-layout-flex wp-container-core-columns-is-layout-7fc3d43a wp-block-columns-is-layout-flex\">\n<div class=\"wp-block-column is-vertically-aligned-center wow animate__animated animate__fadeInUp is-layout-flow wp-block-column-is-layout-flow\" style=\"flex-basis:45%\">\n<div class=\"wp-block-group has-global-padding is-layout-constrained wp-block-group-is-layout-constrained\" style=\"margin-top:0;margin-bottom:0;padding-top:0;padding-bottom:0\">\n<h2 class=\"wp-block-heading has-text-align-left has-secondary-color has-text-color has-link-color has-body-font-family wp-elements-dbc2033a09a49d02681909348a8c136b\" style=\"margin-top:0;font-size:clamp(20px, 1.25rem + ((1vw - 3.2px) * 1.25), 32px);font-style:normal;font-weight:600;line-height:1.2\">Aplikace integrovan\u00e9 s pracovn\u00edmi postupy<\/h2>\n\n\n\n<p>Integrujeme obchodn\u00ed aplikace s automatizovan\u00fdmi postupy, abychom eliminovali opakuj\u00edc\u00ed se manu\u00e1ln\u00ed pr\u00e1ci.<\/p>\n\n\n\n<h4 class=\"wp-block-heading has-secondary-color has-text-color has-link-color wp-elements-8f64cca378afa0cdc3097ca66411f3d4\"><strong>Obchodn\u00ed hodnota:<\/strong><\/h4>\n\n\n\n<ul class=\"wp-block-list\">\n<li>Automatick\u00e1 ozn\u00e1men\u00ed<\/li>\n\n\n\n<li>Aktualizace dat bez ru\u010dn\u00edho zad\u00e1v\u00e1n\u00ed<\/li>\n\n\n\n<li>Synchronizace nap\u0159\u00ed\u010d syst\u00e9my<\/li>\n<\/ul>\n\n\n\n<p style=\"margin-top:10px;margin-bottom:0\"><strong>V\u00fdsledek:<\/strong> Inteligentn\u00ed pracovn\u00ed postupy integrovan\u00e9 p\u0159\u00edmo do va\u0161ich aplikac\u00ed.<\/p>\n<\/div>\n<\/div>\n\n\n\n<div class=\"wp-block-column is-vertically-aligned-center wow animate__animated animate__fadeInUp is-layout-flow wp-block-column-is-layout-flow\">\n<figure class=\"wp-block-image size-full has-custom-border\"><img decoding=\"async\" width=\"800\" height=\"420\" src=\"https:\/\/vds-automate.com\/wp-content\/uploads\/2026\/03\/data-mapping.jpg\" alt=\"workflow\" class=\"wp-image-348\" style=\"border-radius:8px\" srcset=\"https:\/\/vds-automate.com\/wp-content\/uploads\/2026\/03\/data-mapping.jpg 800w, https:\/\/vds-automate.com\/wp-content\/uploads\/2026\/03\/data-mapping-300x158.jpg 300w, https:\/\/vds-automate.com\/wp-content\/uploads\/2026\/03\/data-mapping-768x403.jpg 768w\" sizes=\"(max-width: 800px) 100vw, 800px\" \/><\/figure>\n<\/div>\n<\/div>\n<\/div>\n\n\n\n<hr class=\"wp-block-separator has-alpha-channel-opacity is-style-wide\"\/>\n\n\n\n<div class=\"wp-block-group wow animate__animated animate__fadeInUp has-global-padding is-layout-constrained wp-block-group-is-layout-constrained\" style=\"margin-top:0;margin-bottom:0;padding-top:var(--wp--preset--spacing--50);padding-bottom:var(--wp--preset--spacing--50)\">\n<div class=\"wp-block-columns are-vertically-aligned-center is-layout-flex wp-container-core-columns-is-layout-7fc3d43a wp-block-columns-is-layout-flex\">\n<div class=\"wp-block-column is-vertically-aligned-center wow animate__animated animate__fadeInUp is-layout-flow wp-block-column-is-layout-flow\">\n<figure class=\"wp-block-image size-full has-custom-border\"><img decoding=\"async\" width=\"1498\" height=\"1010\" src=\"https:\/\/vds-automate.com\/wp-content\/uploads\/2026\/03\/analytics.jpg\" alt=\"scalable business platforms\" class=\"wp-image-346\" style=\"border-radius:8px\" srcset=\"https:\/\/vds-automate.com\/wp-content\/uploads\/2026\/03\/analytics.jpg 1498w, https:\/\/vds-automate.com\/wp-content\/uploads\/2026\/03\/analytics-300x202.jpg 300w, https:\/\/vds-automate.com\/wp-content\/uploads\/2026\/03\/analytics-1024x690.jpg 1024w, https:\/\/vds-automate.com\/wp-content\/uploads\/2026\/03\/analytics-768x518.jpg 768w\" sizes=\"(max-width: 1498px) 100vw, 1498px\" \/><\/figure>\n<\/div>\n\n\n\n<div class=\"wp-block-column is-vertically-aligned-center wow animate__animated animate__fadeInUp is-layout-flow wp-block-column-is-layout-flow\" style=\"flex-basis:45%\">\n<div class=\"wp-block-group has-global-padding is-layout-constrained wp-block-group-is-layout-constrained\" style=\"margin-top:0;margin-bottom:0;padding-top:0;padding-bottom:0\">\n<h2 class=\"wp-block-heading has-text-align-left has-secondary-color has-text-color has-link-color has-body-font-family wp-elements-7dfb4c0a9ffca2dd51094381bd63e283\" style=\"margin-top:0;font-size:clamp(20px, 1.25rem + ((1vw - 3.2px) * 1.25), 32px);font-style:normal;font-weight:600;line-height:1.2\">\u0160k\u00e1lovateln\u00e9 obchodn\u00ed platformy<\/h2>\n\n\n\n<p>Aplikace navrhujeme s ohledem na dlouhodobou \u0161k\u00e1lovatelnost.<\/p>\n\n\n\n<h4 class=\"wp-block-heading has-secondary-color has-text-color has-link-color wp-elements-8f64cca378afa0cdc3097ca66411f3d4\"><strong>Obchodn\u00ed hodnota:<\/strong><\/h4>\n\n\n\n<ul class=\"wp-block-list\">\n<li>Snadn\u00e9 roz\u0161\u00ed\u0159en\u00ed<\/li>\n\n\n\n<li>Modul\u00e1rn\u00ed architektura<\/li>\n\n\n\n<li>P\u0159ipravenost na budouc\u00ed integraci<\/li>\n<\/ul>\n\n\n\n<p style=\"margin-top:10px;margin-bottom:0\"><strong>V\u00fdsledek:<\/strong> Digit\u00e1ln\u00ed platforma, kter\u00e1 se vyv\u00edj\u00ed s va\u0161\u00edm podnik\u00e1n\u00edm.<\/p>\n<\/div>\n<\/div>\n<\/div>\n<\/div>\n\n\n\n<hr class=\"wp-block-separator has-alpha-channel-opacity is-style-wide\" style=\"margin-top:0;margin-bottom:0\"\/>\n\n\n\n<div class=\"wp-block-cover\"><img decoding=\"async\" width=\"948\" height=\"1024\" class=\"wp-block-cover__image-background wp-image-306 size-large\" alt=\"\" src=\"https:\/\/vds-automate.com\/wp-content\/uploads\/2026\/03\/DarkBG-948x1024.jpg\" data-object-fit=\"cover\" srcset=\"https:\/\/vds-automate.com\/wp-content\/uploads\/2026\/03\/DarkBG-948x1024.jpg 948w, https:\/\/vds-automate.com\/wp-content\/uploads\/2026\/03\/DarkBG-278x300.jpg 278w, https:\/\/vds-automate.com\/wp-content\/uploads\/2026\/03\/DarkBG-768x829.jpg 768w, https:\/\/vds-automate.com\/wp-content\/uploads\/2026\/03\/DarkBG-1422x1536.jpg 1422w, https:\/\/vds-automate.com\/wp-content\/uploads\/2026\/03\/DarkBG-1896x2048.jpg 1896w, https:\/\/vds-automate.com\/wp-content\/uploads\/2026\/03\/DarkBG.jpg 2000w\" sizes=\"(max-width: 948px) 100vw, 948px\" \/><span aria-hidden=\"true\" class=\"wp-block-cover__background has-background-dim\" style=\"background-color:#01182a\"><\/span><div class=\"wp-block-cover__inner-container has-global-padding is-layout-constrained wp-block-cover-is-layout-constrained\">\n<div class=\"wp-block-group wow animate__animated animate__fadeInUp has-global-padding is-layout-constrained wp-block-group-is-layout-constrained\" style=\"margin-top:0;margin-bottom:0;padding-top:var(--wp--preset--spacing--30);padding-bottom:var(--wp--preset--spacing--30)\">\n<h2 class=\"wp-block-heading has-text-align-center has-base-color has-text-color has-link-color wp-elements-f0a97e8bd7128384eab5bd6b3d31da24\">Obchodn\u00ed aplikace nen\u00ed jen n\u00e1stroj.<\/h2>\n\n\n\n<p class=\"has-text-align-center has-base-color has-text-color has-link-color wp-elements-8ef3e65bea284b59653025d41f7d9862\">Obchodn\u00ed aplikace nen\u00ed jen n\u00e1stroj. Je to strukturovan\u00e9 digit\u00e1ln\u00ed prost\u0159ed\u00ed, kter\u00e9 podporuje provozn\u00ed p\u0159ehlednost a udr\u017eiteln\u00fd r\u016fst.<\/p>\n\n\n\n<div style=\"height:20px\" aria-hidden=\"true\" class=\"wp-block-spacer\"><\/div>\n\n\n\n<hr class=\"wp-block-separator has-text-color has-base-color has-alpha-channel-opacity has-base-background-color has-background is-style-default\" style=\"margin-top:0;margin-bottom:0\"\/>\n\n\n\n<div style=\"height:20px\" aria-hidden=\"true\" class=\"wp-block-spacer\"><\/div>\n\n\n\n<div class=\"wp-block-buttons is-content-justification-center is-layout-flex wp-container-core-buttons-is-layout-a89b3969 wp-block-buttons-is-layout-flex\">\n<div class=\"wp-block-button\"><a class=\"wp-block-button__link wp-element-button\" href=\"https:\/\/vds-automate.com\/cs\/contact-us\/\">Kontaktujte n\u00e1s hned!<\/a><\/div>\n<\/div>\n<\/div>\n<\/div><\/div>\n\n\n\n<div class=\"wp-block-group has-global-padding is-layout-constrained wp-block-group-is-layout-constrained\">\n<div class=\"wp-block-group is-nowrap is-layout-flex wp-container-core-group-is-layout-877c468d wp-block-group-is-layout-flex\">\n<figure class=\"wp-block-image size-full\"><img decoding=\"async\" width=\"663\" height=\"659\" src=\"https:\/\/vds-automate.com\/wp-content\/uploads\/2026\/03\/logoJet-6.png\" alt=\"\" class=\"wp-image-197\" srcset=\"https:\/\/vds-automate.com\/wp-content\/uploads\/2026\/03\/logoJet-6.png 663w, https:\/\/vds-automate.com\/wp-content\/uploads\/2026\/03\/logoJet-6-300x298.png 300w, https:\/\/vds-automate.com\/wp-content\/uploads\/2026\/03\/logoJet-6-150x150.png 150w\" sizes=\"(max-width: 663px) 100vw, 663px\" \/><\/figure>\n\n\n\n<figure class=\"wp-block-image size-full\"><img decoding=\"async\" width=\"663\" height=\"659\" src=\"https:\/\/vds-automate.com\/wp-content\/uploads\/2026\/03\/logoJet-7.png\" alt=\"\" class=\"wp-image-198\" srcset=\"https:\/\/vds-automate.com\/wp-content\/uploads\/2026\/03\/logoJet-7.png 663w, https:\/\/vds-automate.com\/wp-content\/uploads\/2026\/03\/logoJet-7-300x298.png 300w, https:\/\/vds-automate.com\/wp-content\/uploads\/2026\/03\/logoJet-7-150x150.png 150w\" sizes=\"(max-width: 663px) 100vw, 663px\" \/><\/figure>\n\n\n\n<figure class=\"wp-block-image size-full\"><img decoding=\"async\" width=\"663\" height=\"659\" src=\"https:\/\/vds-automate.com\/wp-content\/uploads\/2026\/03\/logoJet-8.png\" alt=\"\" class=\"wp-image-199\" srcset=\"https:\/\/vds-automate.com\/wp-content\/uploads\/2026\/03\/logoJet-8.png 663w, https:\/\/vds-automate.com\/wp-content\/uploads\/2026\/03\/logoJet-8-300x298.png 300w, https:\/\/vds-automate.com\/wp-content\/uploads\/2026\/03\/logoJet-8-150x150.png 150w\" sizes=\"(max-width: 663px) 100vw, 663px\" \/><\/figure>\n\n\n\n<figure class=\"wp-block-image size-full\"><img decoding=\"async\" width=\"663\" height=\"659\" src=\"https:\/\/vds-automate.com\/wp-content\/uploads\/2026\/03\/logoJet-9.png\" alt=\"\" class=\"wp-image-200\" srcset=\"https:\/\/vds-automate.com\/wp-content\/uploads\/2026\/03\/logoJet-9.png 663w, https:\/\/vds-automate.com\/wp-content\/uploads\/2026\/03\/logoJet-9-300x298.png 300w, https:\/\/vds-automate.com\/wp-content\/uploads\/2026\/03\/logoJet-9-150x150.png 150w\" sizes=\"(max-width: 663px) 100vw, 663px\" \/><\/figure>\n\n\n\n<figure class=\"wp-block-image size-full\"><img decoding=\"async\" width=\"663\" height=\"659\" src=\"https:\/\/vds-automate.com\/wp-content\/uploads\/2026\/03\/logoJet-10.png\" alt=\"\" class=\"wp-image-201\" srcset=\"https:\/\/vds-automate.com\/wp-content\/uploads\/2026\/03\/logoJet-10.png 663w, https:\/\/vds-automate.com\/wp-content\/uploads\/2026\/03\/logoJet-10-300x298.png 300w, https:\/\/vds-automate.com\/wp-content\/uploads\/2026\/03\/logoJet-10-150x150.png 150w\" sizes=\"(max-width: 663px) 100vw, 663px\" \/><\/figure>\n\n\n\n<figure class=\"wp-block-image size-full\"><img decoding=\"async\" width=\"663\" height=\"659\" src=\"https:\/\/vds-automate.com\/wp-content\/uploads\/2026\/03\/logoJet-11.png\" alt=\"\" class=\"wp-image-202\" srcset=\"https:\/\/vds-automate.com\/wp-content\/uploads\/2026\/03\/logoJet-11.png 663w, https:\/\/vds-automate.com\/wp-content\/uploads\/2026\/03\/logoJet-11-300x298.png 300w, https:\/\/vds-automate.com\/wp-content\/uploads\/2026\/03\/logoJet-11-150x150.png 150w\" sizes=\"(max-width: 663px) 100vw, 663px\" \/><\/figure>\n<\/div>\n<\/div>","protected":false},"excerpt":{"rendered":"<p>Custom Business Applications Built Around Your Operations We design tailored business applications that centralize operations, structure data, and automate internal processes. Our solutions are built using Microsoft Power Platform and Dataverse, ensuring scalability, governance, and long-term flexibility Many businesses rely on spreadsheets, email chains, and disconnected tools to manage operations. We replace fragmented workflows with [&hellip;]<\/p>\n","protected":false},"author":1,"featured_media":0,"parent":0,"menu_order":0,"comment_status":"closed","ping_status":"closed","template":"","meta":{"footnotes":""},"class_list":["post-146","page","type-page","status-publish","hentry"],"_hostinger_reach_plugin_has_subscription_block":false,"_hostinger_reach_plugin_is_elementor":false,"_links":{"self":[{"href":"https:\/\/vds-automate.com\/cs\/wp-json\/wp\/v2\/pages\/146","targetHints":{"allow":["GET"]}}],"collection":[{"href":"https:\/\/vds-automate.com\/cs\/wp-json\/wp\/v2\/pages"}],"about":[{"href":"https:\/\/vds-automate.com\/cs\/wp-json\/wp\/v2\/types\/page"}],"author":[{"embeddable":true,"href":"https:\/\/vds-automate.com\/cs\/wp-json\/wp\/v2\/users\/1"}],"replies":[{"embeddable":true,"href":"https:\/\/vds-automate.com\/cs\/wp-json\/wp\/v2\/comments?post=146"}],"version-history":[{"count":14,"href":"https:\/\/vds-automate.com\/cs\/wp-json\/wp\/v2\/pages\/146\/revisions"}],"predecessor-version":[{"id":385,"href":"https:\/\/vds-automate.com\/cs\/wp-json\/wp\/v2\/pages\/146\/revisions\/385"}],"wp:attachment":[{"href":"https:\/\/vds-automate.com\/cs\/wp-json\/wp\/v2\/media?parent=146"}],"curies":[{"name":"wp","href":"https:\/\/api.w.org\/{rel}","templated":true}]}}