{"id":149,"date":"2026-03-03T09:34:00","date_gmt":"2026-03-03T08:34:00","guid":{"rendered":"https:\/\/vds-automate.com\/?page_id=149"},"modified":"2026-03-19T20:00:09","modified_gmt":"2026-03-19T19:00:09","slug":"info-document-management","status":"publish","type":"page","link":"https:\/\/vds-automate.com\/cs\/info-document-management\/","title":{"rendered":"Spr\u00e1va informac\u00ed a dokument\u016f"},"content":{"rendered":"<div class=\"wp-block-group has-global-padding is-layout-constrained wp-block-group-is-layout-constrained\">\n<h2 class=\"wp-block-heading has-text-align-center has-secondary-color has-text-color has-link-color wp-elements-60a6321a1ccffc4c566704f17a36f66d\">Strukturovan\u00e9 informace. \u0158\u00edzen\u00e9 znalosti.<\/h2>\n\n\n\n<p class=\"has-text-align-center\">Navrhujeme digit\u00e1ln\u00ed prost\u0159ed\u00ed, kde jsou dokumenty, data a obchodn\u00ed znalosti organizovan\u00e9, prohled\u00e1vateln\u00e9 a bezpe\u010dn\u011b spravovan\u00e9.<\/p>\n\n\n\n<p class=\"has-text-align-center\">Na\u0161e \u0159e\u0161en\u00ed pom\u00e1haj\u00ed firm\u00e1m p\u0159ej\u00edt od rozpt\u00fdlen\u00fdch soubor\u016f a nesouvisej\u00edc\u00edch informac\u00ed ke strukturovan\u00fdm a p\u0159\u00edstupn\u00fdm digit\u00e1ln\u00edm pracovn\u00edm prostor\u016fm.<\/p>\n\n\n\n<hr class=\"wp-block-separator has-alpha-channel-opacity\"\/>\n\n\n\n<p class=\"has-text-align-center\">Mnoho organizac\u00ed ztr\u00e1c\u00ed \u010das vyhled\u00e1v\u00e1n\u00edm informac\u00ed, spr\u00e1vou verz\u00ed dokument\u016f a veden\u00edm manu\u00e1ln\u00edch z\u00e1znam\u016f.<\/p>\n\n\n\n<p class=\"has-text-align-center\">Implementujeme strukturovan\u00e9 syst\u00e9my pro spr\u00e1vu dokument\u016f a organizaci dat, kter\u00e9 zjednodu\u0161uj\u00ed p\u0159\u00edstup k informac\u00edm a z\u00e1rove\u0148 zachov\u00e1vaj\u00ed bezpe\u010dnost a \u0159\u00edzen\u00ed. <\/p>\n<\/div>\n\n\n\n<hr class=\"wp-block-separator has-alpha-channel-opacity is-style-wide\"\/>\n\n\n\n<div class=\"wp-block-group wow animate__animated animate__fadeInUp has-global-padding is-layout-constrained wp-block-group-is-layout-constrained\" style=\"margin-top:0;margin-bottom:0;padding-top:var(--wp--preset--spacing--50);padding-bottom:var(--wp--preset--spacing--50)\">\n<div class=\"wp-block-columns are-vertically-aligned-center is-layout-flex wp-container-core-columns-is-layout-7fc3d43a wp-block-columns-is-layout-flex\">\n<div class=\"wp-block-column is-vertically-aligned-center wow animate__animated animate__fadeInUp is-layout-flow wp-block-column-is-layout-flow\" style=\"flex-basis:45%\">\n<div class=\"wp-block-group has-global-padding is-layout-constrained wp-block-group-is-layout-constrained\" style=\"margin-top:0;margin-bottom:0;padding-top:0;padding-bottom:0\">\n<h2 class=\"wp-block-heading has-text-align-left has-secondary-color has-text-color has-link-color has-body-font-family wp-elements-a6151bdb3ac23b378f309ac593006d00\" style=\"margin-top:0;font-size:clamp(20px, 1.25rem + ((1vw - 3.2px) * 1.25), 32px);font-style:normal;font-weight:600;line-height:1.2\">Automatizace dokument\u016f<\/h2>\n\n\n\n<p>Automatizujeme tvorbu dokument\u016f, schvalov\u00e1n\u00ed a spr\u00e1vu jejich \u017eivotn\u00edho cyklu.<\/p>\n\n\n\n<h4 class=\"wp-block-heading has-secondary-color has-text-color has-link-color wp-elements-824681657049652a6633d509347077e0\">Obchodn\u00ed hodnota:<\/h4>\n\n\n\n<ul class=\"wp-block-list\">\n<li>Omezte ru\u010dn\u00ed manipulaci s dokumenty<\/li>\n\n\n\n<li>Zajist\u011bte standardizovan\u00e9 struktury dokument\u016f<\/li>\n\n\n\n<li>Zrychlete intern\u00ed procesy<\/li>\n<\/ul>\n\n\n\n<p style=\"margin-top:10px;margin-bottom:0\"><strong>V\u00fdsledek:<\/strong> Rychlej\u0161\u00ed pracovn\u00ed postupy pro dokumenty s men\u0161\u00edm po\u010dtem chyb.<\/p>\n<\/div>\n<\/div>\n\n\n\n<div class=\"wp-block-column is-vertically-aligned-center wow animate__animated animate__fadeInUp is-layout-flow wp-block-column-is-layout-flow\">\n<figure class=\"wp-block-image size-full has-custom-border\"><img decoding=\"async\" width=\"509\" height=\"339\" src=\"https:\/\/vds-automate.com\/wp-content\/uploads\/2026\/03\/approval-Doc.jpg\" alt=\"document automation\" class=\"wp-image-206\" style=\"border-radius:8px\" srcset=\"https:\/\/vds-automate.com\/wp-content\/uploads\/2026\/03\/approval-Doc.jpg 509w, https:\/\/vds-automate.com\/wp-content\/uploads\/2026\/03\/approval-Doc-300x200.jpg 300w\" sizes=\"(max-width: 509px) 100vw, 509px\" \/><\/figure>\n<\/div>\n<\/div>\n<\/div>\n\n\n\n<hr class=\"wp-block-separator has-alpha-channel-opacity is-style-wide\"\/>\n\n\n\n<div class=\"wp-block-group wow animate__animated animate__fadeInUp has-global-padding is-layout-constrained wp-block-group-is-layout-constrained\" style=\"margin-top:0;margin-bottom:0;padding-top:var(--wp--preset--spacing--50);padding-bottom:var(--wp--preset--spacing--50)\">\n<div class=\"wp-block-columns are-vertically-aligned-center is-layout-flex wp-container-core-columns-is-layout-7fc3d43a wp-block-columns-is-layout-flex\">\n<div class=\"wp-block-column is-vertically-aligned-center wow animate__animated animate__fadeInUp is-layout-flow wp-block-column-is-layout-flow\">\n<figure class=\"wp-block-image size-full has-custom-border\"><img decoding=\"async\" width=\"639\" height=\"360\" src=\"https:\/\/vds-automate.com\/wp-content\/uploads\/2026\/03\/automation.jpg\" alt=\"document management\" class=\"wp-image-210\" style=\"border-radius:8px\" srcset=\"https:\/\/vds-automate.com\/wp-content\/uploads\/2026\/03\/automation.jpg 639w, https:\/\/vds-automate.com\/wp-content\/uploads\/2026\/03\/automation-300x169.jpg 300w\" sizes=\"(max-width: 639px) 100vw, 639px\" \/><\/figure>\n<\/div>\n\n\n\n<div class=\"wp-block-column is-vertically-aligned-center wow animate__animated animate__fadeInUp is-layout-flow wp-block-column-is-layout-flow\" style=\"flex-basis:45%\">\n<div class=\"wp-block-group has-global-padding is-layout-constrained wp-block-group-is-layout-constrained\" style=\"margin-top:0;margin-bottom:0;padding-top:0;padding-bottom:0\">\n<h2 class=\"wp-block-heading has-text-align-left has-secondary-color has-text-color has-link-color has-body-font-family wp-elements-10b9b579fac5bb57ed7ff23377ac4b3c\" style=\"margin-top:0;font-size:clamp(20px, 1.25rem + ((1vw - 3.2px) * 1.25), 32px);font-style:normal;font-weight:600;line-height:1.2\">Syst\u00e9my pro spr\u00e1vu dokument\u016f<\/h2>\n\n\n\n<p>Implementujeme strukturovan\u00e9 syst\u00e9my pro ukl\u00e1d\u00e1n\u00ed a organizaci dokument\u016f.<\/p>\n\n\n\n<h4 class=\"wp-block-heading has-secondary-color has-text-color has-link-color wp-elements-824681657049652a6633d509347077e0\">Obchodn\u00ed hodnota:<\/h4>\n\n\n\n<ul class=\"wp-block-list\">\n<li>Centralizovan\u00e1 \u00falo\u017ei\u0161t\u011b dokument\u016f<\/li>\n\n\n\n<li>Spr\u00e1va verz\u00ed a sledov\u00e1n\u00ed auditu<\/li>\n\n\n\n<li>Vylep\u0161en\u00e1 p\u0159\u00edstupnost dokument\u016f<\/li>\n<\/ul>\n\n\n\n<p style=\"margin-top:10px;margin-bottom:0\"><strong>V\u00fdsledek:<\/strong> Bezpe\u010dn\u00e9 a organizovan\u00e9 prost\u0159ed\u00ed pro dokumenty.<\/p>\n<\/div>\n<\/div>\n<\/div>\n<\/div>\n\n\n\n<hr class=\"wp-block-separator has-alpha-channel-opacity is-style-wide\"\/>\n\n\n\n<div class=\"wp-block-group wow animate__animated animate__fadeInUp has-global-padding is-layout-constrained wp-block-group-is-layout-constrained\" style=\"margin-top:0;margin-bottom:0;padding-top:var(--wp--preset--spacing--50);padding-bottom:var(--wp--preset--spacing--50)\">\n<div class=\"wp-block-columns are-vertically-aligned-center is-layout-flex wp-container-core-columns-is-layout-7fc3d43a wp-block-columns-is-layout-flex\">\n<div class=\"wp-block-column is-vertically-aligned-center wow animate__animated animate__fadeInUp is-layout-flow wp-block-column-is-layout-flow\" style=\"flex-basis:45%\">\n<div class=\"wp-block-group has-global-padding is-layout-constrained wp-block-group-is-layout-constrained\" style=\"margin-top:0;margin-bottom:0;padding-top:0;padding-bottom:0\">\n<h2 class=\"wp-block-heading has-text-align-left has-secondary-color has-text-color has-link-color has-body-font-family wp-elements-2bbe6b97018c74aacb1acb2ce4ba249e\" style=\"margin-top:0;font-size:clamp(20px, 1.25rem + ((1vw - 3.2px) * 1.25), 32px);font-style:normal;font-weight:600;line-height:1.2\">Spr\u00e1va znalost\u00ed a informac\u00ed<\/h2>\n\n\n\n<p>Strukturujeme intern\u00ed znalosti a provozn\u00ed dokumentaci.<\/p>\n\n\n\n<h4 class=\"wp-block-heading has-secondary-color has-text-color has-link-color wp-elements-824681657049652a6633d509347077e0\">Obchodn\u00ed hodnota:<\/h4>\n\n\n\n<ul class=\"wp-block-list\">\n<li>Centralizovan\u00e9 obchodn\u00ed znalosti<\/li>\n\n\n\n<li>Rychlej\u0161\u00ed n\u00e1stup zam\u011bstnanc\u016f<\/li>\n\n\n\n<li>Sn\u00ed\u017een\u00e1 ztr\u00e1ta informac\u00ed<\/li>\n<\/ul>\n\n\n\n<p style=\"margin-top:10px;margin-bottom:0\"><strong>V\u00fdsledek:<\/strong> Znalostn\u00ed z\u00e1kladna spole\u010dnosti, kter\u00e1 podporuje dlouhodobou provozn\u00ed kontinuitu.<\/p>\n<\/div>\n<\/div>\n\n\n\n<div class=\"wp-block-column is-vertically-aligned-center wow animate__animated animate__fadeInUp is-layout-flow wp-block-column-is-layout-flow\">\n<figure class=\"wp-block-image size-full has-custom-border\"><img decoding=\"async\" width=\"740\" height=\"438\" src=\"https:\/\/vds-automate.com\/wp-content\/uploads\/2026\/03\/company-management_3.4.jpg\" alt=\"information management\" class=\"wp-image-213\" style=\"border-radius:8px\" srcset=\"https:\/\/vds-automate.com\/wp-content\/uploads\/2026\/03\/company-management_3.4.jpg 740w, https:\/\/vds-automate.com\/wp-content\/uploads\/2026\/03\/company-management_3.4-300x178.jpg 300w\" sizes=\"(max-width: 740px) 100vw, 740px\" \/><\/figure>\n<\/div>\n<\/div>\n<\/div>\n\n\n\n<hr class=\"wp-block-separator has-alpha-channel-opacity is-style-wide\"\/>\n\n\n\n<div class=\"wp-block-group wow animate__animated animate__fadeInUp has-global-padding is-layout-constrained wp-block-group-is-layout-constrained\" style=\"margin-top:0;margin-bottom:0;padding-top:var(--wp--preset--spacing--50);padding-bottom:var(--wp--preset--spacing--50)\">\n<div class=\"wp-block-columns are-vertically-aligned-center is-layout-flex wp-container-core-columns-is-layout-7fc3d43a wp-block-columns-is-layout-flex\">\n<div class=\"wp-block-column is-vertically-aligned-center wow animate__animated animate__fadeInUp is-layout-flow wp-block-column-is-layout-flow\">\n<figure class=\"wp-block-image size-full has-custom-border\"><img decoding=\"async\" width=\"700\" height=\"394\" src=\"https:\/\/vds-automate.com\/wp-content\/uploads\/2026\/03\/dataflow.jpeg\" alt=\"data structuring flow\" class=\"wp-image-211\" style=\"border-radius:8px\" srcset=\"https:\/\/vds-automate.com\/wp-content\/uploads\/2026\/03\/dataflow.jpeg 700w, https:\/\/vds-automate.com\/wp-content\/uploads\/2026\/03\/dataflow-300x169.jpeg 300w\" sizes=\"(max-width: 700px) 100vw, 700px\" \/><\/figure>\n<\/div>\n\n\n\n<div class=\"wp-block-column is-vertically-aligned-center wow animate__animated animate__fadeInUp is-layout-flow wp-block-column-is-layout-flow\" style=\"flex-basis:45%\">\n<div class=\"wp-block-group has-global-padding is-layout-constrained wp-block-group-is-layout-constrained\" style=\"margin-top:0;margin-bottom:0;padding-top:0;padding-bottom:0\">\n<h2 class=\"wp-block-heading has-text-align-left has-secondary-color has-text-color has-link-color has-body-font-family wp-elements-e13f3eb847abfe9b82c0f94e3f50b8d1\" style=\"margin-top:0;font-size:clamp(20px, 1.25rem + ((1vw - 3.2px) * 1.25), 32px);font-style:normal;font-weight:600;line-height:1.2\">Strukturov\u00e1n\u00ed a organizace dat<\/h2>\n\n\n\n<p>Organizujeme obchodn\u00ed data do strukturovan\u00fdch a spravovateln\u00fdch form\u00e1t\u016f.<\/p>\n\n\n\n<h4 class=\"wp-block-heading has-secondary-color has-text-color has-link-color wp-elements-824681657049652a6633d509347077e0\">Obchodn\u00ed hodnota:<\/h4>\n\n\n\n<ul class=\"wp-block-list\">\n<li>Jasn\u00e1 datov\u00e1 architektura<\/li>\n\n\n\n<li>Sn\u00ed\u017een\u00e1 duplikace<\/li>\n\n\n\n<li>Zlep\u0161en\u00e1 kvalita dat<\/li>\n<\/ul>\n\n\n\n<p style=\"margin-top:10px;margin-bottom:0\"><strong>V\u00fdsledek:<\/strong> Spolehliv\u00e1 data p\u0159ipraven\u00e1 pro reporting a automatizaci.<\/p>\n<\/div>\n<\/div>\n<\/div>\n<\/div>\n\n\n\n<hr class=\"wp-block-separator has-alpha-channel-opacity is-style-wide\"\/>\n\n\n\n<div class=\"wp-block-group wow animate__animated animate__fadeInUp has-global-padding is-layout-constrained wp-block-group-is-layout-constrained\" style=\"margin-top:0;margin-bottom:0;padding-top:var(--wp--preset--spacing--50);padding-bottom:var(--wp--preset--spacing--50)\">\n<div class=\"wp-block-columns are-vertically-aligned-center is-layout-flex wp-container-core-columns-is-layout-7fc3d43a wp-block-columns-is-layout-flex\">\n<div class=\"wp-block-column is-vertically-aligned-center wow animate__animated animate__fadeInUp is-layout-flow wp-block-column-is-layout-flow\" style=\"flex-basis:45%\">\n<div class=\"wp-block-group has-global-padding is-layout-constrained wp-block-group-is-layout-constrained\" style=\"margin-top:0;margin-bottom:0;padding-top:0;padding-bottom:0\">\n<h2 class=\"wp-block-heading has-text-align-left has-secondary-color has-text-color has-link-color has-body-font-family wp-elements-13ab95f78ce1c37a567c4b063562c65f\" style=\"margin-top:0;font-size:clamp(20px, 1.25rem + ((1vw - 3.2px) * 1.25), 32px);font-style:normal;font-weight:600;line-height:1.2\">Obchodn\u00ed inteligence a reporting<\/h2>\n\n\n\n<p>Navrhujeme reportovac\u00ed prost\u0159ed\u00ed s vyu\u017eit\u00edm Power BI, abychom transformovali obchodn\u00ed data do u\u017eite\u010dn\u00fdch poznatk\u016f.<\/p>\n\n\n\n<h4 class=\"wp-block-heading has-secondary-color has-text-color has-link-color wp-elements-824681657049652a6633d509347077e0\">Obchodn\u00ed hodnota:<\/h4>\n\n\n\n<ul class=\"wp-block-list\">\n<li>Jasn\u00fd provozn\u00ed p\u0159ehled<\/li>\n\n\n\n<li>Interaktivn\u00ed dashboardy<\/li>\n\n\n\n<li>Rozhodov\u00e1n\u00ed na z\u00e1klad\u011b dat<\/li>\n<\/ul>\n\n\n\n<p style=\"margin-top:10px;margin-bottom:0\"><strong>V\u00fdsledek:<\/strong> P\u0159ehled o v\u00fdkonnosti va\u0161\u00ed firmy v re\u00e1ln\u00e9m \u010dase.<\/p>\n<\/div>\n<\/div>\n\n\n\n<div class=\"wp-block-column is-vertically-aligned-center wow animate__animated animate__fadeInUp is-layout-flow wp-block-column-is-layout-flow\">\n<figure class=\"wp-block-image size-full has-custom-border\"><img decoding=\"async\" width=\"528\" height=\"360\" src=\"https:\/\/vds-automate.com\/wp-content\/uploads\/2026\/03\/Business-intelligence-3.5.1.jpg\" alt=\"business intelligence systems\" class=\"wp-image-217\" style=\"border-radius:8px\" srcset=\"https:\/\/vds-automate.com\/wp-content\/uploads\/2026\/03\/Business-intelligence-3.5.1.jpg 528w, https:\/\/vds-automate.com\/wp-content\/uploads\/2026\/03\/Business-intelligence-3.5.1-300x205.jpg 300w\" sizes=\"(max-width: 528px) 100vw, 528px\" \/><\/figure>\n<\/div>\n<\/div>\n<\/div>\n\n\n\n<hr class=\"wp-block-separator has-alpha-channel-opacity is-style-wide\"\/>\n\n\n\n<div class=\"wp-block-group wow animate__animated animate__fadeInUp has-global-padding is-layout-constrained wp-block-group-is-layout-constrained\" style=\"margin-top:0;margin-bottom:0;padding-top:var(--wp--preset--spacing--50);padding-bottom:var(--wp--preset--spacing--50)\">\n<div class=\"wp-block-columns are-vertically-aligned-center is-layout-flex wp-container-core-columns-is-layout-7fc3d43a wp-block-columns-is-layout-flex\">\n<div class=\"wp-block-column is-vertically-aligned-center wow animate__animated animate__fadeInUp is-layout-flow wp-block-column-is-layout-flow\">\n<figure class=\"wp-block-image size-full has-custom-border\"><img decoding=\"async\" width=\"740\" height=\"360\" src=\"https:\/\/vds-automate.com\/wp-content\/uploads\/2026\/03\/file_structured_3.6.1.jpg\" alt=\"\" class=\"wp-image-216\" style=\"border-radius:8px\" srcset=\"https:\/\/vds-automate.com\/wp-content\/uploads\/2026\/03\/file_structured_3.6.1.jpg 740w, https:\/\/vds-automate.com\/wp-content\/uploads\/2026\/03\/file_structured_3.6.1-300x146.jpg 300w\" sizes=\"(max-width: 740px) 100vw, 740px\" \/><\/figure>\n<\/div>\n\n\n\n<div class=\"wp-block-column is-vertically-aligned-center wow animate__animated animate__fadeInUp is-layout-flow wp-block-column-is-layout-flow\" style=\"flex-basis:45%\">\n<div class=\"wp-block-group has-global-padding is-layout-constrained wp-block-group-is-layout-constrained\" style=\"margin-top:0;margin-bottom:0;padding-top:0;padding-bottom:0\">\n<h2 class=\"wp-block-heading has-text-align-left has-secondary-color has-text-color has-link-color has-body-font-family wp-elements-3a0479fbc3b6c7263e755978b0bc9eed\" style=\"margin-top:0;font-size:clamp(20px, 1.25rem + ((1vw - 3.2px) * 1.25), 32px);font-style:normal;font-weight:600;line-height:1.2\">Spr\u00e1va nestrukturovan\u00fdch dat<\/h2>\n\n\n\n<p>Pom\u00e1h\u00e1me firm\u00e1m spravovat e-maily, dokumenty, soubory a dal\u0161\u00ed nestrukturovan\u00e9 informa\u010dn\u00ed zdroje.<\/p>\n\n\n\n<h4 class=\"wp-block-heading has-secondary-color has-text-color has-link-color wp-elements-824681657049652a6633d509347077e0\">Obchodn\u00ed hodnota:<\/h4>\n\n\n\n<ul class=\"wp-block-list\">\n<li>Sn\u00ed\u017een\u00ed informa\u010dn\u00edho chaosu<\/li>\n\n\n\n<li>Vylep\u0161en\u00e9 vyhled\u00e1v\u00e1n\u00ed<\/li>\n\n\n\n<li>Lep\u0161\u00ed dodr\u017eov\u00e1n\u00ed p\u0159edpis\u016f a spr\u00e1va a \u0159\u00edzen\u00ed<\/li>\n<\/ul>\n\n\n\n<p style=\"margin-top:10px;margin-bottom:0\"><strong>V\u00fdsledek:<\/strong> \u0158\u00edzen\u00fd a organizovan\u00fd informa\u010dn\u00ed ekosyst\u00e9m.<\/p>\n<\/div>\n<\/div>\n<\/div>\n<\/div>\n\n\n\n<hr class=\"wp-block-separator has-alpha-channel-opacity is-style-wide\"\/>\n\n\n\n<div class=\"wp-block-cover\"><img decoding=\"async\" width=\"948\" height=\"1024\" class=\"wp-block-cover__image-background wp-image-306 size-large\" alt=\"technology\" src=\"https:\/\/vds-automate.com\/wp-content\/uploads\/2026\/03\/DarkBG-948x1024.jpg\" data-object-fit=\"cover\" srcset=\"https:\/\/vds-automate.com\/wp-content\/uploads\/2026\/03\/DarkBG-948x1024.jpg 948w, https:\/\/vds-automate.com\/wp-content\/uploads\/2026\/03\/DarkBG-278x300.jpg 278w, https:\/\/vds-automate.com\/wp-content\/uploads\/2026\/03\/DarkBG-768x829.jpg 768w, https:\/\/vds-automate.com\/wp-content\/uploads\/2026\/03\/DarkBG-1422x1536.jpg 1422w, https:\/\/vds-automate.com\/wp-content\/uploads\/2026\/03\/DarkBG-1896x2048.jpg 1896w, https:\/\/vds-automate.com\/wp-content\/uploads\/2026\/03\/DarkBG.jpg 2000w\" sizes=\"(max-width: 948px) 100vw, 948px\" \/><span aria-hidden=\"true\" class=\"wp-block-cover__background has-background-dim\" style=\"background-color:#01182a\"><\/span><div class=\"wp-block-cover__inner-container has-global-padding is-layout-constrained wp-block-cover-is-layout-constrained\">\n<div class=\"wp-block-group wow animate__animated animate__fadeInUp has-global-padding is-layout-constrained wp-block-group-is-layout-constrained\" style=\"margin-top:0;margin-bottom:0;padding-top:var(--wp--preset--spacing--30);padding-bottom:var(--wp--preset--spacing--30)\">\n<h2 class=\"wp-block-heading has-text-align-center\"><strong>Informace jsou jedn\u00edm z nejcenn\u011bj\u0161\u00edch aktiv ka\u017ed\u00e9 organizace.<\/strong><\/h2>\n\n\n\n<p class=\"has-text-align-center has-base-color has-text-color has-link-color wp-elements-c45f4d4b095fd2eeb5d72dcf47f1cc8f\">Strukturovan\u00e1 spr\u00e1va dokument\u016f a dat zaji\u0161\u0165uje p\u0159ehlednost, efektivitu a dlouhodobou provozn\u00ed stabilitu.<\/p>\n\n\n\n<div style=\"height:20px\" aria-hidden=\"true\" class=\"wp-block-spacer\"><\/div>\n\n\n\n<hr class=\"wp-block-separator has-text-color has-base-color has-alpha-channel-opacity has-base-background-color has-background is-style-default\"\/>\n\n\n\n<div style=\"height:20px\" aria-hidden=\"true\" class=\"wp-block-spacer\"><\/div>\n\n\n\n<div class=\"wp-block-buttons is-content-justification-center is-layout-flex wp-container-core-buttons-is-layout-a89b3969 wp-block-buttons-is-layout-flex\">\n<div class=\"wp-block-button\"><a class=\"wp-block-button__link wp-element-button\" href=\"https:\/\/vds-automate.com\/cs\/contact-us\/\">Kontaktujte n\u00e1s hned!<\/a><\/div>\n<\/div>\n<\/div>\n<\/div><\/div>\n\n\n\n<div class=\"wp-block-group has-global-padding is-layout-constrained wp-block-group-is-layout-constrained\">\n<div class=\"wp-block-group is-nowrap is-layout-flex wp-container-core-group-is-layout-877c468d wp-block-group-is-layout-flex\">\n<figure class=\"wp-block-image size-full\"><img decoding=\"async\" width=\"663\" height=\"659\" src=\"https:\/\/vds-automate.com\/wp-content\/uploads\/2026\/03\/logoJet-12.png\" alt=\"logo VDS Automate\" class=\"wp-image-205\" srcset=\"https:\/\/vds-automate.com\/wp-content\/uploads\/2026\/03\/logoJet-12.png 663w, https:\/\/vds-automate.com\/wp-content\/uploads\/2026\/03\/logoJet-12-300x298.png 300w, https:\/\/vds-automate.com\/wp-content\/uploads\/2026\/03\/logoJet-12-150x150.png 150w\" sizes=\"(max-width: 663px) 100vw, 663px\" \/><\/figure>\n\n\n\n<figure class=\"wp-block-image size-full\"><img decoding=\"async\" width=\"663\" height=\"659\" src=\"https:\/\/vds-automate.com\/wp-content\/uploads\/2026\/03\/logoJet-12.png\" alt=\"\" class=\"wp-image-205\" srcset=\"https:\/\/vds-automate.com\/wp-content\/uploads\/2026\/03\/logoJet-12.png 663w, https:\/\/vds-automate.com\/wp-content\/uploads\/2026\/03\/logoJet-12-300x298.png 300w, https:\/\/vds-automate.com\/wp-content\/uploads\/2026\/03\/logoJet-12-150x150.png 150w\" sizes=\"(max-width: 663px) 100vw, 663px\" \/><\/figure>\n\n\n\n<figure class=\"wp-block-image size-full\"><img decoding=\"async\" width=\"663\" height=\"659\" src=\"https:\/\/vds-automate.com\/wp-content\/uploads\/2026\/03\/logoJet-12.png\" alt=\"\" class=\"wp-image-205\" srcset=\"https:\/\/vds-automate.com\/wp-content\/uploads\/2026\/03\/logoJet-12.png 663w, https:\/\/vds-automate.com\/wp-content\/uploads\/2026\/03\/logoJet-12-300x298.png 300w, https:\/\/vds-automate.com\/wp-content\/uploads\/2026\/03\/logoJet-12-150x150.png 150w\" sizes=\"(max-width: 663px) 100vw, 663px\" \/><\/figure>\n\n\n\n<figure class=\"wp-block-image size-full\"><img decoding=\"async\" width=\"663\" height=\"659\" src=\"https:\/\/vds-automate.com\/wp-content\/uploads\/2026\/03\/logoJet-12.png\" alt=\"\" class=\"wp-image-205\" srcset=\"https:\/\/vds-automate.com\/wp-content\/uploads\/2026\/03\/logoJet-12.png 663w, https:\/\/vds-automate.com\/wp-content\/uploads\/2026\/03\/logoJet-12-300x298.png 300w, https:\/\/vds-automate.com\/wp-content\/uploads\/2026\/03\/logoJet-12-150x150.png 150w\" sizes=\"(max-width: 663px) 100vw, 663px\" \/><\/figure>\n\n\n\n<figure class=\"wp-block-image size-full\"><img decoding=\"async\" width=\"663\" height=\"659\" src=\"https:\/\/vds-automate.com\/wp-content\/uploads\/2026\/03\/logoJet-12.png\" alt=\"\" class=\"wp-image-205\" srcset=\"https:\/\/vds-automate.com\/wp-content\/uploads\/2026\/03\/logoJet-12.png 663w, https:\/\/vds-automate.com\/wp-content\/uploads\/2026\/03\/logoJet-12-300x298.png 300w, https:\/\/vds-automate.com\/wp-content\/uploads\/2026\/03\/logoJet-12-150x150.png 150w\" sizes=\"(max-width: 663px) 100vw, 663px\" \/><\/figure>\n\n\n\n<figure class=\"wp-block-image size-full\"><img decoding=\"async\" width=\"663\" height=\"659\" src=\"https:\/\/vds-automate.com\/wp-content\/uploads\/2026\/03\/logoJet-12.png\" alt=\"\" class=\"wp-image-205\" srcset=\"https:\/\/vds-automate.com\/wp-content\/uploads\/2026\/03\/logoJet-12.png 663w, https:\/\/vds-automate.com\/wp-content\/uploads\/2026\/03\/logoJet-12-300x298.png 300w, https:\/\/vds-automate.com\/wp-content\/uploads\/2026\/03\/logoJet-12-150x150.png 150w\" sizes=\"(max-width: 663px) 100vw, 663px\" \/><\/figure>\n<\/div>\n<\/div>","protected":false},"excerpt":{"rendered":"<p>Structured Information. Controlled Knowledge. We design digital environments where documents, data, and business knowledge are organized, searchable, and securely managed. Our solutions help companies move from scattered files and disconnected information toward structured and accessible digital workspaces. Many organizations lose time searching for information, managing document versions, and maintaining manual records. We implement structured document [&hellip;]<\/p>\n","protected":false},"author":1,"featured_media":0,"parent":0,"menu_order":0,"comment_status":"closed","ping_status":"closed","template":"","meta":{"footnotes":""},"class_list":["post-149","page","type-page","status-publish","hentry"],"_hostinger_reach_plugin_has_subscription_block":false,"_hostinger_reach_plugin_is_elementor":false,"_links":{"self":[{"href":"https:\/\/vds-automate.com\/cs\/wp-json\/wp\/v2\/pages\/149","targetHints":{"allow":["GET"]}}],"collection":[{"href":"https:\/\/vds-automate.com\/cs\/wp-json\/wp\/v2\/pages"}],"about":[{"href":"https:\/\/vds-automate.com\/cs\/wp-json\/wp\/v2\/types\/page"}],"author":[{"embeddable":true,"href":"https:\/\/vds-automate.com\/cs\/wp-json\/wp\/v2\/users\/1"}],"replies":[{"embeddable":true,"href":"https:\/\/vds-automate.com\/cs\/wp-json\/wp\/v2\/comments?post=149"}],"version-history":[{"count":12,"href":"https:\/\/vds-automate.com\/cs\/wp-json\/wp\/v2\/pages\/149\/revisions"}],"predecessor-version":[{"id":424,"href":"https:\/\/vds-automate.com\/cs\/wp-json\/wp\/v2\/pages\/149\/revisions\/424"}],"wp:attachment":[{"href":"https:\/\/vds-automate.com\/cs\/wp-json\/wp\/v2\/media?parent=149"}],"curies":[{"name":"wp","href":"https:\/\/api.w.org\/{rel}","templated":true}]}}