{"id":152,"date":"2026-03-03T09:37:15","date_gmt":"2026-03-03T08:37:15","guid":{"rendered":"https:\/\/vds-automate.com\/?page_id=152"},"modified":"2026-04-13T19:35:49","modified_gmt":"2026-04-13T18:35:49","slug":"system-integration-automation","status":"publish","type":"page","link":"https:\/\/vds-automate.com\/cs\/system-integration-automation\/","title":{"rendered":"Syst\u00e9mov\u00e1 integrace a automatizace"},"content":{"rendered":"<div class=\"wp-block-group has-global-padding is-layout-constrained wp-block-group-is-layout-constrained\">\n<h2 class=\"wp-block-heading has-text-align-center has-secondary-color has-text-color has-link-color wp-elements-f69b8c48156ae497b655965726a88785\">Strukturovan\u00e1 integrace. Inteligentn\u00ed automatizace.<\/h2>\n\n\n\n<p class=\"has-text-align-center\">Navrhujeme propojen\u00e1 digit\u00e1ln\u00ed prost\u0159ed\u00ed, kde syst\u00e9my, data a pracovn\u00ed postupy funguj\u00ed jako jednotn\u00e1 struktura.<\/p>\n\n\n\n<p class=\"has-text-align-center\">M\u00edsto slo\u017eit\u00fdch implementac\u00ed podnikov\u00fdch ERP syst\u00e9m\u016f budujeme flexibiln\u00ed a \u0161k\u00e1lovateln\u00e9 obchodn\u00ed architektury s vyu\u017eit\u00edm technologi\u00ed spole\u010dnosti Microsoft a Dataverse jako modern\u00ed provozn\u00ed p\u00e1te\u0159e.<\/p>\n<\/div>\n\n\n\n<hr class=\"wp-block-separator has-alpha-channel-opacity is-style-wide\"\/>\n\n\n\n<div class=\"wp-block-group wow animate__animated animate__fadeInUp has-global-padding is-layout-constrained wp-block-group-is-layout-constrained\" style=\"margin-top:0;margin-bottom:0;padding-top:var(--wp--preset--spacing--50);padding-bottom:var(--wp--preset--spacing--50)\">\n<div class=\"wp-block-columns are-vertically-aligned-center is-layout-flex wp-container-core-columns-is-layout-7fc3d43a wp-block-columns-is-layout-flex\">\n<div class=\"wp-block-column is-vertically-aligned-center wow animate__animated animate__fadeInUp is-layout-flow wp-block-column-is-layout-flow\" style=\"flex-basis:45%\">\n<div class=\"wp-block-group has-global-padding is-layout-constrained wp-block-group-is-layout-constrained\" style=\"margin-top:0;margin-bottom:0;padding-top:0;padding-bottom:0\">\n<h2 class=\"wp-block-heading has-text-align-left has-secondary-color has-text-color has-link-color has-body-font-family wp-elements-9b33323b62f4e2895434a9fe319b6903\" style=\"margin-top:0;font-size:clamp(20px, 1.25rem + ((1vw - 3.2px) * 1.25), 32px);font-style:normal;font-weight:600;line-height:1.2\">Integrace API<\/h2>\n\n\n\n<p>Propojujeme va\u0161e intern\u00ed a extern\u00ed syst\u00e9my pomoc\u00ed bezpe\u010dn\u00fdch a \u0161k\u00e1lovateln\u00fdch integrac\u00ed API.<\/p>\n\n\n\n<h4 class=\"wp-block-heading has-secondary-color has-text-color has-link-color wp-elements-824681657049652a6633d509347077e0\">Obchodn\u00ed hodnota:<\/h4>\n\n\n\n<ul class=\"wp-block-list\">\n<li>Eliminujte ru\u010dn\u00ed p\u0159enos dat<\/li>\n\n\n\n<li>Sn\u00ed\u017een\u00ed provozn\u00edch chyb<\/li>\n\n\n\n<li>Povolit tok dat v re\u00e1ln\u00e9m \u010dase<\/li>\n<\/ul>\n\n\n\n<p><strong>V\u00fdsledek:<\/strong> Syst\u00e9m komunikuje automaticky, \u010d\u00edm\u017e sni\u017euje t\u0159en\u00ed a \u0161et\u0159\u00ed \u010das: rychlej\u0161\u00ed provoz a vy\u0161\u0161\u00ed p\u0159esnost dat.<\/p>\n<\/div>\n<\/div>\n\n\n\n<div class=\"wp-block-column is-vertically-aligned-center wow animate__animated animate__fadeInUp is-layout-flow wp-block-column-is-layout-flow\">\n<figure class=\"wp-block-image size-large has-custom-border\"><img decoding=\"async\" width=\"1024\" height=\"538\" src=\"https:\/\/vds-automate.com\/wp-content\/uploads\/2026\/03\/api-app-1024x538.jpg\" alt=\"API integrations\" class=\"wp-image-171\" style=\"border-radius:8px\" srcset=\"https:\/\/vds-automate.com\/wp-content\/uploads\/2026\/03\/api-app-1024x538.jpg 1024w, https:\/\/vds-automate.com\/wp-content\/uploads\/2026\/03\/api-app-300x158.jpg 300w, https:\/\/vds-automate.com\/wp-content\/uploads\/2026\/03\/api-app-768x403.jpg 768w, https:\/\/vds-automate.com\/wp-content\/uploads\/2026\/03\/api-app-1536x806.jpg 1536w, https:\/\/vds-automate.com\/wp-content\/uploads\/2026\/03\/api-app.jpg 1920w\" sizes=\"(max-width: 1024px) 100vw, 1024px\" \/><\/figure>\n<\/div>\n<\/div>\n<\/div>\n\n\n\n<hr class=\"wp-block-separator has-alpha-channel-opacity is-style-wide\"\/>\n\n\n\n<div class=\"wp-block-group wow animate__animated animate__fadeInUp has-global-padding is-layout-constrained wp-block-group-is-layout-constrained\" style=\"margin-top:0;margin-bottom:0;padding-top:var(--wp--preset--spacing--50);padding-bottom:var(--wp--preset--spacing--50)\">\n<div class=\"wp-block-columns are-vertically-aligned-center is-layout-flex wp-container-core-columns-is-layout-7fc3d43a wp-block-columns-is-layout-flex\">\n<div class=\"wp-block-column is-vertically-aligned-center wow animate__animated animate__fadeInUp is-layout-flow wp-block-column-is-layout-flow\">\n<figure class=\"wp-block-image size-full has-custom-border\"><img decoding=\"async\" width=\"1024\" height=\"1024\" src=\"https:\/\/vds-automate.com\/wp-content\/uploads\/2026\/03\/icones-microsoft-365-logo-novo-1-1024x1024-1.webp\" alt=\"Microsoft 365 integration\" class=\"wp-image-164\" style=\"border-radius:8px\" srcset=\"https:\/\/vds-automate.com\/wp-content\/uploads\/2026\/03\/icones-microsoft-365-logo-novo-1-1024x1024-1.webp 1024w, https:\/\/vds-automate.com\/wp-content\/uploads\/2026\/03\/icones-microsoft-365-logo-novo-1-1024x1024-1-300x300.webp 300w, https:\/\/vds-automate.com\/wp-content\/uploads\/2026\/03\/icones-microsoft-365-logo-novo-1-1024x1024-1-150x150.webp 150w, https:\/\/vds-automate.com\/wp-content\/uploads\/2026\/03\/icones-microsoft-365-logo-novo-1-1024x1024-1-768x768.webp 768w\" sizes=\"(max-width: 1024px) 100vw, 1024px\" \/><\/figure>\n<\/div>\n\n\n\n<div class=\"wp-block-column is-vertically-aligned-center wow animate__animated animate__fadeInUp is-layout-flow wp-block-column-is-layout-flow\" style=\"flex-basis:45%\">\n<div class=\"wp-block-group has-global-padding is-layout-constrained wp-block-group-is-layout-constrained\" style=\"margin-top:0;margin-bottom:0;padding-top:0;padding-bottom:0\">\n<h2 class=\"wp-block-heading has-text-align-left has-secondary-color has-text-color has-link-color has-body-font-family wp-elements-6d00823b7ede83313d340a49d25a7207\" style=\"margin-top:0;font-size:clamp(20px, 1.25rem + ((1vw - 3.2px) * 1.25), 32px);font-style:normal;font-weight:600;line-height:1.2\">Integrace s Microsoftem 365<\/h2>\n\n\n\n<p>Integrujeme n\u00e1stroje Microsoft 365 do va\u0161ich provozn\u00edch proces\u016f pro maximalizaci spolupr\u00e1ce a automatizace.<\/p>\n\n\n\n<h4 class=\"wp-block-heading has-secondary-color has-text-color has-link-color wp-elements-824681657049652a6633d509347077e0\">Obchodn\u00ed hodnota:<\/h4>\n\n\n\n<ul class=\"wp-block-list\">\n<li>Centralizovan\u00e1 spolupr\u00e1ce<\/li>\n\n\n\n<li>Automatizovan\u00e9 schvalov\u00e1n\u00ed a procesy dokument\u016f<\/li>\n\n\n\n<li>Lep\u0161\u00ed spr\u00e1va a kontrola<\/li>\n<\/ul>\n\n\n\n<p><strong>V\u00fdsledek:<\/strong> Produktivn\u00ed digit\u00e1ln\u00ed pracovn\u00ed prostor s jasnou strukturou a odpov\u011bdnost\u00ed.<\/p>\n<\/div>\n<\/div>\n<\/div>\n<\/div>\n\n\n\n<hr class=\"wp-block-separator has-alpha-channel-opacity is-style-wide\"\/>\n\n\n\n<div class=\"wp-block-group wow animate__animated animate__fadeInUp has-global-padding is-layout-constrained wp-block-group-is-layout-constrained\" style=\"margin-top:0;margin-bottom:0;padding-top:var(--wp--preset--spacing--50);padding-bottom:var(--wp--preset--spacing--50)\">\n<div class=\"wp-block-columns are-vertically-aligned-center is-layout-flex wp-container-core-columns-is-layout-7fc3d43a wp-block-columns-is-layout-flex\">\n<div class=\"wp-block-column is-vertically-aligned-center wow animate__animated animate__fadeInUp is-layout-flow wp-block-column-is-layout-flow\" style=\"flex-basis:45%\">\n<div class=\"wp-block-group has-global-padding is-layout-constrained wp-block-group-is-layout-constrained\" style=\"margin-top:0;margin-bottom:0;padding-top:0;padding-bottom:0\">\n<h2 class=\"wp-block-heading has-text-align-left has-secondary-color has-text-color has-link-color has-body-font-family wp-elements-5eed601f5ad6e53d0a40dc9b14c5130b\" style=\"margin-top:0;font-size:clamp(20px, 1.25rem + ((1vw - 3.2px) * 1.25), 32px);font-style:normal;font-weight:600;line-height:1.2\">Obchodn\u00ed syst\u00e9my zalo\u017een\u00e9 na datov\u00fdch verz\u00edch<\/h2>\n\n\n\n<p>Navrhujeme strukturovan\u00e1 podnikov\u00e1 datov\u00e1 prost\u0159ed\u00ed s vyu\u017eit\u00edm Dataverse a Power Platform \u2013 vytv\u00e1\u0159\u00edme \u0161k\u00e1lovateln\u00e9 z\u00e1klady p\u0159ipraven\u00e9 pro CRM bez nutnosti n\u00e1ro\u010dn\u00e9 implementace ERP.<\/p>\n\n\n\n<h4 class=\"wp-block-heading has-secondary-color has-text-color has-link-color wp-elements-824681657049652a6633d509347077e0\">Obchodn\u00ed hodnota:<\/h4>\n\n\n\n<ul class=\"wp-block-list\">\n<li>Nahra\u010fte tabulky strukturovan\u00fdmi datov\u00fdmi modely<\/li>\n\n\n\n<li>Centralizujte informace o klientech a provozu<\/li>\n\n\n\n<li>P\u0159ipravte svou firmu na budouc\u00ed automatizaci a reporting.<\/li>\n<\/ul>\n\n\n\n<p><strong>V\u00fdsledek:<\/strong> Modern\u00ed provozn\u00ed j\u00e1dro postaven\u00e9 pro mal\u00e9 a rostouc\u00ed firmy.<\/p>\n<\/div>\n<\/div>\n\n\n\n<div class=\"wp-block-column is-vertically-aligned-center wow animate__animated animate__fadeInUp is-layout-flow wp-block-column-is-layout-flow\">\n<figure class=\"wp-block-image size-full has-custom-border\"><img decoding=\"async\" width=\"641\" height=\"360\" src=\"https:\/\/vds-automate.com\/wp-content\/uploads\/2026\/03\/workers.jpg\" alt=\"business systems\" class=\"wp-image-172\" style=\"border-radius:8px\" srcset=\"https:\/\/vds-automate.com\/wp-content\/uploads\/2026\/03\/workers.jpg 641w, https:\/\/vds-automate.com\/wp-content\/uploads\/2026\/03\/workers-300x168.jpg 300w\" sizes=\"(max-width: 641px) 100vw, 641px\" \/><\/figure>\n<\/div>\n<\/div>\n<\/div>\n\n\n\n<hr class=\"wp-block-separator has-alpha-channel-opacity is-style-wide\"\/>\n\n\n\n<div class=\"wp-block-group wow animate__animated animate__fadeInUp has-global-padding is-layout-constrained wp-block-group-is-layout-constrained\" style=\"margin-top:0;margin-bottom:0;padding-top:var(--wp--preset--spacing--50);padding-bottom:var(--wp--preset--spacing--50)\">\n<div class=\"wp-block-columns are-vertically-aligned-center is-layout-flex wp-container-core-columns-is-layout-7fc3d43a wp-block-columns-is-layout-flex\">\n<div class=\"wp-block-column is-vertically-aligned-center wow animate__animated animate__fadeInUp is-layout-flow wp-block-column-is-layout-flow\">\n<figure class=\"wp-block-image size-large has-custom-border\"><img decoding=\"async\" width=\"1024\" height=\"532\" src=\"https:\/\/vds-automate.com\/wp-content\/uploads\/2026\/03\/workflow_system-1024x532.jpeg\" alt=\"data synchronization\" class=\"wp-image-170\" style=\"border-radius:8px\" srcset=\"https:\/\/vds-automate.com\/wp-content\/uploads\/2026\/03\/workflow_system-1024x532.jpeg 1024w, https:\/\/vds-automate.com\/wp-content\/uploads\/2026\/03\/workflow_system-300x156.jpeg 300w, https:\/\/vds-automate.com\/wp-content\/uploads\/2026\/03\/workflow_system-768x399.jpeg 768w, https:\/\/vds-automate.com\/wp-content\/uploads\/2026\/03\/workflow_system-1536x798.jpeg 1536w, https:\/\/vds-automate.com\/wp-content\/uploads\/2026\/03\/workflow_system.jpeg 1570w\" sizes=\"(max-width: 1024px) 100vw, 1024px\" \/><\/figure>\n<\/div>\n\n\n\n<div class=\"wp-block-column is-vertically-aligned-center wow animate__animated animate__fadeInUp is-layout-flow wp-block-column-is-layout-flow\" style=\"flex-basis:45%\">\n<div class=\"wp-block-group has-global-padding is-layout-constrained wp-block-group-is-layout-constrained\" style=\"margin-top:0;margin-bottom:0;padding-top:0;padding-bottom:0\">\n<h2 class=\"wp-block-heading has-text-align-left has-secondary-color has-text-color has-link-color has-body-font-family wp-elements-e0523699627d297ee78d60aee9077941\" style=\"margin-top:0;font-size:clamp(20px, 1.25rem + ((1vw - 3.2px) * 1.25), 32px);font-style:normal;font-weight:600;line-height:1.2\">Synchronizace dat<\/h2>\n\n\n\n<p>Zaji\u0161\u0165ujeme nep\u0159etr\u017eitou a p\u0159esnou synchronizaci obchodn\u00edch dat nap\u0159\u00ed\u010d propojen\u00fdmi syst\u00e9my.<\/p>\n\n\n\n<h4 class=\"wp-block-heading has-secondary-color has-text-color has-link-color wp-elements-824681657049652a6633d509347077e0\">Obchodn\u00ed hodnota:<\/h4>\n\n\n\n<ul class=\"wp-block-list\">\n<li>Konzistentn\u00ed informace nap\u0159\u00ed\u010d odd\u011blen\u00edmi<\/li>\n\n\n\n<li>Spolehliv\u00e9 reportov\u00e1n\u00ed<\/li>\n\n\n\n<li>Sn\u00ed\u017een\u00e1 duplikace<\/li>\n<\/ul>\n\n\n\n<p><strong>V\u00fdsledek:<\/strong> \u010cist\u00e1 a synchronizovan\u00e1 data, kter\u00e1 podporuj\u00ed sebev\u011bdom\u00e9 rozhodov\u00e1n\u00ed.<\/p>\n<\/div>\n<\/div>\n<\/div>\n<\/div>\n\n\n\n<hr class=\"wp-block-separator has-alpha-channel-opacity is-style-wide\"\/>\n\n\n\n<div class=\"wp-block-group wow animate__animated animate__fadeInUp has-global-padding is-layout-constrained wp-block-group-is-layout-constrained\" style=\"margin-top:0;margin-bottom:0;padding-top:var(--wp--preset--spacing--50);padding-bottom:var(--wp--preset--spacing--50)\">\n<div class=\"wp-block-columns are-vertically-aligned-center is-layout-flex wp-container-core-columns-is-layout-7fc3d43a wp-block-columns-is-layout-flex\">\n<div class=\"wp-block-column is-vertically-aligned-center wow animate__animated animate__fadeInUp is-layout-flow wp-block-column-is-layout-flow\" style=\"flex-basis:45%\">\n<div class=\"wp-block-group has-global-padding is-layout-constrained wp-block-group-is-layout-constrained\" style=\"margin-top:0;margin-bottom:0;padding-top:0;padding-bottom:0\">\n<h2 class=\"wp-block-heading has-text-align-left has-secondary-color has-text-color has-link-color has-body-font-family wp-elements-ab30180bb82bc4e258e61e59371a9e80\" style=\"margin-top:0;font-size:clamp(20px, 1.25rem + ((1vw - 3.2px) * 1.25), 32px);font-style:normal;font-weight:600;line-height:1.2\">Integrace cloudov\u00fdch syst\u00e9m\u016f<\/h2>\n\n\n\n<p>Integrujeme cloudov\u00e9 platformy do \u0161k\u00e1lovateln\u00fdch a bezpe\u010dn\u00fdch digit\u00e1ln\u00edch ekosyst\u00e9m\u016f.<\/p>\n\n\n\n<h4 class=\"wp-block-heading has-secondary-color has-text-color has-link-color wp-elements-824681657049652a6633d509347077e0\">Obchodn\u00ed hodnota:<\/h4>\n\n\n\n<ul class=\"wp-block-list\">\n<li>Flexibiln\u00ed infrastruktura<\/li>\n\n\n\n<li>Bezpe\u010dn\u00fd vzd\u00e1len\u00fd p\u0159\u00edstup<\/li>\n\n\n\n<li>Sn\u00ed\u017een\u00e1 slo\u017eitost \u00fadr\u017eby IT<\/li>\n<\/ul>\n\n\n\n<p><strong>V\u00fdsledek:<\/strong> Digit\u00e1ln\u00ed z\u00e1klad p\u0159ipraven\u00fd na budoucnost.<\/p>\n<\/div>\n<\/div>\n\n\n\n<div class=\"wp-block-column is-vertically-aligned-center wow animate__animated animate__fadeInUp is-layout-flow wp-block-column-is-layout-flow\">\n<figure class=\"wp-block-image size-large has-custom-border\"><img decoding=\"async\" width=\"1024\" height=\"538\" src=\"https:\/\/vds-automate.com\/wp-content\/uploads\/2026\/03\/cloudsource-1024x538.jpg\" alt=\"cloud systems\" class=\"wp-image-169\" style=\"border-radius:8px\" srcset=\"https:\/\/vds-automate.com\/wp-content\/uploads\/2026\/03\/cloudsource-1024x538.jpg 1024w, https:\/\/vds-automate.com\/wp-content\/uploads\/2026\/03\/cloudsource-300x158.jpg 300w, https:\/\/vds-automate.com\/wp-content\/uploads\/2026\/03\/cloudsource-768x403.jpg 768w, https:\/\/vds-automate.com\/wp-content\/uploads\/2026\/03\/cloudsource.jpg 1200w\" sizes=\"(max-width: 1024px) 100vw, 1024px\" \/><\/figure>\n<\/div>\n<\/div>\n<\/div>\n\n\n\n<hr class=\"wp-block-separator has-alpha-channel-opacity is-style-wide\"\/>\n\n\n\n<div class=\"wp-block-group wow animate__animated animate__fadeInUp has-global-padding is-layout-constrained wp-block-group-is-layout-constrained\" style=\"margin-top:0;margin-bottom:0;padding-top:var(--wp--preset--spacing--50);padding-bottom:var(--wp--preset--spacing--50)\">\n<div class=\"wp-block-columns are-vertically-aligned-center is-layout-flex wp-container-core-columns-is-layout-7fc3d43a wp-block-columns-is-layout-flex\">\n<div class=\"wp-block-column is-vertically-aligned-center wow animate__animated animate__fadeInUp is-layout-flow wp-block-column-is-layout-flow\">\n<figure class=\"wp-block-image size-large has-custom-border\"><img decoding=\"async\" width=\"1024\" height=\"536\" src=\"https:\/\/vds-automate.com\/wp-content\/uploads\/2026\/03\/flow-1024x536.jpg\" alt=\"process automation\" class=\"wp-image-167\" style=\"border-radius:8px\" srcset=\"https:\/\/vds-automate.com\/wp-content\/uploads\/2026\/03\/flow-1024x536.jpg 1024w, https:\/\/vds-automate.com\/wp-content\/uploads\/2026\/03\/flow-300x157.jpg 300w, https:\/\/vds-automate.com\/wp-content\/uploads\/2026\/03\/flow-768x402.jpg 768w, https:\/\/vds-automate.com\/wp-content\/uploads\/2026\/03\/flow.jpg 1200w\" sizes=\"(max-width: 1024px) 100vw, 1024px\" \/><\/figure>\n<\/div>\n\n\n\n<div class=\"wp-block-column is-vertically-aligned-center wow animate__animated animate__fadeInUp is-layout-flow wp-block-column-is-layout-flow\" style=\"flex-basis:45%\">\n<div class=\"wp-block-group has-global-padding is-layout-constrained wp-block-group-is-layout-constrained\" style=\"margin-top:0;margin-bottom:0;padding-top:0;padding-bottom:0\">\n<h2 class=\"wp-block-heading has-text-align-left has-secondary-color has-text-color has-link-color has-body-font-family wp-elements-9030ff704639b3a8e422690e2d788444\" style=\"margin-top:0;font-size:clamp(20px, 1.25rem + ((1vw - 3.2px) * 1.25), 32px);font-style:normal;font-weight:600;line-height:1.2\">Multiplatformn\u00ed automatizace<\/h2>\n\n\n\n<p>Automatizujeme pracovn\u00ed postupy nap\u0159\u00ed\u010d r\u016fzn\u00fdmi n\u00e1stroji a technologiemi.<\/p>\n\n\n\n<h4 class=\"wp-block-heading has-secondary-color has-text-color has-link-color wp-elements-824681657049652a6633d509347077e0\">Obchodn\u00ed hodnota:<\/h4>\n\n\n\n<ul class=\"wp-block-list\">\n<li>Sn\u00ed\u017een\u00e1 manu\u00e1ln\u00ed z\u00e1t\u011b\u017e<\/li>\n\n\n\n<li>Rychlej\u0161\u00ed proveden\u00ed \u00fakol\u016f<\/li>\n\n\n\n<li>Ni\u017e\u0161\u00ed provozn\u00ed t\u0159en\u00ed<\/li>\n<\/ul>\n\n\n\n<p><strong>V\u00fdsledek:<\/strong> Zefektivn\u011bn\u00fd provoz a \u0161k\u00e1lovateln\u00fd r\u016fst.<\/p>\n<\/div>\n<\/div>\n<\/div>\n<\/div>\n\n\n\n<hr class=\"wp-block-separator has-alpha-channel-opacity is-style-wide\"\/>\n\n\n\n<div class=\"wp-block-cover\"><img decoding=\"async\" width=\"948\" height=\"1024\" class=\"wp-block-cover__image-background wp-image-306 size-large\" alt=\"system integration \" src=\"https:\/\/vds-automate.com\/wp-content\/uploads\/2026\/03\/DarkBG-948x1024.jpg\" data-object-fit=\"cover\" srcset=\"https:\/\/vds-automate.com\/wp-content\/uploads\/2026\/03\/DarkBG-948x1024.jpg 948w, https:\/\/vds-automate.com\/wp-content\/uploads\/2026\/03\/DarkBG-278x300.jpg 278w, https:\/\/vds-automate.com\/wp-content\/uploads\/2026\/03\/DarkBG-768x829.jpg 768w, https:\/\/vds-automate.com\/wp-content\/uploads\/2026\/03\/DarkBG-1422x1536.jpg 1422w, https:\/\/vds-automate.com\/wp-content\/uploads\/2026\/03\/DarkBG-1896x2048.jpg 1896w, https:\/\/vds-automate.com\/wp-content\/uploads\/2026\/03\/DarkBG.jpg 2000w\" sizes=\"(max-width: 948px) 100vw, 948px\" \/><span aria-hidden=\"true\" class=\"wp-block-cover__background has-background-dim\" style=\"background-color:#01182a\"><\/span><div class=\"wp-block-cover__inner-container has-global-padding is-layout-constrained wp-block-cover-is-layout-constrained\">\n<div class=\"wp-block-group wow animate__animated animate__fadeInUp has-global-padding is-layout-constrained wp-block-group-is-layout-constrained\" style=\"margin-top:0;margin-bottom:0;padding-top:var(--wp--preset--spacing--30);padding-bottom:var(--wp--preset--spacing--30)\">\n<h2 class=\"wp-block-heading has-text-align-center\">Integrace nen\u00ed o propojov\u00e1n\u00ed n\u00e1stroj\u016f.<\/h2>\n\n\n\n<p class=\"has-text-align-center has-base-color has-text-color has-link-color wp-elements-3237c946670c1f2ee0a6405953020665\">Jde o budov\u00e1n\u00ed strukturovan\u00e9 digit\u00e1ln\u00ed architektury, v n\u00ed\u017e syst\u00e9my podporuj\u00ed r\u016fst, sp\u00ed\u0161e ne\u017e ho omezuj\u00ed. <\/p>\n\n\n\n<div style=\"height:20px\" aria-hidden=\"true\" class=\"wp-block-spacer\"><\/div>\n\n\n\n<hr class=\"wp-block-separator has-text-color has-base-color has-alpha-channel-opacity has-base-background-color has-background is-style-default\"\/>\n\n\n\n<div style=\"height:20px\" aria-hidden=\"true\" class=\"wp-block-spacer\"><\/div>\n\n\n\n<div class=\"wp-block-buttons is-content-justification-center is-layout-flex wp-container-core-buttons-is-layout-a89b3969 wp-block-buttons-is-layout-flex\">\n<div class=\"wp-block-button\"><a class=\"wp-block-button__link wp-element-button\" href=\"https:\/\/vds-automate.com\/cs\/contact-us\/\">Kontaktujte n\u00e1s hned!<\/a><\/div>\n<\/div>\n<\/div>\n<\/div><\/div>\n\n\n\n<div class=\"wp-block-group has-global-padding is-layout-constrained wp-block-group-is-layout-constrained\">\n<div class=\"wp-block-group is-nowrap is-layout-flex wp-container-core-group-is-layout-877c468d wp-block-group-is-layout-flex\">\n<figure class=\"wp-block-image size-full\"><img decoding=\"async\" width=\"663\" height=\"659\" src=\"https:\/\/vds-automate.com\/wp-content\/uploads\/2026\/03\/logoJet-2.png\" alt=\"\" class=\"wp-image-176\" srcset=\"https:\/\/vds-automate.com\/wp-content\/uploads\/2026\/03\/logoJet-2.png 663w, https:\/\/vds-automate.com\/wp-content\/uploads\/2026\/03\/logoJet-2-300x298.png 300w, https:\/\/vds-automate.com\/wp-content\/uploads\/2026\/03\/logoJet-2-150x150.png 150w\" sizes=\"(max-width: 663px) 100vw, 663px\" \/><\/figure>\n\n\n\n<figure class=\"wp-block-image size-full\"><img decoding=\"async\" width=\"663\" height=\"659\" src=\"https:\/\/vds-automate.com\/wp-content\/uploads\/2026\/03\/logoJet-1.png\" alt=\"\" class=\"wp-image-175\" srcset=\"https:\/\/vds-automate.com\/wp-content\/uploads\/2026\/03\/logoJet-1.png 663w, https:\/\/vds-automate.com\/wp-content\/uploads\/2026\/03\/logoJet-1-300x298.png 300w, https:\/\/vds-automate.com\/wp-content\/uploads\/2026\/03\/logoJet-1-150x150.png 150w\" sizes=\"(max-width: 663px) 100vw, 663px\" \/><\/figure>\n\n\n\n<figure class=\"wp-block-image size-full\"><img decoding=\"async\" width=\"663\" height=\"659\" src=\"https:\/\/vds-automate.com\/wp-content\/uploads\/2026\/03\/logoJet.png\" alt=\"\" class=\"wp-image-174\" srcset=\"https:\/\/vds-automate.com\/wp-content\/uploads\/2026\/03\/logoJet.png 663w, https:\/\/vds-automate.com\/wp-content\/uploads\/2026\/03\/logoJet-300x298.png 300w, https:\/\/vds-automate.com\/wp-content\/uploads\/2026\/03\/logoJet-150x150.png 150w\" sizes=\"(max-width: 663px) 100vw, 663px\" \/><\/figure>\n\n\n\n<figure class=\"wp-block-image size-full\"><img decoding=\"async\" width=\"663\" height=\"659\" src=\"https:\/\/vds-automate.com\/wp-content\/uploads\/2026\/03\/logoJet-3.png\" alt=\"\" class=\"wp-image-177\" srcset=\"https:\/\/vds-automate.com\/wp-content\/uploads\/2026\/03\/logoJet-3.png 663w, https:\/\/vds-automate.com\/wp-content\/uploads\/2026\/03\/logoJet-3-300x298.png 300w, https:\/\/vds-automate.com\/wp-content\/uploads\/2026\/03\/logoJet-3-150x150.png 150w\" sizes=\"(max-width: 663px) 100vw, 663px\" \/><\/figure>\n\n\n\n<figure class=\"wp-block-image size-full\"><img decoding=\"async\" width=\"663\" height=\"659\" src=\"https:\/\/vds-automate.com\/wp-content\/uploads\/2026\/03\/logoJet-4.png\" alt=\"\" class=\"wp-image-178\" srcset=\"https:\/\/vds-automate.com\/wp-content\/uploads\/2026\/03\/logoJet-4.png 663w, https:\/\/vds-automate.com\/wp-content\/uploads\/2026\/03\/logoJet-4-300x298.png 300w, https:\/\/vds-automate.com\/wp-content\/uploads\/2026\/03\/logoJet-4-150x150.png 150w\" sizes=\"(max-width: 663px) 100vw, 663px\" \/><\/figure>\n\n\n\n<figure class=\"wp-block-image size-full\"><img decoding=\"async\" width=\"663\" height=\"659\" src=\"https:\/\/vds-automate.com\/wp-content\/uploads\/2026\/03\/logoJet-5.png\" alt=\"\" class=\"wp-image-179\" srcset=\"https:\/\/vds-automate.com\/wp-content\/uploads\/2026\/03\/logoJet-5.png 663w, https:\/\/vds-automate.com\/wp-content\/uploads\/2026\/03\/logoJet-5-300x298.png 300w, https:\/\/vds-automate.com\/wp-content\/uploads\/2026\/03\/logoJet-5-150x150.png 150w\" sizes=\"(max-width: 663px) 100vw, 663px\" \/><\/figure>\n<\/div>\n<\/div>","protected":false},"excerpt":{"rendered":"<p>Structured Integration. Intelligent Automation. We design connected digital environments where systems, data, and workflows operate as a unified structure. Instead of complex enterprise ERP implementations, we build flexible, scalable business architectures using Microsoft technologies and Dataverse as a modern operational backbone. API Integrations We connect your internal and external systems using secure and scalable API [&hellip;]<\/p>\n","protected":false},"author":1,"featured_media":0,"parent":0,"menu_order":0,"comment_status":"closed","ping_status":"closed","template":"","meta":{"footnotes":""},"class_list":["post-152","page","type-page","status-publish","hentry"],"_hostinger_reach_plugin_has_subscription_block":false,"_hostinger_reach_plugin_is_elementor":false,"_links":{"self":[{"href":"https:\/\/vds-automate.com\/cs\/wp-json\/wp\/v2\/pages\/152","targetHints":{"allow":["GET"]}}],"collection":[{"href":"https:\/\/vds-automate.com\/cs\/wp-json\/wp\/v2\/pages"}],"about":[{"href":"https:\/\/vds-automate.com\/cs\/wp-json\/wp\/v2\/types\/page"}],"author":[{"embeddable":true,"href":"https:\/\/vds-automate.com\/cs\/wp-json\/wp\/v2\/users\/1"}],"replies":[{"embeddable":true,"href":"https:\/\/vds-automate.com\/cs\/wp-json\/wp\/v2\/comments?post=152"}],"version-history":[{"count":16,"href":"https:\/\/vds-automate.com\/cs\/wp-json\/wp\/v2\/pages\/152\/revisions"}],"predecessor-version":[{"id":391,"href":"https:\/\/vds-automate.com\/cs\/wp-json\/wp\/v2\/pages\/152\/revisions\/391"}],"wp:attachment":[{"href":"https:\/\/vds-automate.com\/cs\/wp-json\/wp\/v2\/media?parent=152"}],"curies":[{"name":"wp","href":"https:\/\/api.w.org\/{rel}","templated":true}]}}