{"id":159,"date":"2026-03-03T09:57:29","date_gmt":"2026-03-03T08:57:29","guid":{"rendered":"https:\/\/vds-automate.com\/?page_id=159"},"modified":"2026-03-19T19:47:33","modified_gmt":"2026-03-19T18:47:33","slug":"digital-architecture-consulting","status":"publish","type":"page","link":"https:\/\/vds-automate.com\/cs\/digital-architecture-consulting\/","title":{"rendered":"Digit\u00e1ln\u00ed architektura a poradenstv\u00ed"},"content":{"rendered":"<div class=\"wp-block-group has-global-padding is-layout-constrained wp-block-group-is-layout-constrained\">\n<h2 class=\"wp-block-heading has-text-align-center has-secondary-color has-text-color has-link-color wp-elements-db7e920fced4a12b7f2f47d479c8a730\">Strategick\u00e1 digit\u00e1ln\u00ed architektura pro \u0161k\u00e1lovateln\u00e9 firmy<\/h2>\n\n\n\n<p class=\"has-text-align-center\">Navrhujeme strukturovan\u00e9 digit\u00e1ln\u00ed ekosyst\u00e9my, kter\u00e9 slad\u00ed obchodn\u00ed procesy, datovou architekturu a technologick\u00e9 platformy.<\/p>\n\n\n\n<p class=\"has-text-align-center\">N\u00e1\u0161 konzulta\u010dn\u00ed p\u0159\u00edstup zaji\u0161\u0165uje, \u017ee automatizace a digit\u00e1ln\u00ed syst\u00e9my jsou implementov\u00e1ny s jasnou dlouhodobou strategi\u00ed, nikoli s fragmentovan\u00fdmi technick\u00fdmi \u0159e\u0161en\u00edmi.<\/p>\n\n\n\n<hr class=\"wp-block-separator has-alpha-channel-opacity\"\/>\n\n\n\n<p class=\"has-text-align-center\">Mnoho organizac\u00ed implementuje n\u00e1stroje bez jasn\u00e9 syst\u00e9mov\u00e9 architektury.<\/p>\n\n\n\n<p class=\"has-text-align-center\">Postupem \u010dasu to vede k fragmentaci proces\u016f, duplicitn\u00edm dat\u016fm a rostouc\u00ed provozn\u00ed slo\u017eitosti.<\/p>\n\n\n\n<p class=\"has-text-align-center\">Pom\u00e1h\u00e1me firm\u00e1m navrhovat strukturovan\u00e1 digit\u00e1ln\u00ed prost\u0159ed\u00ed, kter\u00e1 podporuj\u00ed efektivitu, \u0161k\u00e1lovatelnost a udr\u017eiteln\u00fd r\u016fst.<\/p>\n<\/div>\n\n\n\n<hr class=\"wp-block-separator has-alpha-channel-opacity is-style-wide\"\/>\n\n\n\n<div class=\"wp-block-group wow animate__animated animate__fadeInUp has-global-padding is-layout-constrained wp-block-group-is-layout-constrained\" style=\"margin-top:0;margin-bottom:0;padding-top:var(--wp--preset--spacing--50);padding-bottom:var(--wp--preset--spacing--50)\">\n<div class=\"wp-block-columns are-vertically-aligned-center is-layout-flex wp-container-core-columns-is-layout-7fc3d43a wp-block-columns-is-layout-flex\">\n<div class=\"wp-block-column is-vertically-aligned-center wow animate__animated animate__fadeInUp is-layout-flow wp-block-column-is-layout-flow\" style=\"flex-basis:45%\">\n<div class=\"wp-block-group has-global-padding is-layout-constrained wp-block-group-is-layout-constrained\" style=\"margin-top:0;margin-bottom:0;padding-top:0;padding-bottom:0\">\n<h2 class=\"wp-block-heading has-text-align-left has-secondary-color has-text-color has-link-color has-body-font-family wp-elements-193b77a949b10ec6c92808a05ac46edd\" style=\"margin-top:0;font-size:clamp(20px, 1.25rem + ((1vw - 3.2px) * 1.25), 32px);font-style:normal;font-weight:600;line-height:1.2\">Anal\u00fdza obchodn\u00edch proces\u016f<\/h2>\n\n\n\n<p>Analyzujeme st\u00e1vaj\u00edc\u00ed pracovn\u00ed postupy, abychom identifikovali neefektivity, \u00fazk\u00e1 hrdla a p\u0159\u00edle\u017eitosti k automatizaci.<\/p>\n\n\n\n<h4 class=\"wp-block-heading has-secondary-color has-text-color has-link-color wp-elements-824681657049652a6633d509347077e0\">Obchodn\u00ed hodnota:<\/h4>\n\n\n\n<ul class=\"wp-block-list\">\n<li>Jasn\u00fd p\u0159ehled o provozn\u00edch procesech<\/li>\n\n\n\n<li>Neefektivnost identifikace<\/li>\n\n\n\n<li>Strukturovan\u00fd pl\u00e1n zlep\u0161en\u00ed<\/li>\n<\/ul>\n\n\n\n<p style=\"margin-top:10px;margin-bottom:0\"><strong>V\u00fdsledek:<\/strong> Dob\u0159e definovan\u00fd z\u00e1klad pro digit\u00e1ln\u00ed transformaci.<\/p>\n<\/div>\n<\/div>\n\n\n\n<div class=\"wp-block-column is-vertically-aligned-center wow animate__animated animate__fadeInUp is-layout-flow wp-block-column-is-layout-flow\">\n<figure class=\"wp-block-image size-full has-custom-border\"><img decoding=\"async\" width=\"690\" height=\"360\" src=\"https:\/\/vds-automate.com\/wp-content\/uploads\/2026\/03\/Analise_5.1.jpg\" alt=\"Business Process Analysis\" class=\"wp-image-234\" style=\"border-radius:8px\" srcset=\"https:\/\/vds-automate.com\/wp-content\/uploads\/2026\/03\/Analise_5.1.jpg 690w, https:\/\/vds-automate.com\/wp-content\/uploads\/2026\/03\/Analise_5.1-300x157.jpg 300w\" sizes=\"(max-width: 690px) 100vw, 690px\" \/><\/figure>\n<\/div>\n<\/div>\n<\/div>\n\n\n\n<hr class=\"wp-block-separator has-alpha-channel-opacity is-style-wide\"\/>\n\n\n\n<div class=\"wp-block-group wow animate__animated animate__fadeInUp has-global-padding is-layout-constrained wp-block-group-is-layout-constrained\" style=\"margin-top:0;margin-bottom:0;padding-top:var(--wp--preset--spacing--50);padding-bottom:var(--wp--preset--spacing--50)\">\n<div class=\"wp-block-columns are-vertically-aligned-center is-layout-flex wp-container-core-columns-is-layout-7fc3d43a wp-block-columns-is-layout-flex\">\n<div class=\"wp-block-column is-vertically-aligned-center wow animate__animated animate__fadeInUp is-layout-flow wp-block-column-is-layout-flow\">\n<figure class=\"wp-block-image size-full has-custom-border\"><img decoding=\"async\" width=\"680\" height=\"401\" src=\"https:\/\/vds-automate.com\/wp-content\/uploads\/2026\/03\/develop-a-power-platform-solution.webp\" alt=\"Digital Architecture with Microsoft Power Platform\" class=\"wp-image-236\" style=\"border-radius:8px;box-shadow:var(--wp--preset--shadow--natural)\" srcset=\"https:\/\/vds-automate.com\/wp-content\/uploads\/2026\/03\/develop-a-power-platform-solution.webp 680w, https:\/\/vds-automate.com\/wp-content\/uploads\/2026\/03\/develop-a-power-platform-solution-300x177.webp 300w\" sizes=\"(max-width: 680px) 100vw, 680px\" \/><\/figure>\n<\/div>\n\n\n\n<div class=\"wp-block-column is-vertically-aligned-center wow animate__animated animate__fadeInUp is-layout-flow wp-block-column-is-layout-flow\" style=\"flex-basis:45%\">\n<div class=\"wp-block-group has-global-padding is-layout-constrained wp-block-group-is-layout-constrained\" style=\"margin-top:0;margin-bottom:0;padding-top:0;padding-bottom:0\">\n<h2 class=\"wp-block-heading has-text-align-left has-secondary-color has-text-color has-link-color has-body-font-family wp-elements-adbc1f8b190e1a01a2cfa0c87437b0be\" style=\"margin-top:0;font-size:clamp(20px, 1.25rem + ((1vw - 3.2px) * 1.25), 32px);font-style:normal;font-weight:600;line-height:1.2\">N\u00e1vrh digit\u00e1ln\u00ed architektury<\/h2>\n\n\n\n<p>Navrhujeme strukturovan\u00e9 digit\u00e1ln\u00ed ekosyst\u00e9my, kter\u00e9 definuj\u00ed, jak syst\u00e9my, data a automatizace interaguj\u00ed.<\/p>\n\n\n\n<h4 class=\"wp-block-heading has-secondary-color has-text-color has-link-color wp-elements-824681657049652a6633d509347077e0\">Obchodn\u00ed hodnota:<\/h4>\n\n\n\n<ul class=\"wp-block-list\">\n<li>Jasn\u00e1 struktura syst\u00e9mu<\/li>\n\n\n\n<li>Sn\u00ed\u017een\u00e1 fragmentace technologi\u00ed<\/li>\n\n\n\n<li>\u0160k\u00e1lovateln\u00fd digit\u00e1ln\u00ed z\u00e1klad<\/li>\n<\/ul>\n\n\n\n<p style=\"margin-top:10px;margin-bottom:0\"><strong>V\u00fdsledek:<\/strong> Ucelen\u00e1 architektura, kter\u00e1 podporuje dlouhodob\u00fd r\u016fst podnik\u00e1n\u00ed.<\/p>\n<\/div>\n<\/div>\n<\/div>\n<\/div>\n\n\n\n<hr class=\"wp-block-separator has-alpha-channel-opacity is-style-wide\"\/>\n\n\n\n<div class=\"wp-block-group wow animate__animated animate__fadeInUp has-global-padding is-layout-constrained wp-block-group-is-layout-constrained\" style=\"margin-top:0;margin-bottom:0;padding-top:var(--wp--preset--spacing--50);padding-bottom:var(--wp--preset--spacing--50)\">\n<div class=\"wp-block-columns are-vertically-aligned-center is-layout-flex wp-container-core-columns-is-layout-7fc3d43a wp-block-columns-is-layout-flex\">\n<div class=\"wp-block-column is-vertically-aligned-center wow animate__animated animate__fadeInUp is-layout-flow wp-block-column-is-layout-flow\" style=\"flex-basis:45%\">\n<div class=\"wp-block-group has-global-padding is-layout-constrained wp-block-group-is-layout-constrained\" style=\"margin-top:0;margin-bottom:0;padding-top:0;padding-bottom:0\">\n<h2 class=\"wp-block-heading has-text-align-left has-secondary-color has-text-color has-link-color has-body-font-family wp-elements-b6744f136e7e7ab54bb39aa4b6f9da3f\" style=\"margin-top:0;font-size:clamp(20px, 1.25rem + ((1vw - 3.2px) * 1.25), 32px);font-style:normal;font-weight:600;line-height:1.2\">V\u00fdvoj strategie automatizace <\/h2>\n\n\n\n<p>Vyv\u00edj\u00edme strukturovan\u00e9 automatiza\u010dn\u00ed strategie v souladu s obchodn\u00edmi prioritami.<\/p>\n\n\n\n<h4 class=\"wp-block-heading has-secondary-color has-text-color has-link-color wp-elements-824681657049652a6633d509347077e0\">Obchodn\u00ed hodnota:<\/h4>\n\n\n\n<ul class=\"wp-block-list\">\n<li>Prioritn\u00ed automatiza\u010dn\u00ed iniciativy <\/li>\n\n\n\n<li>Sn\u00ed\u017een\u00e9 provozn\u00ed re\u017eie<\/li>\n\n\n\n<li>Zv\u00fd\u0161en\u00e1 efektivita proces\u016f<\/li>\n<\/ul>\n\n\n\n<p style=\"margin-top:10px;margin-bottom:0\"><strong>V\u00fdsledek:<\/strong> Automatiza\u010dn\u00ed iniciativy, kter\u00e9 p\u0159in\u00e1\u0161ej\u00ed m\u011b\u0159iteln\u00fd dopad na podnik\u00e1n\u00ed. <\/p>\n<\/div>\n<\/div>\n\n\n\n<div class=\"wp-block-column is-vertically-aligned-center wow animate__animated animate__fadeInUp is-layout-flow wp-block-column-is-layout-flow\">\n<figure class=\"wp-block-image size-full has-custom-border\"><img decoding=\"async\" width=\"735\" height=\"420\" src=\"https:\/\/vds-automate.com\/wp-content\/uploads\/2026\/03\/automate_5.3.jpg\" alt=\"Automation Development\" class=\"wp-image-237\" style=\"border-radius:8px\" srcset=\"https:\/\/vds-automate.com\/wp-content\/uploads\/2026\/03\/automate_5.3.jpg 735w, https:\/\/vds-automate.com\/wp-content\/uploads\/2026\/03\/automate_5.3-300x171.jpg 300w\" sizes=\"(max-width: 735px) 100vw, 735px\" \/><\/figure>\n<\/div>\n<\/div>\n<\/div>\n\n\n\n<hr class=\"wp-block-separator has-alpha-channel-opacity is-style-wide\"\/>\n\n\n\n<div class=\"wp-block-group wow animate__animated animate__fadeInUp has-global-padding is-layout-constrained wp-block-group-is-layout-constrained\" style=\"margin-top:0;margin-bottom:0;padding-top:var(--wp--preset--spacing--50);padding-bottom:var(--wp--preset--spacing--50)\">\n<div class=\"wp-block-columns are-vertically-aligned-center is-layout-flex wp-container-core-columns-is-layout-7fc3d43a wp-block-columns-is-layout-flex\">\n<div class=\"wp-block-column is-vertically-aligned-center wow animate__animated animate__fadeInUp is-layout-flow wp-block-column-is-layout-flow\">\n<figure class=\"wp-block-image size-full has-custom-border\"><img decoding=\"async\" width=\"720\" height=\"427\" src=\"https:\/\/vds-automate.com\/wp-content\/uploads\/2026\/03\/datautilization_5.5.jpg\" alt=\"Data Architecture\" class=\"wp-image-238\" style=\"border-radius:8px\" srcset=\"https:\/\/vds-automate.com\/wp-content\/uploads\/2026\/03\/datautilization_5.5.jpg 720w, https:\/\/vds-automate.com\/wp-content\/uploads\/2026\/03\/datautilization_5.5-300x178.jpg 300w\" sizes=\"(max-width: 720px) 100vw, 720px\" \/><\/figure>\n<\/div>\n\n\n\n<div class=\"wp-block-column is-vertically-aligned-center wow animate__animated animate__fadeInUp is-layout-flow wp-block-column-is-layout-flow\" style=\"flex-basis:45%\">\n<div class=\"wp-block-group has-global-padding is-layout-constrained wp-block-group-is-layout-constrained\" style=\"margin-top:0;margin-bottom:0;padding-top:0;padding-bottom:0\">\n<h2 class=\"wp-block-heading has-text-align-left has-secondary-color has-text-color has-link-color has-body-font-family wp-elements-7efd5e0cebebde7eb2c0f51b2acaf5f8\" style=\"margin-top:0;font-size:clamp(20px, 1.25rem + ((1vw - 3.2px) * 1.25), 32px);font-style:normal;font-weight:600;line-height:1.2\">Datov\u00fd model a informa\u010dn\u00ed architektura<\/h2>\n\n\n\n<p>Navrhujeme strukturovan\u00e1 datov\u00e1 prost\u0159ed\u00ed, kter\u00e1 podporuj\u00ed reporting, automatizaci a v\u00fdvoj aplikac\u00ed.<\/p>\n\n\n\n<h4 class=\"wp-block-heading has-secondary-color has-text-color has-link-color wp-elements-824681657049652a6633d509347077e0\">Obchodn\u00ed hodnota:<\/h4>\n\n\n\n<ul class=\"wp-block-list\">\n<li>Konzistentn\u00ed a spolehliv\u00e1 data<\/li>\n\n\n\n<li>Vylep\u0161en\u00e9 mo\u017enosti reportingu<\/li>\n\n\n\n<li>Sn\u00ed\u017een\u00e1 duplicita dat<\/li>\n<\/ul>\n\n\n\n<p style=\"margin-top:10px;margin-bottom:0\"><strong>V\u00fdsledek:<\/strong> \u0160k\u00e1lovateln\u00e1 datov\u00e1 architektura, kter\u00e1 podporuje inteligentn\u00ed rozhodov\u00e1n\u00ed.<\/p>\n<\/div>\n<\/div>\n<\/div>\n<\/div>\n\n\n\n<hr class=\"wp-block-separator has-alpha-channel-opacity is-style-wide\"\/>\n\n\n\n<div class=\"wp-block-group wow animate__animated animate__fadeInUp has-global-padding is-layout-constrained wp-block-group-is-layout-constrained\" style=\"margin-top:0;margin-bottom:0;padding-top:var(--wp--preset--spacing--50);padding-bottom:var(--wp--preset--spacing--50)\">\n<div class=\"wp-block-columns are-vertically-aligned-center is-layout-flex wp-container-core-columns-is-layout-7fc3d43a wp-block-columns-is-layout-flex\">\n<div class=\"wp-block-column is-vertically-aligned-center wow animate__animated animate__fadeInUp is-layout-flow wp-block-column-is-layout-flow\" style=\"flex-basis:45%\">\n<div class=\"wp-block-group has-global-padding is-layout-constrained wp-block-group-is-layout-constrained\" style=\"margin-top:0;margin-bottom:0;padding-top:0;padding-bottom:0\">\n<h2 class=\"wp-block-heading has-text-align-left has-secondary-color has-text-color has-link-color has-body-font-family wp-elements-ee0a1f8f2b888bbeb2f1b6bc3c78e004\" style=\"margin-top:0;font-size:clamp(20px, 1.25rem + ((1vw - 3.2px) * 1.25), 32px);font-style:normal;font-weight:600;line-height:1.2\">Technologie a licen\u010dn\u00ed strategie <\/h2>\n\n\n\n<p>Pom\u00e1h\u00e1me firm\u00e1m s v\u00fdb\u011brem spr\u00e1vn\u00fdch technologick\u00fdch platforem a licen\u010dn\u00edch model\u016f.<\/p>\n\n\n\n<h4 class=\"wp-block-heading has-secondary-color has-text-color has-link-color wp-elements-824681657049652a6633d509347077e0\">Obchodn\u00ed hodnota:<\/h4>\n\n\n\n<ul class=\"wp-block-list\">\n<li>Optimalizovan\u00e9 investice do technologi\u00ed<\/li>\n\n\n\n<li>Vyh\u00fdb\u00e1n\u00ed se nepot\u0159ebn\u00fdm n\u00e1stroj\u016fm<\/li>\n\n\n\n<li>Lep\u0161\u00ed kontrola n\u00e1klad\u016f<\/li>\n<\/ul>\n\n\n\n<p style=\"margin-top:10px;margin-bottom:0\"><strong>V\u00fdsledek:<\/strong> Vyv\u00e1\u017een\u00fd a udr\u017eiteln\u00fd stack digit\u00e1ln\u00edch technologi\u00ed.<\/p>\n<\/div>\n<\/div>\n\n\n\n<div class=\"wp-block-column is-vertically-aligned-center wow animate__animated animate__fadeInUp is-layout-flow wp-block-column-is-layout-flow\">\n<figure class=\"wp-block-image size-full has-custom-border\"><img decoding=\"async\" width=\"586\" height=\"295\" src=\"https:\/\/vds-automate.com\/wp-content\/uploads\/2026\/03\/technology_5.5.jpg\" alt=\"technology platform\" class=\"wp-image-240\" style=\"border-radius:8px\" srcset=\"https:\/\/vds-automate.com\/wp-content\/uploads\/2026\/03\/technology_5.5.jpg 586w, https:\/\/vds-automate.com\/wp-content\/uploads\/2026\/03\/technology_5.5-300x151.jpg 300w\" sizes=\"(max-width: 586px) 100vw, 586px\" \/><\/figure>\n<\/div>\n<\/div>\n<\/div>\n\n\n\n<hr class=\"wp-block-separator has-alpha-channel-opacity is-style-wide\"\/>\n\n\n\n<div class=\"wp-block-group wow animate__animated animate__fadeInUp has-global-padding is-layout-constrained wp-block-group-is-layout-constrained\" style=\"margin-top:0;margin-bottom:0;padding-top:var(--wp--preset--spacing--50);padding-bottom:var(--wp--preset--spacing--50)\">\n<div class=\"wp-block-columns are-vertically-aligned-center is-layout-flex wp-container-core-columns-is-layout-7fc3d43a wp-block-columns-is-layout-flex\">\n<div class=\"wp-block-column is-vertically-aligned-center wow animate__animated animate__fadeInUp is-layout-flow wp-block-column-is-layout-flow\">\n<figure class=\"wp-block-image size-full has-custom-border\"><img decoding=\"async\" width=\"945\" height=\"533\" src=\"https:\/\/vds-automate.com\/wp-content\/uploads\/2026\/03\/Roadmap_5.6.jpg\" alt=\"Digital growth\" class=\"wp-image-241\" style=\"border-radius:8px\" srcset=\"https:\/\/vds-automate.com\/wp-content\/uploads\/2026\/03\/Roadmap_5.6.jpg 945w, https:\/\/vds-automate.com\/wp-content\/uploads\/2026\/03\/Roadmap_5.6-300x169.jpg 300w, https:\/\/vds-automate.com\/wp-content\/uploads\/2026\/03\/Roadmap_5.6-768x433.jpg 768w\" sizes=\"(max-width: 945px) 100vw, 945px\" \/><\/figure>\n<\/div>\n\n\n\n<div class=\"wp-block-column is-vertically-aligned-center wow animate__animated animate__fadeInUp is-layout-flow wp-block-column-is-layout-flow\" style=\"flex-basis:45%\">\n<div class=\"wp-block-group has-global-padding is-layout-constrained wp-block-group-is-layout-constrained\" style=\"margin-top:0;margin-bottom:0;padding-top:0;padding-bottom:0\">\n<h2 class=\"wp-block-heading has-text-align-left has-secondary-color has-text-color has-link-color has-body-font-family wp-elements-fe3a1dd34fbe7c9ecb00b23fa69d5cfd\" style=\"margin-top:0;font-size:clamp(20px, 1.25rem + ((1vw - 3.2px) * 1.25), 32px);font-style:normal;font-weight:600;line-height:1.2\">Pl\u00e1n digit\u00e1ln\u00edho r\u016fstu<\/h2>\n\n\n\n<p>Vytv\u00e1\u0159\u00edme dlouhodob\u00e9 pl\u00e1ny pro digit\u00e1ln\u00ed rozvoj a evoluci syst\u00e9m\u016f.<\/p>\n\n\n\n<h4 class=\"wp-block-heading has-secondary-color has-text-color has-link-color wp-elements-824681657049652a6633d509347077e0\">Obchodn\u00ed hodnota:<\/h4>\n\n\n\n<ul class=\"wp-block-list\">\n<li>Jasn\u00fd sm\u011br v\u00fdvoje<\/li>\n\n\n\n<li>Sn\u00ed\u017een\u00e1 implementa\u010dn\u00ed rizika<\/li>\n\n\n\n<li>Strukturovan\u00e1 digit\u00e1ln\u00ed transformace<\/li>\n<\/ul>\n\n\n\n<p style=\"margin-top:10px;margin-bottom:0\"><strong>V\u00fdsledek:<\/strong> Dlouhodob\u00e1 strategie, kter\u00e1 \u0159\u00edd\u00ed digit\u00e1ln\u00ed r\u016fst.<\/p>\n<\/div>\n<\/div>\n<\/div>\n<\/div>\n\n\n\n<hr class=\"wp-block-separator has-alpha-channel-opacity is-style-wide\"\/>\n\n\n\n<div class=\"wp-block-cover\"><img decoding=\"async\" width=\"948\" height=\"1024\" class=\"wp-block-cover__image-background wp-image-306 size-large\" alt=\"digital transformation\" src=\"https:\/\/vds-automate.com\/wp-content\/uploads\/2026\/03\/DarkBG-948x1024.jpg\" data-object-fit=\"cover\" srcset=\"https:\/\/vds-automate.com\/wp-content\/uploads\/2026\/03\/DarkBG-948x1024.jpg 948w, https:\/\/vds-automate.com\/wp-content\/uploads\/2026\/03\/DarkBG-278x300.jpg 278w, https:\/\/vds-automate.com\/wp-content\/uploads\/2026\/03\/DarkBG-768x829.jpg 768w, https:\/\/vds-automate.com\/wp-content\/uploads\/2026\/03\/DarkBG-1422x1536.jpg 1422w, https:\/\/vds-automate.com\/wp-content\/uploads\/2026\/03\/DarkBG-1896x2048.jpg 1896w, https:\/\/vds-automate.com\/wp-content\/uploads\/2026\/03\/DarkBG.jpg 2000w\" sizes=\"(max-width: 948px) 100vw, 948px\" \/><span aria-hidden=\"true\" class=\"wp-block-cover__background has-background-dim\" style=\"background-color:#01182a\"><\/span><div class=\"wp-block-cover__inner-container has-global-padding is-layout-constrained wp-block-cover-is-layout-constrained\">\n<div class=\"wp-block-group wow animate__animated animate__fadeInUp has-global-padding is-layout-constrained wp-block-group-is-layout-constrained\" style=\"margin-top:0;margin-bottom:0;padding-top:var(--wp--preset--spacing--30);padding-bottom:var(--wp--preset--spacing--30)\">\n<h2 class=\"wp-block-heading has-text-align-center\"><strong>\u00dasp\u011b\u0161n\u00e1 digit\u00e1ln\u00ed transformace nespo\u010d\u00edv\u00e1 v implementaci jednotliv\u00fdch n\u00e1stroj\u016f.<\/strong><\/h2>\n\n\n\n<p class=\"has-text-align-center has-base-color has-text-color has-link-color wp-elements-4bb5e13d0d6d0276444533170a9bd47b\">Jde o n\u00e1vrh strukturovan\u00e9 digit\u00e1ln\u00ed architektury, kter\u00e1 podporuje obchodn\u00ed operace dnes a \u0161k\u00e1lovateln\u00e1 pro z\u00edt\u0159ek.<\/p>\n\n\n\n<div style=\"height:20px\" aria-hidden=\"true\" class=\"wp-block-spacer\"><\/div>\n\n\n\n<hr class=\"wp-block-separator has-text-color has-base-color has-alpha-channel-opacity has-base-background-color has-background is-style-default\"\/>\n\n\n\n<div style=\"height:20px\" aria-hidden=\"true\" class=\"wp-block-spacer\"><\/div>\n\n\n\n<div class=\"wp-block-buttons is-content-justification-center is-layout-flex wp-container-core-buttons-is-layout-a89b3969 wp-block-buttons-is-layout-flex\">\n<div class=\"wp-block-button\"><a class=\"wp-block-button__link wp-element-button\" href=\"https:\/\/vds-automate.com\/cs\/contact-us\/\">Kontaktujte n\u00e1s hned!<\/a><\/div>\n<\/div>\n<\/div>\n<\/div><\/div>\n\n\n\n<div class=\"wp-block-group has-global-padding is-layout-constrained wp-block-group-is-layout-constrained\">\n<div class=\"wp-block-group is-nowrap is-layout-flex wp-container-core-group-is-layout-877c468d wp-block-group-is-layout-flex\">\n<figure class=\"wp-block-image size-full\"><img decoding=\"async\" width=\"663\" height=\"659\" src=\"https:\/\/vds-automate.com\/wp-content\/uploads\/2026\/03\/logoJet-14.png\" alt=\"\" class=\"wp-image-233\" srcset=\"https:\/\/vds-automate.com\/wp-content\/uploads\/2026\/03\/logoJet-14.png 663w, https:\/\/vds-automate.com\/wp-content\/uploads\/2026\/03\/logoJet-14-300x298.png 300w, https:\/\/vds-automate.com\/wp-content\/uploads\/2026\/03\/logoJet-14-150x150.png 150w\" sizes=\"(max-width: 663px) 100vw, 663px\" \/><\/figure>\n\n\n\n<figure class=\"wp-block-image size-full\"><img decoding=\"async\" width=\"663\" height=\"659\" src=\"https:\/\/vds-automate.com\/wp-content\/uploads\/2026\/03\/logoJet-14.png\" alt=\"\" class=\"wp-image-233\" srcset=\"https:\/\/vds-automate.com\/wp-content\/uploads\/2026\/03\/logoJet-14.png 663w, https:\/\/vds-automate.com\/wp-content\/uploads\/2026\/03\/logoJet-14-300x298.png 300w, https:\/\/vds-automate.com\/wp-content\/uploads\/2026\/03\/logoJet-14-150x150.png 150w\" sizes=\"(max-width: 663px) 100vw, 663px\" \/><\/figure>\n\n\n\n<figure class=\"wp-block-image size-full\"><img decoding=\"async\" width=\"663\" height=\"659\" src=\"https:\/\/vds-automate.com\/wp-content\/uploads\/2026\/03\/logoJet-14.png\" alt=\"\" class=\"wp-image-233\" srcset=\"https:\/\/vds-automate.com\/wp-content\/uploads\/2026\/03\/logoJet-14.png 663w, https:\/\/vds-automate.com\/wp-content\/uploads\/2026\/03\/logoJet-14-300x298.png 300w, https:\/\/vds-automate.com\/wp-content\/uploads\/2026\/03\/logoJet-14-150x150.png 150w\" sizes=\"(max-width: 663px) 100vw, 663px\" \/><\/figure>\n\n\n\n<figure class=\"wp-block-image size-full\"><img decoding=\"async\" width=\"663\" height=\"659\" src=\"https:\/\/vds-automate.com\/wp-content\/uploads\/2026\/03\/logoJet-14.png\" alt=\"\" class=\"wp-image-233\" srcset=\"https:\/\/vds-automate.com\/wp-content\/uploads\/2026\/03\/logoJet-14.png 663w, https:\/\/vds-automate.com\/wp-content\/uploads\/2026\/03\/logoJet-14-300x298.png 300w, https:\/\/vds-automate.com\/wp-content\/uploads\/2026\/03\/logoJet-14-150x150.png 150w\" sizes=\"(max-width: 663px) 100vw, 663px\" \/><\/figure>\n\n\n\n<figure class=\"wp-block-image size-full\"><img decoding=\"async\" width=\"663\" height=\"659\" src=\"https:\/\/vds-automate.com\/wp-content\/uploads\/2026\/03\/logoJet-14.png\" alt=\"\" class=\"wp-image-233\" srcset=\"https:\/\/vds-automate.com\/wp-content\/uploads\/2026\/03\/logoJet-14.png 663w, https:\/\/vds-automate.com\/wp-content\/uploads\/2026\/03\/logoJet-14-300x298.png 300w, https:\/\/vds-automate.com\/wp-content\/uploads\/2026\/03\/logoJet-14-150x150.png 150w\" sizes=\"(max-width: 663px) 100vw, 663px\" \/><\/figure>\n\n\n\n<figure class=\"wp-block-image size-full\"><img decoding=\"async\" width=\"663\" height=\"659\" src=\"https:\/\/vds-automate.com\/wp-content\/uploads\/2026\/03\/logoJet-14.png\" alt=\"\" class=\"wp-image-233\" srcset=\"https:\/\/vds-automate.com\/wp-content\/uploads\/2026\/03\/logoJet-14.png 663w, https:\/\/vds-automate.com\/wp-content\/uploads\/2026\/03\/logoJet-14-300x298.png 300w, https:\/\/vds-automate.com\/wp-content\/uploads\/2026\/03\/logoJet-14-150x150.png 150w\" sizes=\"(max-width: 663px) 100vw, 663px\" \/><\/figure>\n<\/div>\n<\/div>","protected":false},"excerpt":{"rendered":"<p>Strategic Digital Architecture for Scalable Businesses We design structured digital ecosystems that align business processes, data architecture, and technology platforms. Our consulting approach ensures that automation and digital systems are implemented with a clear long-term strategy rather than fragmented technical solutions. Many organizations implement tools without a clear system architecture. Over time, this leads to [&hellip;]<\/p>\n","protected":false},"author":1,"featured_media":0,"parent":0,"menu_order":0,"comment_status":"closed","ping_status":"closed","template":"","meta":{"footnotes":""},"class_list":["post-159","page","type-page","status-publish","hentry"],"_hostinger_reach_plugin_has_subscription_block":false,"_hostinger_reach_plugin_is_elementor":false,"_links":{"self":[{"href":"https:\/\/vds-automate.com\/cs\/wp-json\/wp\/v2\/pages\/159","targetHints":{"allow":["GET"]}}],"collection":[{"href":"https:\/\/vds-automate.com\/cs\/wp-json\/wp\/v2\/pages"}],"about":[{"href":"https:\/\/vds-automate.com\/cs\/wp-json\/wp\/v2\/types\/page"}],"author":[{"embeddable":true,"href":"https:\/\/vds-automate.com\/cs\/wp-json\/wp\/v2\/users\/1"}],"replies":[{"embeddable":true,"href":"https:\/\/vds-automate.com\/cs\/wp-json\/wp\/v2\/comments?post=159"}],"version-history":[{"count":8,"href":"https:\/\/vds-automate.com\/cs\/wp-json\/wp\/v2\/pages\/159\/revisions"}],"predecessor-version":[{"id":402,"href":"https:\/\/vds-automate.com\/cs\/wp-json\/wp\/v2\/pages\/159\/revisions\/402"}],"wp:attachment":[{"href":"https:\/\/vds-automate.com\/cs\/wp-json\/wp\/v2\/media?parent=159"}],"curies":[{"name":"wp","href":"https:\/\/api.w.org\/{rel}","templated":true}]}}