{"id":62,"date":"2026-02-27T12:12:54","date_gmt":"2026-02-27T11:12:54","guid":{"rendered":"https:\/\/vds-automate.com\/?page_id=62"},"modified":"2026-04-13T19:13:16","modified_gmt":"2026-04-13T18:13:16","slug":"services","status":"publish","type":"page","link":"https:\/\/vds-automate.com\/cs\/services\/","title":{"rendered":"Slu\u017eby"},"content":{"rendered":"<div class=\"wp-block-group has-global-padding is-layout-constrained wp-block-group-is-layout-constrained\" style=\"margin-top:0;margin-bottom:0;padding-top:0;padding-bottom:0\">\n<h2 class=\"wp-block-heading has-text-align-center has-secondary-color has-text-color has-link-color has-body-font-family wp-elements-90b55de5b759925712ac19376f278409\" style=\"margin-top:0;font-size:clamp(20px, 1.25rem + ((1vw - 3.2px) * 1.25), 32px);font-style:normal;font-weight:600;line-height:1.4\">Automatizace podnik\u00e1n\u00ed a v\u00fdvoj aplikac\u00ed na m\u00edru.<\/h2>\n\n\n\n<hr class=\"wp-block-separator has-alpha-channel-opacity\"\/>\n\n\n\n<h3 class=\"wp-block-heading has-text-align-center has-secondary-color has-text-color has-link-color has-body-font-family wp-elements-da62d5e8fba9af0744f8fa113ca36ec3\" style=\"margin-top:0;font-size:clamp(20px, 1.25rem + ((1vw - 3.2px) * 1.25), 32px);font-style:normal;font-weight:600;line-height:1.4\"><strong>Automatizace nen\u00ed jen o n\u00e1stroj\u00edch.<\/strong><\/h3>\n\n\n\n<p class=\"has-text-align-center\" style=\"margin-top:0;margin-bottom:0\">Ve VDS Automate vytv\u00e1\u0159\u00edme strukturovan\u00e1 digit\u00e1ln\u00ed prost\u0159ed\u00ed, kde procesy, data a syst\u00e9my bezprobl\u00e9mov\u011b spolupracuj\u00ed.<\/p>\n\n\n\n<p class=\"has-text-align-center\" style=\"margin-top:0;margin-bottom:0\">Na\u0161e slu\u017eby kombinuj\u00ed strategickou architekturu, syst\u00e9movou integraci, business intelligence a v\u00fdvoj digit\u00e1ln\u00edch platforem s c\u00edlem vytvo\u0159it udr\u017eiteln\u00e9 ekosyst\u00e9my.<\/p>\n\n\n\n<div style=\"height:30px\" aria-hidden=\"true\" class=\"wp-block-spacer\"><\/div>\n\n\n\n<p class=\"has-text-align-center\" style=\"margin-top:0;margin-bottom:0\"><strong>\u00dasp\u011b\u0161n\u00e1 digit\u00e1ln\u00ed transformace vy\u017eaduje v\u00edce ne\u017e jen implementaci jednotliv\u00fdch n\u00e1stroj\u016f.<\/strong><br><\/p>\n\n\n\n<p class=\"has-text-align-center\" style=\"margin-top:0;margin-bottom:0\">Vy\u017eaduje to jasnou architekturu, kde jsou syst\u00e9my, aplikace, data a digit\u00e1ln\u00ed platformy navr\u017eeny tak, aby spolupracovaly.<br><\/p>\n\n\n\n<p class=\"has-text-align-center\" style=\"margin-top:0;margin-bottom:0\">Na\u0161e slu\u017eby pokr\u00fdvaj\u00ed cel\u00fd \u017eivotn\u00ed cyklus digit\u00e1ln\u00edch syst\u00e9m\u016f \u2013 od strategie a architektury a\u017e po implementaci a integraci.<br><\/p>\n\n\n\n<hr class=\"wp-block-separator has-alpha-channel-opacity\"\/>\n<\/div>\n\n\n\n<div class=\"wp-block-group wow animate__animated animate__fadeInUp has-base-background-color has-background has-global-padding is-layout-constrained wp-block-group-is-layout-constrained\" style=\"margin-top:0;margin-bottom:0;padding-top:var(--wp--preset--spacing--50);padding-bottom:var(--wp--preset--spacing--50)\">\n<div class=\"wp-block-cover\"><img decoding=\"async\" width=\"612\" height=\"345\" class=\"wp-block-cover__image-background wp-image-381 size-full\" alt=\"services &amp; automation tools\" src=\"https:\/\/vds-automate.com\/wp-content\/uploads\/2026\/03\/automatization.jpg\" style=\"object-position:21% 81%\" data-object-fit=\"cover\" data-object-position=\"21% 81%\" srcset=\"https:\/\/vds-automate.com\/wp-content\/uploads\/2026\/03\/automatization.jpg 612w, https:\/\/vds-automate.com\/wp-content\/uploads\/2026\/03\/automatization-300x169.jpg 300w\" sizes=\"(max-width: 612px) 100vw, 612px\" \/><span aria-hidden=\"true\" class=\"wp-block-cover__background has-secondary-background-color has-background-dim-20 has-background-dim\"><\/span><div class=\"wp-block-cover__inner-container has-global-padding is-layout-constrained wp-block-cover-is-layout-constrained\"><\/div><\/div>\n\n\n\n<div class=\"wp-block-group has-global-padding is-layout-constrained wp-block-group-is-layout-constrained\">\n<h2 class=\"wp-block-heading has-text-align-center has-secondary-color has-text-color has-link-color wp-elements-6b8b155f1b200e33247ffa09d502486e\">Na\u0161e slu\u017eby<\/h2>\n<\/div>\n\n\n\n<div class=\"wp-block-columns is-layout-flex wp-container-core-columns-is-layout-328c6305 wp-block-columns-is-layout-flex\" style=\"padding-top:var(--wp--preset--spacing--30)\">\n<div class=\"wp-block-column wow animate__animated animate__zoomIn animate__delay-1s is-layout-flow wp-block-column-is-layout-flow\" style=\"border-width:2px;padding-top:0;padding-right:0;padding-bottom:0;padding-left:0\">\n<div class=\"wp-block-group has-border-color has-base-2-background-color has-background has-global-padding is-layout-constrained wp-container-core-group-is-layout-80fb368b wp-block-group-is-layout-constrained\" style=\"border-color:#f5f5f585;border-width:1px;border-radius:8px;padding-top:var(--wp--preset--spacing--30);padding-right:var(--wp--preset--spacing--30);padding-bottom:var(--wp--preset--spacing--30);padding-left:var(--wp--preset--spacing--30)\">\n<div class=\"wp-block-group small-icon has-contrast-3-background-color has-background has-global-padding is-content-justification-center is-layout-constrained wp-container-core-group-is-layout-53dde59a wp-block-group-is-layout-constrained\" style=\"padding-top:var(--wp--preset--spacing--20);padding-right:var(--wp--preset--spacing--20);padding-bottom:var(--wp--preset--spacing--20);padding-left:var(--wp--preset--spacing--20)\">\n<figure class=\"wp-block-image aligncenter size-full is-resized wp-duotone-ffffff-ffffff-1\"><img decoding=\"async\" src=\"https:\/\/vds-automate.com\/wp-content\/themes\/agencygrove\/assets\/images\/services.png\" alt=\"\" class=\"wp-image-56\" style=\"object-fit:cover;width:35px;height:auto\"\/><\/figure>\n<\/div>\n\n\n\n<h3 class=\"wp-block-heading has-text-align-center has-secondary-color has-text-color has-link-color wp-elements-114ad67cfc303c4af736ab71c5c9a851\" style=\"font-size:clamp(14.082px, 0.88rem + ((1vw - 3.2px) * 0.721), 21px);font-style:normal;font-weight:500\">Obchodn\u00ed aplikace a digit\u00e1ln\u00ed platformy<\/h3>\n\n\n\n<p class=\"has-text-align-center\">Vyv\u00edj\u00edme podnikov\u00e9 aplikace na m\u00edru s vyu\u017eit\u00edm modern\u00edch platforem, jako jsou Canvas Apps a Model-Driven Apps. Na\u0161e \u0159e\u0161en\u00ed podporuj\u00ed intern\u00ed provoz, spr\u00e1vu dat a bezpe\u010dnou spr\u00e1vu p\u0159\u00edstupu.<\/p>\n<\/div>\n\n\n\n<div class=\"wp-block-buttons is-content-justification-center is-layout-flex wp-container-core-buttons-is-layout-a89b3969 wp-block-buttons-is-layout-flex\">\n<div class=\"wp-block-button\"><a class=\"wp-block-button__link wp-element-button\" href=\"https:\/\/vds-automate.com\/cs\/business-apps-digital-platforms\/\">Zjist\u011bte v\u00edce<\/a><\/div>\n<\/div>\n\n\n\n<div style=\"height:20px\" aria-hidden=\"true\" class=\"wp-block-spacer\"><\/div>\n<\/div>\n\n\n\n<div class=\"wp-block-column wow animate__animated animate__zoomIn is-layout-flow wp-block-column-is-layout-flow\" style=\"border-width:2px\">\n<div class=\"wp-block-group has-border-color has-base-2-background-color has-background has-global-padding is-layout-constrained wp-container-core-group-is-layout-80fb368b wp-block-group-is-layout-constrained\" style=\"border-color:#f5f5f585;border-width:1px;border-radius:8px;padding-top:var(--wp--preset--spacing--30);padding-right:var(--wp--preset--spacing--30);padding-bottom:var(--wp--preset--spacing--30);padding-left:var(--wp--preset--spacing--30)\">\n<div class=\"wp-block-group alignwide small-icon has-contrast-3-background-color has-background has-large-font-size has-global-padding is-content-justification-center is-layout-constrained wp-container-core-group-is-layout-53dde59a wp-block-group-is-layout-constrained\" style=\"padding-top:var(--wp--preset--spacing--20);padding-right:var(--wp--preset--spacing--20);padding-bottom:var(--wp--preset--spacing--20);padding-left:var(--wp--preset--spacing--20)\">\n<figure class=\"wp-block-image aligncenter size-full wp-duotone-ffffff-ffffff-2\"><img decoding=\"async\" src=\"https:\/\/vds-automate.com\/wp-content\/themes\/agencygrove\/assets\/images\/services.png\" alt=\"\" class=\"wp-image-56\" style=\"object-fit:cover\"\/><\/figure>\n<\/div>\n\n\n\n<h3 class=\"wp-block-heading has-text-align-center has-secondary-color has-text-color has-link-color wp-elements-eb7fc35fb4476eb3e27e9568254da86e\" style=\"font-size:clamp(14.082px, 0.88rem + ((1vw - 3.2px) * 0.721), 21px);font-style:normal;font-weight:500\">Syst\u00e9mov\u00e1 integrace a automatizace<\/h3>\n\n\n\n<p class=\"has-text-align-center\">Propojujeme platformy, synchronizujeme data a automatizujeme pracovn\u00ed postupy pomoc\u00ed n\u00e1stroj\u016f od Microsoftu. <br>N\u00e1\u0161 integra\u010dn\u00ed p\u0159\u00edstup zaji\u0161\u0165uje, \u017ee va\u0161e n\u00e1stroje funguj\u00ed jako jedno jednotn\u00e9 prost\u0159ed\u00ed a poskytuj\u00ed maxim\u00e1ln\u00ed hodnotu pro r\u016fst va\u0161eho podnik\u00e1n\u00ed.<\/p>\n<\/div>\n\n\n\n<div class=\"wp-block-buttons is-content-justification-center is-layout-flex wp-container-core-buttons-is-layout-a89b3969 wp-block-buttons-is-layout-flex\">\n<div class=\"wp-block-button\"><a class=\"wp-block-button__link wp-element-button\" href=\"https:\/\/vds-automate.com\/cs\/system-integration-automation\/\">Zjist\u011bte v\u00edce<\/a><\/div>\n<\/div>\n\n\n\n<div style=\"height:20px\" aria-hidden=\"true\" class=\"wp-block-spacer\"><\/div>\n<\/div>\n\n\n\n<div class=\"wp-block-column wow animate__animated animate__zoomIn is-layout-flow wp-block-column-is-layout-flow\" style=\"border-width:2px\">\n<div class=\"wp-block-group has-border-color has-base-2-background-color has-background has-global-padding is-layout-constrained wp-container-core-group-is-layout-80fb368b wp-block-group-is-layout-constrained\" style=\"border-color:#f5f5f585;border-width:1px;border-radius:8px;padding-top:var(--wp--preset--spacing--30);padding-right:var(--wp--preset--spacing--30);padding-bottom:var(--wp--preset--spacing--30);padding-left:var(--wp--preset--spacing--30)\">\n<div class=\"wp-block-group small-icon has-contrast-3-background-color has-background has-global-padding is-content-justification-center is-layout-constrained wp-container-core-group-is-layout-53dde59a wp-block-group-is-layout-constrained\" style=\"padding-top:var(--wp--preset--spacing--20);padding-right:var(--wp--preset--spacing--20);padding-bottom:var(--wp--preset--spacing--20);padding-left:var(--wp--preset--spacing--20)\">\n<figure class=\"wp-block-image aligncenter size-full is-resized wp-duotone-ffffff-ffffff-3\"><img decoding=\"async\" src=\"https:\/\/vds-automate.com\/wp-content\/themes\/agencygrove\/assets\/images\/services.png\" alt=\"\" class=\"wp-image-56\" style=\"object-fit:cover;width:35px;height:auto\"\/><\/figure>\n<\/div>\n\n\n\n<h3 class=\"wp-block-heading has-text-align-center has-secondary-color has-text-color has-link-color wp-elements-5726f8fffc7b05fb8bf5d3b02363c8b4\" style=\"font-size:clamp(14.082px, 0.88rem + ((1vw - 3.2px) * 0.721), 21px);font-style:normal;font-weight:500\">Spr\u00e1va informac\u00ed a dokument\u016f<\/h3>\n\n\n\n<p class=\"has-text-align-center\">Implementace automatizace pro kontrolu a spr\u00e1vu dokument\u016f. <br>Od intern\u00edho znalostn\u00edho syst\u00e9mu a\u017e po datovou architekturu orientovanou na dodr\u017eov\u00e1n\u00ed p\u0159edpis\u016f vytv\u00e1\u0159\u00edme \u0159\u00e1d v r\u00e1mci informa\u010dn\u00ed slo\u017eitosti.<\/p>\n<\/div>\n\n\n\n<div class=\"wp-block-buttons is-content-justification-center is-layout-flex wp-container-core-buttons-is-layout-a89b3969 wp-block-buttons-is-layout-flex\">\n<div class=\"wp-block-button\"><a class=\"wp-block-button__link wp-element-button\" href=\"https:\/\/vds-automate.com\/cs\/info-document-management\/\">Zjist\u011bte v\u00edce<\/a><\/div>\n<\/div>\n\n\n\n<div style=\"height:20px\" aria-hidden=\"true\" class=\"wp-block-spacer\"><\/div>\n<\/div>\n<\/div>\n\n\n\n<div style=\"height:30px\" aria-hidden=\"true\" class=\"wp-block-spacer\"><\/div>\n\n\n\n<div class=\"wp-block-columns is-layout-flex wp-container-core-columns-is-layout-e79a657b wp-block-columns-is-layout-flex\" style=\"padding-top:0\">\n<div class=\"wp-block-column wow animate__animated animate__zoomIn is-layout-flow wp-block-column-is-layout-flow\" style=\"border-width:2px;padding-top:0;padding-right:0;padding-bottom:0;padding-left:0\">\n<div class=\"wp-block-group has-border-color has-base-2-background-color has-background has-global-padding is-layout-constrained wp-container-core-group-is-layout-80fb368b wp-block-group-is-layout-constrained\" style=\"border-color:#f5f5f585;border-width:1px;border-radius:8px;padding-top:var(--wp--preset--spacing--30);padding-right:var(--wp--preset--spacing--30);padding-bottom:var(--wp--preset--spacing--30);padding-left:var(--wp--preset--spacing--30)\">\n<div class=\"wp-block-group small-icon has-contrast-3-background-color has-background has-global-padding is-content-justification-center is-layout-constrained wp-container-core-group-is-layout-53dde59a wp-block-group-is-layout-constrained\" style=\"padding-top:var(--wp--preset--spacing--20);padding-right:var(--wp--preset--spacing--20);padding-bottom:var(--wp--preset--spacing--20);padding-left:var(--wp--preset--spacing--20)\">\n<figure class=\"wp-block-image aligncenter size-full is-resized wp-duotone-ffffff-ffffff-4\"><img decoding=\"async\" src=\"https:\/\/vds-automate.com\/wp-content\/themes\/agencygrove\/assets\/images\/services.png\" alt=\"\" class=\"wp-image-56\" style=\"object-fit:cover;width:35px;height:auto\"\/><\/figure>\n<\/div>\n\n\n\n<h3 class=\"wp-block-heading has-text-align-center has-secondary-color has-text-color has-link-color wp-elements-76e18450d49dcd261152282d27eb0197\" style=\"font-size:clamp(14.082px, 0.88rem + ((1vw - 3.2px) * 0.721), 21px);font-style:normal;font-weight:500\">\u0158e\u0161en\u00ed SharePointu a Power Pages<\/h3>\n\n\n\n<p class=\"has-text-align-center\">Navrhujeme prost\u0159ed\u00ed SharePointu a port\u00e1ly Power Pages, kter\u00e9 propojuj\u00ed zam\u011bstnance, partnery a klienty prost\u0159ednictv\u00edm strukturovan\u00fdch a bezpe\u010dn\u00fdch platforem. <\/p>\n<\/div>\n\n\n\n<div class=\"wp-block-buttons is-content-justification-center is-layout-flex wp-container-core-buttons-is-layout-a89b3969 wp-block-buttons-is-layout-flex\">\n<div class=\"wp-block-button\"><a class=\"wp-block-button__link wp-element-button\" href=\"https:\/\/vds-automate.com\/cs\/data-business-intelligence\/\">Zjist\u011bte v\u00edce<\/a><\/div>\n<\/div>\n\n\n\n<div style=\"height:20px\" aria-hidden=\"true\" class=\"wp-block-spacer\"><\/div>\n<\/div>\n\n\n\n<div class=\"wp-block-column wow animate__animated animate__zoomIn animate__delay-1s is-layout-flow wp-block-column-is-layout-flow\" style=\"border-width:2px\">\n<div class=\"wp-block-group has-border-color has-base-2-background-color has-background has-global-padding is-layout-constrained wp-container-core-group-is-layout-80fb368b wp-block-group-is-layout-constrained\" style=\"border-color:#f5f5f585;border-width:1px;border-radius:8px;padding-top:var(--wp--preset--spacing--30);padding-right:var(--wp--preset--spacing--30);padding-bottom:var(--wp--preset--spacing--30);padding-left:var(--wp--preset--spacing--30)\">\n<div class=\"wp-block-group small-icon has-contrast-3-background-color has-background has-global-padding is-content-justification-center is-layout-constrained wp-container-core-group-is-layout-53dde59a wp-block-group-is-layout-constrained\" style=\"padding-top:var(--wp--preset--spacing--20);padding-right:var(--wp--preset--spacing--20);padding-bottom:var(--wp--preset--spacing--20);padding-left:var(--wp--preset--spacing--20)\">\n<figure class=\"wp-block-image aligncenter size-full is-resized wp-duotone-ffffff-ffffff-5\"><img decoding=\"async\" src=\"https:\/\/vds-automate.com\/wp-content\/themes\/agencygrove\/assets\/images\/services.png\" alt=\"\" class=\"wp-image-56\" style=\"object-fit:cover;width:35px;height:auto\"\/><\/figure>\n<\/div>\n\n\n\n<h3 class=\"wp-block-heading has-text-align-center has-secondary-color has-text-color has-link-color wp-elements-902fe488668cb941f1efef9c5da60f4a\" style=\"font-size:clamp(14.082px, 0.88rem + ((1vw - 3.2px) * 0.721), 21px);font-style:normal;font-weight:500\">Digit\u00e1ln\u00ed architektura a poradensk\u00e9 slu\u017eby<\/h3>\n\n\n\n<p class=\"has-text-align-center\">Navrhujeme \u0161k\u00e1lovateln\u00e9 digit\u00e1ln\u00ed z\u00e1klady pro rostouc\u00ed firmy. Od anal\u00fdzy proces\u016f a\u017e po pl\u00e1ny automatizace zaji\u0161\u0165ujeme strukturovan\u00e9 syst\u00e9my\u2026<\/p>\n<\/div>\n\n\n\n<div class=\"wp-block-buttons is-content-justification-center is-layout-flex wp-container-core-buttons-is-layout-a89b3969 wp-block-buttons-is-layout-flex\">\n<div class=\"wp-block-button\"><a class=\"wp-block-button__link wp-element-button\" href=\"https:\/\/vds-automate.com\/cs\/digital-architecture-consulting\/\">Zjist\u011bte v\u00edce<\/a><\/div>\n<\/div>\n\n\n\n<div style=\"height:20px\" aria-hidden=\"true\" class=\"wp-block-spacer\"><\/div>\n<\/div>\n\n\n\n<div class=\"wp-block-column wow animate__animated animate__zoomIn is-layout-flow wp-block-column-is-layout-flow\" style=\"border-width:2px\">\n<div class=\"wp-block-group has-border-color has-base-2-background-color has-background has-global-padding is-layout-constrained wp-container-core-group-is-layout-80fb368b wp-block-group-is-layout-constrained\" style=\"border-color:#f5f5f585;border-width:1px;border-radius:8px;padding-top:var(--wp--preset--spacing--30);padding-right:var(--wp--preset--spacing--30);padding-bottom:var(--wp--preset--spacing--30);padding-left:var(--wp--preset--spacing--30)\">\n<div class=\"wp-block-group small-icon has-contrast-3-background-color has-background has-global-padding is-content-justification-center is-layout-constrained wp-container-core-group-is-layout-53dde59a wp-block-group-is-layout-constrained\" style=\"padding-top:var(--wp--preset--spacing--20);padding-right:var(--wp--preset--spacing--20);padding-bottom:var(--wp--preset--spacing--20);padding-left:var(--wp--preset--spacing--20)\">\n<figure class=\"wp-block-image aligncenter size-full is-resized wp-duotone-ffffff-ffffff-6\"><img decoding=\"async\" src=\"https:\/\/vds-automate.com\/wp-content\/themes\/agencygrove\/assets\/images\/services.png\" alt=\"\" class=\"wp-image-56\" style=\"object-fit:cover;width:35px;height:auto\"\/><\/figure>\n<\/div>\n\n\n\n<h3 class=\"wp-block-heading has-text-align-center has-secondary-color has-text-color has-link-color wp-elements-23d6b66f54e6df63949174bd2d11de7c\" style=\"border-top-left-radius:0px;border-top-right-radius:0px;border-bottom-left-radius:0px;border-bottom-right-radius:0px;font-size:clamp(14.082px, 0.88rem + ((1vw - 3.2px) * 0.721), 21px);font-style:normal;font-weight:500\">V\u00fdvoj webov\u00fdch str\u00e1nek a digit\u00e1ln\u00ed syst\u00e9my<\/h3>\n\n\n\n<p class=\"has-text-align-center\">Navrhujeme a vyv\u00edj\u00edme webov\u00e9 str\u00e1nky, kter\u00e9 d\u011blaj\u00ed v\u00edce ne\u017e jen prezentuj\u00ed va\u0161i firmu online. Na\u0161e digit\u00e1ln\u00ed \u0159e\u0161en\u00ed propojuj\u00ed webov\u00e9 str\u00e1nky s intern\u00edmi syst\u00e9my\u2026<\/p>\n<\/div>\n\n\n\n<div class=\"wp-block-buttons is-content-justification-center is-layout-flex wp-container-core-buttons-is-layout-a89b3969 wp-block-buttons-is-layout-flex\">\n<div class=\"wp-block-button\"><a class=\"wp-block-button__link wp-element-button\" href=\"https:\/\/vds-automate.com\/cs\/web-client-facing-digital-solutions\/\">Zjist\u011bte v\u00edce<\/a><\/div>\n<\/div>\n\n\n\n<div style=\"height:20px\" aria-hidden=\"true\" class=\"wp-block-spacer\"><\/div>\n<\/div>\n<\/div>\n<\/div>\n\n\n\n<div class=\"wp-block-cover has-secondary-color has-text-color has-link-color wp-elements-016d415fc6087ef468b4ca6489ebfd95\"><img decoding=\"async\" width=\"948\" height=\"1024\" class=\"wp-block-cover__image-background wp-image-306 size-large\" alt=\"\" src=\"https:\/\/vds-automate.com\/wp-content\/uploads\/2026\/03\/DarkBG-948x1024.jpg\" data-object-fit=\"cover\" srcset=\"https:\/\/vds-automate.com\/wp-content\/uploads\/2026\/03\/DarkBG-948x1024.jpg 948w, https:\/\/vds-automate.com\/wp-content\/uploads\/2026\/03\/DarkBG-278x300.jpg 278w, https:\/\/vds-automate.com\/wp-content\/uploads\/2026\/03\/DarkBG-768x829.jpg 768w, https:\/\/vds-automate.com\/wp-content\/uploads\/2026\/03\/DarkBG-1422x1536.jpg 1422w, https:\/\/vds-automate.com\/wp-content\/uploads\/2026\/03\/DarkBG-1896x2048.jpg 1896w, https:\/\/vds-automate.com\/wp-content\/uploads\/2026\/03\/DarkBG.jpg 2000w\" sizes=\"(max-width: 948px) 100vw, 948px\" \/><span aria-hidden=\"true\" class=\"wp-block-cover__background has-secondary-background-color has-background-dim-20 has-background-dim\"><\/span><div class=\"wp-block-cover__inner-container has-global-padding is-layout-constrained wp-block-cover-is-layout-constrained\">\n<div class=\"wp-block-group has-global-padding is-layout-constrained wp-block-group-is-layout-constrained\">\n<h2 class=\"wp-block-heading has-text-align-center has-base-color has-text-color has-link-color wp-elements-b4783cfd2ab632a8a5b824a28f6e1634\">Jste p\u0159ipraveni modernizovat sv\u00e9 podnik\u00e1n\u00ed?<\/h2>\n\n\n\n<p class=\"has-text-align-center has-base-color has-text-color has-link-color wp-elements-0801f60d1a6a83bb5ff5597e81045ff3\">Poj\u010fme si probrat, jak strukturovan\u00e1 digit\u00e1ln\u00ed \u0159e\u0161en\u00ed mohou zlep\u0161it efektivitu, automatizaci a provozn\u00ed p\u0159ehlednost ve va\u0161\u00ed organizaci.<\/p>\n\n\n\n<div style=\"height:10px\" aria-hidden=\"true\" class=\"wp-block-spacer\"><\/div>\n\n\n\n<hr class=\"wp-block-separator has-text-color has-base-color has-alpha-channel-opacity has-base-background-color has-background\"\/>\n\n\n\n<div style=\"height:20px\" aria-hidden=\"true\" class=\"wp-block-spacer\"><\/div>\n\n\n\n<div class=\"wp-block-buttons is-content-justification-center is-layout-flex wp-container-core-buttons-is-layout-a89b3969 wp-block-buttons-is-layout-flex\">\n<div class=\"wp-block-button\"><a class=\"wp-block-button__link wp-element-button\" href=\"https:\/\/vds-automate.com\/cs\/contact-us\/\">Kontaktujte n\u00e1s hned!<\/a><\/div>\n<\/div>\n<\/div>\n<\/div><\/div>","protected":false},"excerpt":{"rendered":"<p>Business Automation &amp; Custom App Development Services. Automation is not just about tools. At VDS Automate, we build structured digital environments where processes, data, and systems work together seamlessly. Our services combine strategic architecture, system integration, business intelligence, and digital platform development to create sustainable ecosystems. Successful digital transformation requires more than implementing individual tools. [&hellip;]<\/p>\n","protected":false},"author":1,"featured_media":0,"parent":0,"menu_order":0,"comment_status":"closed","ping_status":"closed","template":"","meta":{"footnotes":""},"class_list":["post-62","page","type-page","status-publish","hentry"],"_hostinger_reach_plugin_has_subscription_block":false,"_hostinger_reach_plugin_is_elementor":false,"_links":{"self":[{"href":"https:\/\/vds-automate.com\/cs\/wp-json\/wp\/v2\/pages\/62","targetHints":{"allow":["GET"]}}],"collection":[{"href":"https:\/\/vds-automate.com\/cs\/wp-json\/wp\/v2\/pages"}],"about":[{"href":"https:\/\/vds-automate.com\/cs\/wp-json\/wp\/v2\/types\/page"}],"author":[{"embeddable":true,"href":"https:\/\/vds-automate.com\/cs\/wp-json\/wp\/v2\/users\/1"}],"replies":[{"embeddable":true,"href":"https:\/\/vds-automate.com\/cs\/wp-json\/wp\/v2\/comments?post=62"}],"version-history":[{"count":23,"href":"https:\/\/vds-automate.com\/cs\/wp-json\/wp\/v2\/pages\/62\/revisions"}],"predecessor-version":[{"id":423,"href":"https:\/\/vds-automate.com\/cs\/wp-json\/wp\/v2\/pages\/62\/revisions\/423"}],"wp:attachment":[{"href":"https:\/\/vds-automate.com\/cs\/wp-json\/wp\/v2\/media?parent=62"}],"curies":[{"name":"wp","href":"https:\/\/api.w.org\/{rel}","templated":true}]}}