{"id":64,"date":"2026-02-27T12:25:05","date_gmt":"2026-02-27T11:25:05","guid":{"rendered":"https:\/\/vds-automate.com\/?page_id=64"},"modified":"2026-04-13T14:29:13","modified_gmt":"2026-04-13T13:29:13","slug":"about-us","status":"publish","type":"page","link":"https:\/\/vds-automate.com\/cs\/about-us\/","title":{"rendered":"O n\u00e1s"},"content":{"rendered":"<div class=\"wp-block-cover wow animate__animated animate__fadeInUp\" style=\"margin-top:0;margin-bottom:0;padding-top:var(--wp--preset--spacing--50);padding-right:0;padding-bottom:var(--wp--preset--spacing--50);padding-left:0\"><img decoding=\"async\" width=\"948\" height=\"1024\" class=\"wp-block-cover__image-background wp-image-307 size-large\" alt=\"\" src=\"https:\/\/vds-automate.com\/wp-content\/uploads\/2026\/03\/DarkBG-1-948x1024.jpg\" data-object-fit=\"cover\" srcset=\"https:\/\/vds-automate.com\/wp-content\/uploads\/2026\/03\/DarkBG-1-948x1024.jpg 948w, https:\/\/vds-automate.com\/wp-content\/uploads\/2026\/03\/DarkBG-1-278x300.jpg 278w, https:\/\/vds-automate.com\/wp-content\/uploads\/2026\/03\/DarkBG-1-768x829.jpg 768w, https:\/\/vds-automate.com\/wp-content\/uploads\/2026\/03\/DarkBG-1-1422x1536.jpg 1422w, https:\/\/vds-automate.com\/wp-content\/uploads\/2026\/03\/DarkBG-1-1896x2048.jpg 1896w, https:\/\/vds-automate.com\/wp-content\/uploads\/2026\/03\/DarkBG-1.jpg 2000w\" sizes=\"(max-width: 948px) 100vw, 948px\" \/><span aria-hidden=\"true\" class=\"wp-block-cover__background has-button-hover-color-background-color has-background-dim-70 has-background-dim\"><\/span><div class=\"wp-block-cover__inner-container has-global-padding is-layout-constrained wp-container-core-cover-is-layout-2ec2cd33 wp-block-cover-is-layout-constrained\">\n<div class=\"wp-block-columns is-layout-flex wp-container-core-columns-is-layout-ecae5321 wp-block-columns-is-layout-flex\" style=\"padding-right:var(--wp--preset--spacing--20);padding-left:var(--wp--preset--spacing--20)\">\n<div class=\"wp-block-column wow animate__animated animate__fadeInUp is-layout-flow wp-block-column-is-layout-flow\">\n<div class=\"wp-block-group has-global-padding is-content-justification-left is-layout-constrained wp-container-core-group-is-layout-fcc91ca0 wp-block-group-is-layout-constrained\" style=\"margin-top:0;margin-bottom:0;padding-top:0;padding-right:0;padding-bottom:0;padding-left:0\">\n<h2 class=\"wp-block-heading has-text-align-left has-body-font-family\" style=\"margin-top:0;font-size:clamp(20px, 1.25rem + ((1vw - 3.2px) * 1.25), 32px);font-style:normal;font-weight:600;line-height:1.2\">Prokazateln\u00e9 zku\u0161enosti s automatizac\u00ed obchodn\u00edch proces\u016f<\/h2>\n\n\n\n<p class=\"has-base-color has-text-color has-link-color wp-elements-dc1bc5b4d99bf0b697433abbfd81bf80\"> VDS Automate je digit\u00e1ln\u00ed konzulta\u010dn\u00ed iniciativa zam\u011b\u0159en\u00e1 na n\u00e1vrh strukturovan\u00fdch automatiza\u010dn\u00edch prost\u0159ed\u00ed pro modern\u00ed podniky.<\/p>\n\n\n\n<p class=\"has-base-color has-text-color has-link-color wp-elements-0c688d70cbaaae9cb79800f708661094\">Pom\u00e1h\u00e1me organizac\u00edm propojovat procesy, data a digit\u00e1ln\u00ed platformy a budovat efektivn\u00ed a \u0161k\u00e1lovateln\u00e9 opera\u010dn\u00ed syst\u00e9my.<\/p>\n<\/div>\n<\/div>\n\n\n\n<div class=\"wp-block-column is-vertically-aligned-center column-has-radius wow animate__animated animate__fadeInUp has-background is-layout-flow wp-block-column-is-layout-flow\" style=\"background-color:#ffffff70;padding-top:var(--wp--preset--spacing--20);padding-right:var(--wp--preset--spacing--20);padding-bottom:var(--wp--preset--spacing--20);padding-left:var(--wp--preset--spacing--20)\">\n<figure class=\"wp-block-gallery has-nested-images columns-default is-cropped wp-block-gallery-1 is-layout-flex wp-block-gallery-is-layout-flex\">\n<figure class=\"wp-block-image size-full has-custom-border\"><a href=\"https:\/\/vds-automate.com\/cs\/about\/group-of-business-people-working-inside-modern-office\/\" target=\"_blank\" rel=\"noopener\"><img decoding=\"async\" width=\"509\" height=\"339\" data-id=\"417\" src=\"https:\/\/vds-automate.com\/wp-content\/uploads\/2026\/03\/office_work.jpg\" alt=\"working process\" class=\"wp-image-417\" style=\"border-radius:6px\" srcset=\"https:\/\/vds-automate.com\/wp-content\/uploads\/2026\/03\/office_work.jpg 509w, https:\/\/vds-automate.com\/wp-content\/uploads\/2026\/03\/office_work-300x200.jpg 300w, https:\/\/vds-automate.com\/wp-content\/uploads\/2026\/03\/office_work-18x12.jpg 18w\" sizes=\"(max-width: 509px) 100vw, 509px\" \/><\/a><\/figure>\n\n\n\n<figure class=\"wp-block-image size-large has-custom-border\"><a href=\"https:\/\/vds-automate.com\/cs\/about\/project-5\/\" target=\"_blank\" rel=\"noopener\"><img decoding=\"async\" width=\"1024\" height=\"683\" data-id=\"509\" src=\"https:\/\/vds-automate.com\/wp-content\/uploads\/2026\/03\/project-1024x683.webp\" alt=\"business project\" class=\"wp-image-509\" style=\"border-radius:6px\" srcset=\"https:\/\/vds-automate.com\/wp-content\/uploads\/2026\/03\/project-1024x683.webp 1024w, https:\/\/vds-automate.com\/wp-content\/uploads\/2026\/03\/project-300x200.webp 300w, https:\/\/vds-automate.com\/wp-content\/uploads\/2026\/03\/project-768x512.webp 768w, https:\/\/vds-automate.com\/wp-content\/uploads\/2026\/03\/project-1536x1025.webp 1536w, https:\/\/vds-automate.com\/wp-content\/uploads\/2026\/03\/project-18x12.webp 18w, https:\/\/vds-automate.com\/wp-content\/uploads\/2026\/03\/project.webp 1920w\" sizes=\"(max-width: 1024px) 100vw, 1024px\" \/><\/a><\/figure>\n\n\n\n<figure class=\"wp-block-image size-full has-custom-border\"><a href=\"https:\/\/vds-automate.com\/cs\/about\/in-office\/\" target=\"_blank\" rel=\"noopener\"><img decoding=\"async\" width=\"717\" height=\"491\" data-id=\"313\" src=\"https:\/\/vds-automate.com\/wp-content\/uploads\/2026\/03\/In-office.jpg\" alt=\"analysis process\" class=\"wp-image-313\" style=\"border-radius:6px\" srcset=\"https:\/\/vds-automate.com\/wp-content\/uploads\/2026\/03\/In-office.jpg 717w, https:\/\/vds-automate.com\/wp-content\/uploads\/2026\/03\/In-office-300x205.jpg 300w\" sizes=\"(max-width: 717px) 100vw, 717px\" \/><\/a><\/figure>\n\n\n\n<figure class=\"wp-block-image size-large has-custom-border\"><a href=\"#\" target=\"_blank\" rel=\"noopener\"><img decoding=\"async\" data-id=\"102\" src=\"https:\/\/vds-automate.com\/wp-content\/themes\/agencygrove\/assets\/images\/about.jpg\" alt=\"working processes\" class=\"wp-image-102\" style=\"border-radius:6px\"\/><\/a><\/figure>\n\n\n\n<figure class=\"wp-block-image size-large has-custom-border\"><a href=\"https:\/\/vds-automate.com\/cs\/about\/consilium-2\/\" target=\"_blank\" rel=\"noopener\"><img decoding=\"async\" width=\"1024\" height=\"676\" data-id=\"510\" src=\"https:\/\/vds-automate.com\/wp-content\/uploads\/2026\/03\/consilium-1024x676.webp\" alt=\"business cooperation\" class=\"wp-image-510\" style=\"border-radius:6px\" srcset=\"https:\/\/vds-automate.com\/wp-content\/uploads\/2026\/03\/consilium-1024x676.webp 1024w, https:\/\/vds-automate.com\/wp-content\/uploads\/2026\/03\/consilium-300x198.webp 300w, https:\/\/vds-automate.com\/wp-content\/uploads\/2026\/03\/consilium-768x507.webp 768w, https:\/\/vds-automate.com\/wp-content\/uploads\/2026\/03\/consilium-1536x1014.webp 1536w, https:\/\/vds-automate.com\/wp-content\/uploads\/2026\/03\/consilium-18x12.webp 18w, https:\/\/vds-automate.com\/wp-content\/uploads\/2026\/03\/consilium.webp 1920w\" sizes=\"(max-width: 1024px) 100vw, 1024px\" \/><\/a><\/figure>\n<\/figure>\n<\/div>\n<\/div>\n<\/div><\/div>\n\n\n\n<div style=\"height:20px\" aria-hidden=\"true\" class=\"wp-block-spacer\"><\/div>\n\n\n\n<div class=\"wp-block-group has-global-padding is-layout-constrained wp-block-group-is-layout-constrained\">\n<h4 class=\"wp-block-heading has-text-align-center\"><strong>Na\u0161e filozofie<\/strong><\/h4>\n\n\n\n<p class=\"has-text-align-center\"><strong>Kombinujeme syst\u00e9movou architekturu, automatizaci pracovn\u00edch postup\u016f a datov\u011b \u0159\u00edzen\u00e1 \u0159e\u0161en\u00ed, abychom vytvo\u0159ili digit\u00e1ln\u00ed prost\u0159ed\u00ed, kter\u00e9 podporuje dlouhodob\u00e9 podnik\u00e1n\u00ed.<\/strong><\/p>\n<\/div>\n\n\n\n<div class=\"wp-block-group wow animate__animated animate__fadeInUp has-global-padding is-layout-constrained wp-block-group-is-layout-constrained\" style=\"margin-top:0;margin-bottom:0;padding-top:var(--wp--preset--spacing--30);padding-bottom:var(--wp--preset--spacing--30)\">\n<div class=\"wp-block-group is-nowrap is-layout-flex wp-container-core-group-is-layout-877c468d wp-block-group-is-layout-flex\">\n<figure class=\"wp-block-image size-full\"><img decoding=\"async\" width=\"663\" height=\"659\" src=\"https:\/\/vds-automate.com\/wp-content\/uploads\/2026\/03\/logoJet-17.png\" alt=\"\" class=\"wp-image-317\" srcset=\"https:\/\/vds-automate.com\/wp-content\/uploads\/2026\/03\/logoJet-17.png 663w, https:\/\/vds-automate.com\/wp-content\/uploads\/2026\/03\/logoJet-17-300x298.png 300w, https:\/\/vds-automate.com\/wp-content\/uploads\/2026\/03\/logoJet-17-150x150.png 150w\" sizes=\"(max-width: 663px) 100vw, 663px\" \/><\/figure>\n\n\n\n<figure class=\"wp-block-image size-full\"><img decoding=\"async\" width=\"663\" height=\"659\" src=\"https:\/\/vds-automate.com\/wp-content\/uploads\/2026\/03\/logoJet-17.png\" alt=\"\" class=\"wp-image-317\" srcset=\"https:\/\/vds-automate.com\/wp-content\/uploads\/2026\/03\/logoJet-17.png 663w, https:\/\/vds-automate.com\/wp-content\/uploads\/2026\/03\/logoJet-17-300x298.png 300w, https:\/\/vds-automate.com\/wp-content\/uploads\/2026\/03\/logoJet-17-150x150.png 150w\" sizes=\"(max-width: 663px) 100vw, 663px\" \/><\/figure>\n\n\n\n<figure class=\"wp-block-image size-full\"><img decoding=\"async\" width=\"663\" height=\"659\" src=\"https:\/\/vds-automate.com\/wp-content\/uploads\/2026\/03\/logoJet-17.png\" alt=\"\" class=\"wp-image-317\" srcset=\"https:\/\/vds-automate.com\/wp-content\/uploads\/2026\/03\/logoJet-17.png 663w, https:\/\/vds-automate.com\/wp-content\/uploads\/2026\/03\/logoJet-17-300x298.png 300w, https:\/\/vds-automate.com\/wp-content\/uploads\/2026\/03\/logoJet-17-150x150.png 150w\" sizes=\"(max-width: 663px) 100vw, 663px\" \/><\/figure>\n\n\n\n<figure class=\"wp-block-image size-full\"><img decoding=\"async\" width=\"663\" height=\"659\" src=\"https:\/\/vds-automate.com\/wp-content\/uploads\/2026\/03\/logoJet-17.png\" alt=\"\" class=\"wp-image-317\" srcset=\"https:\/\/vds-automate.com\/wp-content\/uploads\/2026\/03\/logoJet-17.png 663w, https:\/\/vds-automate.com\/wp-content\/uploads\/2026\/03\/logoJet-17-300x298.png 300w, https:\/\/vds-automate.com\/wp-content\/uploads\/2026\/03\/logoJet-17-150x150.png 150w\" sizes=\"(max-width: 663px) 100vw, 663px\" \/><\/figure>\n\n\n\n<figure class=\"wp-block-image size-full\"><img decoding=\"async\" width=\"663\" height=\"659\" src=\"https:\/\/vds-automate.com\/wp-content\/uploads\/2026\/03\/logoJet-17.png\" alt=\"\" class=\"wp-image-317\" srcset=\"https:\/\/vds-automate.com\/wp-content\/uploads\/2026\/03\/logoJet-17.png 663w, https:\/\/vds-automate.com\/wp-content\/uploads\/2026\/03\/logoJet-17-300x298.png 300w, https:\/\/vds-automate.com\/wp-content\/uploads\/2026\/03\/logoJet-17-150x150.png 150w\" sizes=\"(max-width: 663px) 100vw, 663px\" \/><\/figure>\n\n\n\n<figure class=\"wp-block-image size-full\"><img decoding=\"async\" width=\"663\" height=\"659\" src=\"https:\/\/vds-automate.com\/wp-content\/uploads\/2026\/03\/logoJet-17.png\" alt=\"\" class=\"wp-image-317\" srcset=\"https:\/\/vds-automate.com\/wp-content\/uploads\/2026\/03\/logoJet-17.png 663w, https:\/\/vds-automate.com\/wp-content\/uploads\/2026\/03\/logoJet-17-300x298.png 300w, https:\/\/vds-automate.com\/wp-content\/uploads\/2026\/03\/logoJet-17-150x150.png 150w\" sizes=\"(max-width: 663px) 100vw, 663px\" \/><\/figure>\n<\/div>\n<\/div>\n\n\n\n<div class=\"wp-block-group has-global-padding is-layout-constrained wp-block-group-is-layout-constrained\">\n<div class=\"wp-block-group has-global-padding is-layout-constrained wp-block-group-is-layout-constrained\">\n<div class=\"wp-block-columns is-layout-flex wp-container-core-columns-is-layout-28f84493 wp-block-columns-is-layout-flex\">\n<div class=\"wp-block-column is-layout-flow wp-block-column-is-layout-flow\" style=\"flex-basis:56%\">\n<div class=\"wp-block-group wp-container-content-69bc4bdf has-global-padding is-layout-constrained wp-block-group-is-layout-constrained\">\n<h2 class=\"wp-block-heading has-secondary-color has-text-color has-link-color wp-elements-a4e7b2150c27d70f19d985203a0b1de8\">Filozofie automatizace nez\u00e1visl\u00e9 na platform\u011b<\/h2>\n\n\n\n<p>Modern\u00ed automatiza\u010dn\u00ed ekosyst\u00e9my se jen z\u0159\u00eddka spol\u00e9haj\u00ed na jednu platformu.<\/p>\n\n\n\n<p>Efektivn\u00ed digit\u00e1ln\u00ed prost\u0159ed\u00ed kombinuj\u00ed v\u00edce technologi\u00ed, cloudov\u00fdch slu\u017eeb a integra\u010dn\u00edch n\u00e1stroj\u016f a vytv\u00e1\u0159ej\u00ed flexibiln\u00ed a \u0161k\u00e1lovateln\u00e9 syst\u00e9my.<\/p>\n\n\n\n<p>Na <strong>VDS Automate<\/strong>, Navrhujeme platformn\u011b nez\u00e1visl\u00e9 automatiza\u010dn\u00ed architektury, kter\u00e9 integruj\u00ed spr\u00e1vn\u00e9 technologie pro ka\u017ed\u00fd obchodn\u00ed sc\u00e9n\u00e1\u0159 \u2013 a\u0165 u\u017e se jedn\u00e1 o platformy Microsoft, integra\u010dn\u00ed n\u00e1stroje nebo nov\u011b vznikaj\u00edc\u00ed \u0159e\u0161en\u00ed zalo\u017een\u00e1 na um\u011bl\u00e9 inteligenci.<\/p>\n<\/div>\n<\/div>\n\n\n\n<div class=\"wp-block-column is-layout-flow wp-block-column-is-layout-flow\" style=\"flex-basis:44%\">\n<div class=\"wp-block-cover\"><img decoding=\"async\" width=\"1440\" height=\"810\" class=\"wp-block-cover__image-background wp-image-325 size-full\" alt=\"digital environments\" src=\"https:\/\/vds-automate.com\/wp-content\/uploads\/2026\/03\/analytics-riq.jpg\" data-object-fit=\"cover\" srcset=\"https:\/\/vds-automate.com\/wp-content\/uploads\/2026\/03\/analytics-riq.jpg 1440w, https:\/\/vds-automate.com\/wp-content\/uploads\/2026\/03\/analytics-riq-300x169.jpg 300w, https:\/\/vds-automate.com\/wp-content\/uploads\/2026\/03\/analytics-riq-1024x576.jpg 1024w, https:\/\/vds-automate.com\/wp-content\/uploads\/2026\/03\/analytics-riq-768x432.jpg 768w\" sizes=\"(max-width: 1440px) 100vw, 1440px\" \/><span aria-hidden=\"true\" class=\"wp-block-cover__background has-background-dim\" style=\"background-color:#485f7e\"><\/span><div class=\"wp-block-cover__inner-container has-global-padding is-layout-constrained wp-block-cover-is-layout-constrained\"><\/div><\/div>\n<\/div>\n<\/div>\n<\/div>\n\n\n\n<div style=\"height:20px\" aria-hidden=\"true\" class=\"wp-block-spacer\"><\/div>\n\n\n\n<hr class=\"wp-block-separator has-alpha-channel-opacity\"\/>\n<\/div>\n\n\n\n<div style=\"height:20px\" aria-hidden=\"true\" class=\"wp-block-spacer\"><\/div>\n\n\n\n<div class=\"wp-block-group has-global-padding is-layout-constrained wp-block-group-is-layout-constrained\">\n<div class=\"wp-block-group has-global-padding is-layout-constrained wp-block-group-is-layout-constrained\">\n<div class=\"wp-block-group has-global-padding is-layout-constrained wp-block-group-is-layout-constrained\">\n<h2 class=\"wp-block-heading has-text-align-center has-secondary-color has-text-color has-link-color wp-elements-62f059bc65366a47fc63570731dfe2f3\">N\u00e1\u0161 p\u0159\u00edstup k automatiza\u010dn\u00edm projekt\u016fm<\/h2>\n<\/div>\n\n\n\n<div class=\"wp-block-group has-global-padding is-layout-constrained wp-block-group-is-layout-constrained\">\n<div class=\"wp-block-columns is-layout-flex wp-container-core-columns-is-layout-28f84493 wp-block-columns-is-layout-flex\">\n<div class=\"wp-block-column is-layout-flow wp-block-column-is-layout-flow\" style=\"flex-basis:44%\">\n<div class=\"wp-block-cover\"><img decoding=\"async\" width=\"509\" height=\"339\" class=\"wp-block-cover__image-background wp-image-315 size-full\" alt=\"implementation &amp; system integration\" src=\"https:\/\/vds-automate.com\/wp-content\/uploads\/2026\/03\/Working.jpg\" data-object-fit=\"cover\" srcset=\"https:\/\/vds-automate.com\/wp-content\/uploads\/2026\/03\/Working.jpg 509w, https:\/\/vds-automate.com\/wp-content\/uploads\/2026\/03\/Working-300x200.jpg 300w\" sizes=\"(max-width: 509px) 100vw, 509px\" \/><span aria-hidden=\"true\" class=\"wp-block-cover__background has-secondary-background-color has-background-dim-10 has-background-dim\"><\/span><div class=\"wp-block-cover__inner-container has-global-padding is-layout-constrained wp-block-cover-is-layout-constrained\"><\/div><\/div>\n<\/div>\n\n\n\n<div class=\"wp-block-column is-layout-flow wp-block-column-is-layout-flow\" style=\"flex-basis:56%\">\n<div class=\"wp-block-group is-layout-grid wp-container-core-group-is-layout-e766bbef wp-block-group-is-layout-grid\">\n<div class=\"wp-block-group has-global-padding is-layout-constrained wp-block-group-is-layout-constrained\">\n<p class=\"has-accent-4-color has-text-color has-link-color has-large-font-size wp-elements-f835c97c8c224c79ea29f26fddfdcd27\"><strong>01<\/strong><\/p>\n\n\n\n<h3 class=\"wp-block-heading has-secondary-color has-text-color has-link-color wp-elements-3e847d2401e9dac866f7a89f345157ae\">Obchodn\u00ed a syst\u00e9mov\u00e1 anal\u00fdza<\/h3>\n\n\n\n<p>Analyzujeme st\u00e1vaj\u00edc\u00ed pracovn\u00ed postupy, syst\u00e9my a datov\u00e9 toky, abychom pochopili provozn\u00ed \u00fazk\u00e1 hrdla.<\/p>\n<\/div>\n\n\n\n<div class=\"wp-block-group has-global-padding is-layout-constrained wp-block-group-is-layout-constrained\">\n<p class=\"has-accent-4-color has-text-color has-link-color has-large-font-size wp-elements-e7afdd3eef78774e98e3dfd4b4fe62c6\"><strong>02<\/strong><\/p>\n\n\n\n<h3 class=\"wp-block-heading has-secondary-color has-text-color has-link-color wp-elements-c84e7287d79dfe5b44319ff9231fc01b\">Implementace a syst\u00e9mov\u00e1 integrace<\/h3>\n\n\n\n<p>Automatizace, aplikace a integrace jsou implementov\u00e1ny s minim\u00e1ln\u00edm naru\u0161en\u00edm ka\u017edodenn\u00edho provozu.<\/p>\n<\/div>\n\n\n\n<div class=\"wp-block-group has-global-padding is-layout-constrained wp-block-group-is-layout-constrained\">\n<p class=\"has-accent-4-color has-text-color has-link-color has-large-font-size wp-elements-595fd330b4c8f735bc5a5190eb43b8ac\"><strong>03<\/strong><\/p>\n\n\n\n<h3 class=\"wp-block-heading has-secondary-color has-text-color has-link-color wp-elements-19f5f4c61e6d9ea17de41edeb8c448f4\">Architektura \u0159e\u0161en\u00ed<\/h3>\n\n\n\n<p>Navrhneme \u0161k\u00e1lovatelnou automatiza\u010dn\u00ed architekturu, kter\u00e1 se hod\u00ed do va\u0161eho obchodn\u00edho prost\u0159ed\u00ed.<\/p>\n<\/div>\n\n\n\n<div class=\"wp-block-group has-global-padding is-layout-constrained wp-block-group-is-layout-constrained\">\n<p class=\"has-accent-4-color has-text-color has-link-color has-large-font-size wp-elements-b7c0b7581bd96132c8faf37919be82a0\"><strong>04<\/strong><\/p>\n\n\n\n<h3 class=\"wp-block-heading has-secondary-color has-text-color has-link-color wp-elements-ef5db04981ce9104b3c49cae0b509876\">Optimalizace a \u0161k\u00e1lov\u00e1n\u00ed<\/h3>\n\n\n\n<p>Zdokonalujeme pracovn\u00ed postupy a roz\u0161i\u0159ujeme digit\u00e1ln\u00ed ekosyst\u00e9m s r\u016fstem firmy.<\/p>\n<\/div>\n<\/div>\n<\/div>\n<\/div>\n<\/div>\n\n\n\n<div style=\"height:44px\" aria-hidden=\"true\" class=\"wp-block-spacer\"><\/div>\n<\/div>\n\n\n\n<hr class=\"wp-block-separator has-alpha-channel-opacity\"\/>\n<\/div>\n\n\n\n<div style=\"height:44px\" aria-hidden=\"true\" class=\"wp-block-spacer\"><\/div>\n\n\n\n<div class=\"wp-block-group has-global-padding is-layout-constrained wp-block-group-is-layout-constrained\">\n<h2 class=\"wp-block-heading has-text-align-center has-secondary-color has-text-color has-link-color wp-elements-2fdcc0d9a6b6c4468afddc57b3822cda\">Skute\u010dn\u00e1 automatiza\u010dn\u00ed \u0159e\u0161en\u00ed<\/h2>\n\n\n\n<div class=\"wp-block-columns is-layout-flex wp-container-core-columns-is-layout-28f84493 wp-block-columns-is-layout-flex\">\n<div class=\"wp-block-column is-layout-flow wp-block-column-is-layout-flow\" style=\"box-shadow:var(--wp--preset--shadow--natural)\">\n<h3 class=\"wp-block-heading has-text-align-left has-secondary-color has-text-color has-link-color wp-elements-09f90f1c05dfb85d0a04ee0a5e612f7a\">Syst\u00e9m pro spr\u00e1vu e-mail\u016f pro vedouc\u00ed pracovn\u00edky<\/h3>\n\n\n\n<p class=\"has-secondary-color has-text-color has-link-color wp-elements-16262e29163d0e37e75f9a71d03419b1\">\u2714\ufe0f Nikdy nezme\u0161kejte d\u016fle\u017eit\u00e9 e-maily<\/p>\n\n\n\n<p class=\"has-secondary-color has-text-color has-link-color wp-elements-06995189fe8a3a5df7a3af2094b7be80\">\u2714\ufe0f Zkr\u00e1cen\u00ed zpo\u017ed\u011bn\u00ed odezvy<\/p>\n\n\n\n<p class=\"has-secondary-color has-text-color has-link-color wp-elements-f1a8ed9aa58ec8fb8f24752d2ae9f3d7\">\u2714\ufe0f Pln\u011b automatizovan\u00e9 sledov\u00e1n\u00ed<\/p>\n<\/div>\n\n\n\n<div class=\"wp-block-column is-layout-flow wp-block-column-is-layout-flow\" style=\"box-shadow:var(--wp--preset--shadow--natural)\">\n<h3 class=\"wp-block-heading has-text-align-left has-secondary-color has-text-color has-link-color wp-elements-a09448c6838d1524bf60001731e64de1\">R\u00e1mec pro \u0159\u00edzen\u00ed obchodn\u00edch dokument\u016f<\/h3>\n\n\n\n<p class=\"has-secondary-color has-text-color has-link-color wp-elements-4cc61fbef047d130149c135477bb42c6\">\u2714\ufe0f Strukturovan\u00e9 pracovn\u00ed postupy pro dokumenty<\/p>\n\n\n\n<p class=\"has-secondary-color has-text-color has-link-color wp-elements-bdd39d8fcb9aa087574a1bb7088b9e57\">\u2714\ufe0f Automatizovan\u00e9 sm\u011brov\u00e1n\u00ed a klasifikace<\/p>\n\n\n\n<p class=\"has-secondary-color has-text-color has-link-color wp-elements-c0b8d66b14edbe1e5a9c50309ac51b31\">\u2714\ufe0f Pln\u00e1 viditelnost auditu<\/p>\n<\/div>\n\n\n\n<div class=\"wp-block-column is-layout-flow wp-block-column-is-layout-flow\" style=\"box-shadow:var(--wp--preset--shadow--natural)\">\n<h3 class=\"wp-block-heading has-text-align-left has-secondary-color has-text-color has-link-color wp-elements-54aee3603016304024bd28aaf302d337\">Syst\u00e9m pro \u0159\u00edzen\u00ed invent\u00e1rn\u00ed inteligence<\/h3>\n\n\n\n<p class=\"has-secondary-color has-text-color has-link-color wp-elements-08c52084d4ee83b590614c24b744ef8d\">\u2714\ufe0f Automatick\u00e1 spr\u00e1va z\u00e1sob<\/p>\n\n\n\n<p class=\"has-secondary-color has-text-color has-link-color wp-elements-6f5d9067e72e988ca0f00b3671a75163\">\u2714\ufe0f Sledov\u00e1n\u00ed a reportov\u00e1n\u00ed expirace<\/p>\n\n\n\n<p class=\"has-secondary-color has-text-color has-link-color wp-elements-689e385495125a8576030ef508badbaa\">\u2714\ufe0f \u0160k\u00e1lovateln\u00e1 obchodn\u00ed logika<\/p>\n<\/div>\n<\/div>\n<\/div>\n\n\n\n<div class=\"wp-block-group alignwide has-global-padding is-layout-constrained wp-container-core-group-is-layout-c5888df1 wp-block-group-is-layout-constrained\" style=\"margin-top:0px;margin-bottom:0px;padding-top:var(--wp--preset--spacing--50);padding-right:0;padding-bottom:var(--wp--preset--spacing--50);padding-left:0\">\n<div class=\"wp-block-cover\"><img decoding=\"async\" width=\"948\" height=\"1024\" class=\"wp-block-cover__image-background wp-image-306 size-large\" alt=\"\" src=\"https:\/\/vds-automate.com\/wp-content\/uploads\/2026\/03\/DarkBG-948x1024.jpg\" data-object-fit=\"cover\" srcset=\"https:\/\/vds-automate.com\/wp-content\/uploads\/2026\/03\/DarkBG-948x1024.jpg 948w, https:\/\/vds-automate.com\/wp-content\/uploads\/2026\/03\/DarkBG-278x300.jpg 278w, https:\/\/vds-automate.com\/wp-content\/uploads\/2026\/03\/DarkBG-768x829.jpg 768w, https:\/\/vds-automate.com\/wp-content\/uploads\/2026\/03\/DarkBG-1422x1536.jpg 1422w, https:\/\/vds-automate.com\/wp-content\/uploads\/2026\/03\/DarkBG-1896x2048.jpg 1896w, https:\/\/vds-automate.com\/wp-content\/uploads\/2026\/03\/DarkBG.jpg 2000w\" sizes=\"(max-width: 948px) 100vw, 948px\" \/><span aria-hidden=\"true\" class=\"wp-block-cover__background has-button-hover-color-background-color has-background-dim\"><\/span><div class=\"wp-block-cover__inner-container has-global-padding is-layout-constrained wp-block-cover-is-layout-constrained\">\n<h2 class=\"wp-block-heading has-text-align-center\">Jste p\u0159ipraveni prodiskutovat va\u0161i strategii automatizace?<\/h2>\n\n\n\n<div style=\"height:20px\" aria-hidden=\"true\" class=\"wp-block-spacer\"><\/div>\n\n\n\n<hr class=\"wp-block-separator has-text-color has-base-color has-alpha-channel-opacity has-base-background-color has-background\"\/>\n\n\n\n<div style=\"height:20px\" aria-hidden=\"true\" class=\"wp-block-spacer\"><\/div>\n\n\n\n<div class=\"wp-block-buttons is-content-justification-center is-layout-flex wp-container-core-buttons-is-layout-a89b3969 wp-block-buttons-is-layout-flex\">\n<div class=\"wp-block-button\"><a class=\"wp-block-button__link wp-element-button\" href=\"https:\/\/vds-automate.com\/cs\/contact-us\/\">Rezervujte si konzultaci <\/a><\/div>\n<\/div>\n<\/div><\/div>\n<\/div>","protected":false},"excerpt":{"rendered":"<p>Our Philosophy We combine system architecture, workflow automation, and data-driven solutions to create a digital environment that supports long-term business. Platform-Agnostic Automation Philosophy Modern automation ecosystems rarely rely on a single platform. Effective digital environments combine multiple technologies, cloud services, and integration tools to create flexible and scalable systems. At VDS Automate, we design platform-agnostic [&hellip;]<\/p>\n","protected":false},"author":1,"featured_media":0,"parent":0,"menu_order":0,"comment_status":"closed","ping_status":"closed","template":"","meta":{"footnotes":""},"class_list":["post-64","page","type-page","status-publish","hentry"],"_hostinger_reach_plugin_has_subscription_block":false,"_hostinger_reach_plugin_is_elementor":false,"_links":{"self":[{"href":"https:\/\/vds-automate.com\/cs\/wp-json\/wp\/v2\/pages\/64","targetHints":{"allow":["GET"]}}],"collection":[{"href":"https:\/\/vds-automate.com\/cs\/wp-json\/wp\/v2\/pages"}],"about":[{"href":"https:\/\/vds-automate.com\/cs\/wp-json\/wp\/v2\/types\/page"}],"author":[{"embeddable":true,"href":"https:\/\/vds-automate.com\/cs\/wp-json\/wp\/v2\/users\/1"}],"replies":[{"embeddable":true,"href":"https:\/\/vds-automate.com\/cs\/wp-json\/wp\/v2\/comments?post=64"}],"version-history":[{"count":29,"href":"https:\/\/vds-automate.com\/cs\/wp-json\/wp\/v2\/pages\/64\/revisions"}],"predecessor-version":[{"id":511,"href":"https:\/\/vds-automate.com\/cs\/wp-json\/wp\/v2\/pages\/64\/revisions\/511"}],"wp:attachment":[{"href":"https:\/\/vds-automate.com\/cs\/wp-json\/wp\/v2\/media?parent=64"}],"curies":[{"name":"wp","href":"https:\/\/api.w.org\/{rel}","templated":true}]}}