{"id":66,"date":"2026-02-27T12:38:44","date_gmt":"2026-02-27T11:38:44","guid":{"rendered":"https:\/\/vds-automate.com\/?page_id=66"},"modified":"2026-04-13T17:48:29","modified_gmt":"2026-04-13T16:48:29","slug":"contact","status":"publish","type":"page","link":"https:\/\/vds-automate.com\/cs\/contact\/","title":{"rendered":"Kontakt"},"content":{"rendered":"\n<div class=\"wp-block-group has-global-padding is-layout-constrained wp-block-group-is-layout-constrained\">\n<h1 class=\"wp-block-heading has-text-align-center has-secondary-color has-text-color has-link-color wp-elements-1139788311ab3fbcd73cfb2e61938707\">Contact VDS Automate to streamline your business processes.<\/h1>\n\n\n\n<p class=\"has-text-align-center\">Discover how automation can reduce manual work, save time, and scale your business faster.<\/p>\n<\/div>\n\n\n\n<div class=\"wp-block-group wow animate__animated animate__fadeInUp has-global-padding is-layout-constrained wp-block-group-is-layout-constrained\" style=\"margin-top:0;margin-bottom:0;padding-top:var(--wp--preset--spacing--50);padding-bottom:var(--wp--preset--spacing--50)\">\n<div class=\"wp-block-columns are-vertically-aligned-center is-layout-flex wp-container-core-columns-is-layout-7fc3d43a wp-block-columns-is-layout-flex\">\n<div class=\"wp-block-column is-vertically-aligned-center wow animate__animated animate__fadeInUp is-layout-flow wp-block-column-is-layout-flow\" style=\"flex-basis:45%\">\n<div class=\"wp-block-group has-global-padding is-layout-constrained wp-block-group-is-layout-constrained\" style=\"margin-top:0;margin-bottom:0;padding-top:0;padding-bottom:0\">\n<p class=\"has-text-align-left\" style=\"margin-top:0;margin-bottom:0\"><mark style=\"background-color:rgba(0, 0, 0, 0);color:#01a4ef\" class=\"has-inline-color\">Contact Us<\/mark><\/p>\n\n\n\n<h2 class=\"wp-block-heading has-text-align-left has-secondary-color has-text-color has-link-color has-body-font-family wp-elements-0e8ff4dbf7ac16f8e34d303523f1a17b\" style=\"margin-top:0;font-size:clamp(20px, 1.25rem + ((1vw - 3.2px) * 1.25), 32px);font-style:normal;font-weight:600;line-height:1.2\">Get in Touch With Us<\/h2>\n\n\n\n<p><strong>Billing address: <\/strong>V Ol\u0161in\u00e1ch 1031\/36,<\/p>\n\n\n\n<p style=\"margin-top:10px;margin-bottom:0\">Prague, 100 00, Czech Republic <\/p>\n\n\n\n<p style=\"margin-top:10px;margin-bottom:0\"><strong>ID:<\/strong> 60739461<\/p>\n\n\n\n<p style=\"margin-top:10px;margin-bottom:0\"><strong>\ud83d\udcf2:<\/strong> +420 775073772<\/p>\n\n\n\n<p style=\"margin-top:10px;margin-bottom:0\">\ud83d\udce7: contact@vds-automate.com<\/p>\n\n\n\n<ul class=\"wp-block-social-links is-layout-flex wp-block-social-links-is-layout-flex\"><li class=\"wp-social-link wp-social-link-linkedin  wp-block-social-link\"><a href=\"https:\/\/www.linkedin.com\/company\/vds-automate\/\" class=\"wp-block-social-link-anchor\" target=\"_blank\" rel=\"noopener\"><svg width=\"24\" height=\"24\" viewBox=\"0 0 24 24\" version=\"1.1\" xmlns=\"http:\/\/www.w3.org\/2000\/svg\" aria-hidden=\"true\" focusable=\"false\"><path d=\"M19.7,3H4.3C3.582,3,3,3.582,3,4.3v15.4C3,20.418,3.582,21,4.3,21h15.4c0.718,0,1.3-0.582,1.3-1.3V4.3 C21,3.582,20.418,3,19.7,3z M8.339,18.338H5.667v-8.59h2.672V18.338z M7.004,8.574c-0.857,0-1.549-0.694-1.549-1.548 c0-0.855,0.691-1.548,1.549-1.548c0.854,0,1.547,0.694,1.547,1.548C8.551,7.881,7.858,8.574,7.004,8.574z M18.339,18.338h-2.669 v-4.177c0-0.996-0.017-2.278-1.387-2.278c-1.389,0-1.601,1.086-1.601,2.206v4.249h-2.667v-8.59h2.559v1.174h0.037 c0.356-0.675,1.227-1.387,2.526-1.387c2.703,0,3.203,1.779,3.203,4.092V18.338z\"><\/path><\/svg><span class=\"wp-block-social-link-label screen-reader-text\">LinkedIn<\/span><\/a><\/li><\/ul>\n\n\n\n<p style=\"margin-top:10px;margin-bottom:0\">\ud83d\udd58<strong>Availability:<\/strong><\/p>\n\n\n\n<p style=\"margin-top:10px;margin-bottom:0\">Monday &#8211; Friday<\/p>\n\n\n\n<p style=\"margin-top:10px;margin-bottom:0\">9:00 &#8211; 18:00 CET<\/p>\n<\/div>\n<\/div>\n\n\n\n<div class=\"wp-block-column is-vertically-aligned-center wow animate__animated animate__fadeInUp is-layout-flow wp-block-column-is-layout-flow\">\n<figure class=\"wp-block-image size-full has-custom-border\"><img decoding=\"async\" width=\"474\" height=\"330\" src=\"https:\/\/vds-automate.com\/wp-content\/uploads\/2026\/03\/OfficeBuilding.webp\" alt=\"Contact VDS Automate | Office\" class=\"wp-image-500\" style=\"border-radius:8px\" srcset=\"https:\/\/vds-automate.com\/wp-content\/uploads\/2026\/03\/OfficeBuilding.webp 474w, https:\/\/vds-automate.com\/wp-content\/uploads\/2026\/03\/OfficeBuilding-300x209.webp 300w, https:\/\/vds-automate.com\/wp-content\/uploads\/2026\/03\/OfficeBuilding-18x12.webp 18w\" sizes=\"(max-width: 474px) 100vw, 474px\" \/><\/figure>\n<\/div>\n<\/div>\n<\/div>\n\n\n\n<div class=\"wp-block-group has-global-padding is-layout-constrained wp-block-group-is-layout-constrained\">\n<hr class=\"wp-block-separator has-alpha-channel-opacity\"\/>\n\n\n\n<h3 class=\"wp-block-heading has-text-align-center has-secondary-color has-text-color has-link-color wp-elements-f25881c1971829b1f741e5e443dd0bcb\">Have a project in mind or looking to improve your business process through automation and digital systems?<\/h3>\n\n\n\n<p class=\"has-text-align-center\">We would be happy to discuss your goals and explore how structured digital solutions can support your business.<\/p>\n<\/div>\n\n\n\n<div class=\"wp-block-group has-global-padding is-layout-constrained wp-block-group-is-layout-constrained\">\n<h2 class=\"wp-block-heading has-text-align-center has-secondary-color has-text-color has-link-color wp-elements-31cfa265b347382ffb7480471c103562\">Let&#8217;s Automate Your Business<\/h2>\n\n\n\n<p class=\"has-text-align-center\">Cast aside your doubts and start implementing automation today!<\/p>\n<\/div>\n\n\n\n<div class=\"wp-block-group has-global-padding is-layout-constrained wp-block-group-is-layout-constrained\">\n<h3 class=\"wp-block-heading has-text-align-center has-secondary-color has-text-color has-link-color wp-elements-adcbcce9aaab3e205dbdd0f9423dc6c8\">Send Message:<\/h3>\n<\/div>\n\n\n\n<hr class=\"wp-block-separator has-alpha-channel-opacity is-style-wide\"\/>\n\n\n\n<div class=\"wp-block-columns is-layout-flex wp-container-core-columns-is-layout-28f84493 wp-block-columns-is-layout-flex\">\n<div class=\"wp-block-column is-layout-flow wp-block-column-is-layout-flow\">\n<div class=\"wp-block-group has-global-padding is-layout-constrained wp-block-group-is-layout-constrained\"><style id=\"wpforms-css-vars-259-block-b3d632e0-684b-4558-8388-f2c5431d613f\">\n\t\t\t\t#wpforms-259.wpforms-block-b3d632e0-684b-4558-8388-f2c5431d613f {\n\t\t\t\t--wpforms-field-size-input-height: 43px;\n--wpforms-field-size-input-spacing: 15px;\n--wpforms-field-size-font-size: 16px;\n--wpforms-field-size-line-height: 19px;\n--wpforms-field-size-padding-h: 14px;\n--wpforms-field-size-checkbox-size: 16px;\n--wpforms-field-size-sublabel-spacing: 5px;\n--wpforms-field-size-icon-size: 1;\n--wpforms-label-size-font-size: 16px;\n--wpforms-label-size-line-height: 19px;\n--wpforms-label-size-sublabel-font-size: 14px;\n--wpforms-label-size-sublabel-line-height: 17px;\n--wpforms-button-size-font-size: 17px;\n--wpforms-button-size-height: 41px;\n--wpforms-button-size-padding-h: 15px;\n--wpforms-button-size-margin-top: 10px;\n\t\t\t}\n\t\t\t<\/style><div class=\"wpforms-container wpforms-container-full wpforms-block wpforms-block-b3d632e0-684b-4558-8388-f2c5431d613f wpforms-render-modern\" id=\"wpforms-259\"><form id=\"wpforms-form-259\" class=\"wpforms-validate wpforms-form wpforms-ajax-form\" data-formid=\"259\" method=\"post\" enctype=\"multipart\/form-data\" action=\"\/cs\/wp-json\/wp\/v2\/pages\/66\" data-token=\"fbe9840398bd60a756c05329bed7e471\" data-token-time=\"1776625981\"><noscript class=\"wpforms-error-noscript\">Chcete-li vyplnit tento formul\u00e1\u0159, pros\u00edm povolte v prohl\u00ed\u017ee\u010di JavaScript.<\/noscript><div id=\"wpforms-error-noscript\" style=\"display: none;\">Chcete-li vyplnit tento formul\u00e1\u0159, pros\u00edm povolte v prohl\u00ed\u017ee\u010di JavaScript.<\/div><div class=\"wpforms-field-container\"><div id=\"wpforms-259-field_1-container\" class=\"wpforms-field wpforms-field-name\" data-field-id=\"1\"><fieldset><legend class=\"wpforms-field-label\">Name <span class=\"wpforms-required-label\" aria-hidden=\"true\">*<\/span><\/legend><div class=\"wpforms-field-row wpforms-field-medium\"><div class=\"wpforms-field-row-block wpforms-first wpforms-one-half\"><input type=\"text\" id=\"wpforms-259-field_1\" class=\"wpforms-field-name-first wpforms-field-required\" name=\"wpforms[fields][1][first]\" aria-errormessage=\"wpforms-259-field_1-error\" required><label for=\"wpforms-259-field_1\" class=\"wpforms-field-sublabel after\">K\u0159estn\u00ed jm\u00e9no<\/label><\/div><div class=\"wpforms-field-row-block wpforms-one-half\"><input type=\"text\" id=\"wpforms-259-field_1-last\" class=\"wpforms-field-name-last wpforms-field-required\" name=\"wpforms[fields][1][last]\" aria-errormessage=\"wpforms-259-field_1-last-error\" required><label for=\"wpforms-259-field_1-last\" class=\"wpforms-field-sublabel after\">P\u0159\u00edjmen\u00ed<\/label><\/div><\/div><\/fieldset><\/div>\t\t<div id=\"wpforms-259-field_6-container\"\n\t\t\tclass=\"wpforms-field wpforms-field-text\"\n\t\t\tdata-field-type=\"text\"\n\t\t\tdata-field-id=\"6\"\n\t\t\t>\n\t\t\t<label class=\"wpforms-field-label\" for=\"wpforms-259-field_6\" >Service of Comment<\/label>\n\t\t\t<input type=\"text\" id=\"wpforms-259-field_6\" class=\"wpforms-field-medium\" name=\"wpforms[fields][6]\" >\n\t\t<\/div>\n\t\t<div id=\"wpforms-259-field_2-container\" class=\"wpforms-field wpforms-field-email\" data-field-id=\"2\"><label class=\"wpforms-field-label\" for=\"wpforms-259-field_2\">Email <span class=\"wpforms-required-label\" aria-hidden=\"true\">*<\/span><\/label><input type=\"email\" id=\"wpforms-259-field_2\" class=\"wpforms-field-medium wpforms-field-required\" name=\"wpforms[fields][2]\" spellcheck=\"false\" aria-errormessage=\"wpforms-259-field_2-error\" required><\/div><div id=\"wpforms-259-field_4-container\" class=\"wpforms-field wpforms-field-text\" data-field-id=\"4\"><label class=\"wpforms-field-label\" for=\"wpforms-259-field_4\">Company Name<\/label><input type=\"text\" id=\"wpforms-259-field_4\" class=\"wpforms-field-medium\" name=\"wpforms[fields][4]\" aria-errormessage=\"wpforms-259-field_4-error\" ><\/div><div id=\"wpforms-259-field_5-container\" class=\"wpforms-field wpforms-field-select wpforms-field-select-style-classic\" data-field-id=\"5\"><label class=\"wpforms-field-label\" for=\"wpforms-259-field_5\">Service of Interest<\/label><select id=\"wpforms-259-field_5\" class=\"wpforms-field-medium\" name=\"wpforms[fields][5]\"><option value=\"Business Applications &amp; Digital Platforms\"  selected='selected' class=\"choice-1 depth-1\"  >Business Applications &amp; Digital Platforms<\/option><option value=\"System Integratin &amp; Automation\"  class=\"choice-4 depth-1\"  >System Integratin &amp; Automation<\/option><option value=\"Info &amp; Document Management\"  class=\"choice-2 depth-1\"  >Info &amp; Document Management<\/option><option value=\"SharePoint &amp; Power Pages Solutions\"  class=\"choice-3 depth-1\"  >SharePoint &amp; Power Pages Solutions<\/option><option value=\"Digital Architecture &amp; Consulting\"  class=\"choice-5 depth-1\"  >Digital Architecture &amp; Consulting<\/option><option value=\"Web Development &amp; Digital Systems\"  class=\"choice-6 depth-1\"  >Web Development &amp; Digital Systems<\/option><option value=\"Not sure yet\"  class=\"choice-7 depth-1\"  >Not sure yet<\/option><\/select><\/div><div id=\"wpforms-259-field_3-container\" class=\"wpforms-field wpforms-field-textarea\" data-field-id=\"3\"><label class=\"wpforms-field-label\" for=\"wpforms-259-field_3\">Comment or Message<\/label><textarea id=\"wpforms-259-field_3\" class=\"wpforms-field-medium\" name=\"wpforms[fields][3]\" aria-errormessage=\"wpforms-259-field_3-error\" ><\/textarea><\/div><script>\n\t\t\t\t( function() {\n\t\t\t\t\tconst style = document.createElement( 'style' );\n\t\t\t\t\tstyle.appendChild( document.createTextNode( '#wpforms-259-field_6-container { position: absolute !important; overflow: hidden !important; display: inline !important; height: 1px !important; width: 1px !important; z-index: -1000 !important; padding: 0 !important; } #wpforms-259-field_6-container input { visibility: hidden; } #wpforms-conversational-form-page #wpforms-259-field_6-container label { counter-increment: none; }' ) );\n\t\t\t\t\tdocument.head.appendChild( style );\n\t\t\t\t\tdocument.currentScript?.remove();\n\t\t\t\t} )();\n\t\t\t<\/script><\/div><!-- .wpforms-field-container --><div class=\"wpforms-submit-container\" ><input type=\"hidden\" name=\"wpforms[id]\" value=\"259\"><input type=\"hidden\" name=\"page_title\" value=\"\"><input type=\"hidden\" name=\"page_url\" value=\"https:\/\/vds-automate.com\/cs\/wp-json\/wp\/v2\/pages\/66\"><input type=\"hidden\" name=\"url_referer\" value=\"\"><button type=\"submit\" name=\"wpforms[submit]\" id=\"wpforms-submit-259\" class=\"wpforms-submit\" data-alt-text=\"Sending...\" data-submit-text=\"Submit\" aria-live=\"assertive\" value=\"wpforms-submit\">Submit<\/button><img decoding=\"async\" src=\"https:\/\/vds-automate.com\/wp-content\/plugins\/wpforms-lite\/assets\/images\/submit-spin.svg\" class=\"wpforms-submit-spinner\" style=\"display: none;\" width=\"26\" height=\"26\" alt=\"Na\u010d\u00edt\u00e1n\u00ed\"><\/div><\/form><\/div>  <!-- .wpforms-container --><\/div>\n<\/div>\n<\/div>\n\n\n\n<hr class=\"wp-block-separator has-alpha-channel-opacity is-style-wide\"\/>\n\n\n\n<div class=\"wp-block-group wow animate__animated animate__fadeInUp has-global-padding is-layout-constrained wp-block-group-is-layout-constrained\" style=\"margin-top:0;margin-bottom:0;padding-top:var(--wp--preset--spacing--30);padding-bottom:var(--wp--preset--spacing--30)\">\n<div class=\"wp-block-group is-nowrap is-layout-flex wp-container-core-group-is-layout-877c468d wp-block-group-is-layout-flex\">\n<figure class=\"wp-block-image size-full\"><img decoding=\"async\" width=\"663\" height=\"659\" src=\"https:\/\/vds-automate.com\/wp-content\/uploads\/2026\/03\/logoJet-16.png\" alt=\" VDS Automate Logo\" class=\"wp-image-265\" srcset=\"https:\/\/vds-automate.com\/wp-content\/uploads\/2026\/03\/logoJet-16.png 663w, https:\/\/vds-automate.com\/wp-content\/uploads\/2026\/03\/logoJet-16-300x298.png 300w, https:\/\/vds-automate.com\/wp-content\/uploads\/2026\/03\/logoJet-16-150x150.png 150w\" sizes=\"(max-width: 663px) 100vw, 663px\" \/><\/figure>\n\n\n\n<figure class=\"wp-block-image size-full\"><img decoding=\"async\" width=\"663\" height=\"659\" src=\"https:\/\/vds-automate.com\/wp-content\/uploads\/2026\/03\/logoJet-16.png\" alt=\"VDS Automate Logo\" class=\"wp-image-265\" srcset=\"https:\/\/vds-automate.com\/wp-content\/uploads\/2026\/03\/logoJet-16.png 663w, https:\/\/vds-automate.com\/wp-content\/uploads\/2026\/03\/logoJet-16-300x298.png 300w, https:\/\/vds-automate.com\/wp-content\/uploads\/2026\/03\/logoJet-16-150x150.png 150w\" sizes=\"(max-width: 663px) 100vw, 663px\" \/><\/figure>\n\n\n\n<figure class=\"wp-block-image size-full\"><img decoding=\"async\" width=\"663\" height=\"659\" src=\"https:\/\/vds-automate.com\/wp-content\/uploads\/2026\/03\/logoJet-16.png\" alt=\"VDS Automate Branding\" class=\"wp-image-265\" srcset=\"https:\/\/vds-automate.com\/wp-content\/uploads\/2026\/03\/logoJet-16.png 663w, https:\/\/vds-automate.com\/wp-content\/uploads\/2026\/03\/logoJet-16-300x298.png 300w, https:\/\/vds-automate.com\/wp-content\/uploads\/2026\/03\/logoJet-16-150x150.png 150w\" sizes=\"(max-width: 663px) 100vw, 663px\" \/><\/figure>\n\n\n\n<figure class=\"wp-block-image size-full\"><img decoding=\"async\" width=\"663\" height=\"659\" src=\"https:\/\/vds-automate.com\/wp-content\/uploads\/2026\/03\/logoJet-16.png\" alt=\"VDS Automate Brands\n\" class=\"wp-image-265\" srcset=\"https:\/\/vds-automate.com\/wp-content\/uploads\/2026\/03\/logoJet-16.png 663w, https:\/\/vds-automate.com\/wp-content\/uploads\/2026\/03\/logoJet-16-300x298.png 300w, https:\/\/vds-automate.com\/wp-content\/uploads\/2026\/03\/logoJet-16-150x150.png 150w\" sizes=\"(max-width: 663px) 100vw, 663px\" \/><\/figure>\n\n\n\n<figure class=\"wp-block-image size-full\"><img decoding=\"async\" width=\"663\" height=\"659\" src=\"https:\/\/vds-automate.com\/wp-content\/uploads\/2026\/03\/logoJet-16.png\" alt=\"VDS Automate Logo\" class=\"wp-image-265\" srcset=\"https:\/\/vds-automate.com\/wp-content\/uploads\/2026\/03\/logoJet-16.png 663w, https:\/\/vds-automate.com\/wp-content\/uploads\/2026\/03\/logoJet-16-300x298.png 300w, https:\/\/vds-automate.com\/wp-content\/uploads\/2026\/03\/logoJet-16-150x150.png 150w\" sizes=\"(max-width: 663px) 100vw, 663px\" \/><\/figure>\n\n\n\n<figure class=\"wp-block-image size-full\"><img decoding=\"async\" width=\"663\" height=\"659\" src=\"https:\/\/vds-automate.com\/wp-content\/uploads\/2026\/03\/logoJet-16.png\" alt=\"VDS Automate Branding\" class=\"wp-image-265\" srcset=\"https:\/\/vds-automate.com\/wp-content\/uploads\/2026\/03\/logoJet-16.png 663w, https:\/\/vds-automate.com\/wp-content\/uploads\/2026\/03\/logoJet-16-300x298.png 300w, https:\/\/vds-automate.com\/wp-content\/uploads\/2026\/03\/logoJet-16-150x150.png 150w\" sizes=\"(max-width: 663px) 100vw, 663px\" \/><\/figure>\n<\/div>\n<\/div>\n","protected":false},"excerpt":{"rendered":"<p>Contact VDS Automate to streamline your business processes. Discover how automation can reduce manual work, save time, and scale your business faster. Contact Us Get in Touch With Us Billing address: V Ol\u0161in\u00e1ch 1031\/36, Prague, 100 00, Czech Republic ID: 60739461 \ud83d\udcf2: +420 775073772 \ud83d\udce7: contact@vds-automate.com \ud83d\udd58Availability: Monday &#8211; Friday 9:00 &#8211; 18:00 CET Have [&hellip;]<\/p>\n","protected":false},"author":2,"featured_media":0,"parent":0,"menu_order":0,"comment_status":"closed","ping_status":"closed","template":"","meta":{"footnotes":""},"class_list":["post-66","page","type-page","status-publish","hentry"],"_hostinger_reach_plugin_has_subscription_block":false,"_hostinger_reach_plugin_is_elementor":false,"_links":{"self":[{"href":"https:\/\/vds-automate.com\/cs\/wp-json\/wp\/v2\/pages\/66","targetHints":{"allow":["GET"]}}],"collection":[{"href":"https:\/\/vds-automate.com\/cs\/wp-json\/wp\/v2\/pages"}],"about":[{"href":"https:\/\/vds-automate.com\/cs\/wp-json\/wp\/v2\/types\/page"}],"author":[{"embeddable":true,"href":"https:\/\/vds-automate.com\/cs\/wp-json\/wp\/v2\/users\/2"}],"replies":[{"embeddable":true,"href":"https:\/\/vds-automate.com\/cs\/wp-json\/wp\/v2\/comments?post=66"}],"version-history":[{"count":25,"href":"https:\/\/vds-automate.com\/cs\/wp-json\/wp\/v2\/pages\/66\/revisions"}],"predecessor-version":[{"id":536,"href":"https:\/\/vds-automate.com\/cs\/wp-json\/wp\/v2\/pages\/66\/revisions\/536"}],"wp:attachment":[{"href":"https:\/\/vds-automate.com\/cs\/wp-json\/wp\/v2\/media?parent=66"}],"curies":[{"name":"wp","href":"https:\/\/api.w.org\/{rel}","templated":true}]}}